{"id":72675,"date":"2020-11-23T12:26:34","date_gmt":"2020-11-23T11:26:34","guid":{"rendered":"https:\/\/aprifel-pp.mentalworks.biz\/?page_id=72675"},"modified":"2020-11-23T12:31:16","modified_gmt":"2020-11-23T11:31:16","slug":"conseil-consommateurs","status":"publish","type":"page","link":"https:\/\/aprifel-pp.mentalworks.biz\/fr\/conseil-consommateurs\/","title":{"rendered":"Conseil Consommateurs"},"content":{"rendered":"<div id=\"pl-72675\"  class=\"panel-layout\" ><div id=\"pg-72675-0\"  class=\"panel-grid panel-no-style\" ><div id=\"pgc-72675-0-0\"  class=\"panel-grid-cell\" ><div id=\"panel-72675-0-0-0\" class=\"so-panel widget widget_sow-editor panel-first-child panel-last-child\" data-index=\"0\" ><div\n\t\t\t\n\t\t\tclass=\"so-widget-sow-editor so-widget-sow-editor-base\"\n\t\t\t\n\t\t>\n<div class=\"siteorigin-widget-tinymce textwidget\">\n\t<h3>R\u00e9pondre aux questions de la soci\u00e9t\u00e9<\/h3>\n<p>Formation des prix, d\u00e9terminants de la consommation alimentaire, qualit\u00e9 gustative des fruits et l\u00e9gumes, gaspillage alimentaire ou encore modes de production sont autant de sujets qui ont \u00e9t\u00e9 trait\u00e9s dans le cadre du Conseil consommateurs.<br \/>\nPour chaque th\u00e8me, des conf\u00e9rences scientifiques, des visites de terrain ou encore le t\u00e9moignage de professionnels ont permis de r\u00e9pondre aux questions des associations. Depuis 2016, une matin\u00e9e du Conseil consommateurs, ouverte \u00e0 tous est organis\u00e9e une fois par an. D\u00e9di\u00e9s \u00e0 un th\u00e8me donn\u00e9, ces \u00e9v\u00e8nements constituent de v\u00e9ritables mini-colloques.<\/p>\n<h3>Produire des documents pratiques, utiles \u00e0 tous<\/h3>\n<p>Les membres du conseil se sont engag\u00e9s \u00e0 ne jamais prendre de positions communes. C\u2019est un espace de dialogue, chaque membre restant libre dans le traitement des informations recueillies. Cependant, pour certains sujets, les membres du conseil ont jug\u00e9 pertinent de synth\u00e9tiser leurs travaux sous forme de documents largement partag\u00e9s.<br \/>\nSur la question du gaspillage alimentaire, par exemple, deux guides pratiques ont \u00e9t\u00e9 r\u00e9alis\u00e9s dans le cadre d\u2019un groupe de travail r\u00e9unissant six associations (<span class='tooltipsall tooltip_post_id_80957 classtoolTips80957'>ADEIC<\/span>,<br \/>\nAFOC, CLCV, Familles de France, Familles rurales, UNAF).<br \/>\nDeux synth\u00e8ses ont \u00e9galement \u00e9t\u00e9 publi\u00e9es dans la revue Equation Nutrition.<\/p>\n<h3>Intervenir en appui des actions des associations<\/h3>\n<p>Depuis 2017, plusieurs membres du Conseil Consommateurs ont souhait\u00e9 renforcer leurs liens avec Aprifel en sollicitant son appui pour leurs propres actions. Mise en place de stands d\u2019information, appui scientifique pour la r\u00e9alisation d\u2019\u00e9tudes ou d\u2019outils p\u00e9dagogiques\u2026Les actions r\u00e9alis\u00e9es dans ce cadre peuvent prendre des formes tr\u00e8s diverses.<\/p>\n<\/div>\n<\/div><\/div><\/div><div id=\"pgc-72675-0-1\"  class=\"panel-grid-cell\" ><div id=\"panel-72675-0-1-0\" class=\"so-panel widget widget_sow-editor panel-first-child\" data-index=\"1\" ><div\n\t\t\t\n\t\t\tclass=\"so-widget-sow-editor so-widget-sow-editor-base\"\n\t\t\t\n\t\t>\n<div class=\"siteorigin-widget-tinymce textwidget\">\n\t<h3>Composition du Conseil consommateurs<\/h3>\n<p>Association d\u2019Education et d\u2019Information du Consommateur \u2013 <span class='tooltipsall tooltip_post_id_80957 classtoolTips80957'>ADEIC<\/span><br \/>\nRepr\u00e9sentant : Jean-Louis BLANC<\/p>\n<p>Association Force Ouvri\u00e8re Consommateur \u2013 AFOC<br \/>\nRepr\u00e9sentant : Val\u00e9rie CHARTIER<\/p>\n<p>Association L\u00e9o-Lagrange pour la D\u00e9fense des Consommateurs \u2013 ALLDC<br \/>\nRepr\u00e9sentant : G\u00e9rard SCHREPFER<\/p>\n<p>Association pour l\u2019Information et la D\u00e9fense des Consommateurs - INDECOSA C.G.T<br \/>\nRepr\u00e9sentant : Pascale BONNET<\/p>\n<p>Conf\u00e9d\u00e9ration de la Consommation du Logement et du Cadre de Vie - CLCV<br \/>\nRepr\u00e9sentant : Lisa FAULET<\/p>\n<p>Conf\u00e9d\u00e9ration Nationale des Associations Familiales Catholiques \u2013 CNAFC<br \/>\nRepr\u00e9sentant : Armand de JESSEY<\/p>\n<p>Conf\u00e9d\u00e9ration Syndicale des Familles \u2013 CSF<br \/>\nRepr\u00e9sentant : Laura GERARD<\/p>\n<p>Conseil National des Associations Familiales la\u00efques - CNAFAL<br \/>\nRepr\u00e9sentant : Patrick CHARRON<\/p>\n<p>Familles de France<br \/>\nRepr\u00e9sentants : Virginie DURIN<\/p>\n<p>Familles Rurales<br \/>\nRepr\u00e9sentant : Anne LEGENTIL<\/p>\n<p>Union Nationale des Associations Familiales - UNAF<br \/>\nRepr\u00e9sentant : Simone SITBON<\/p>\n<\/div>\n<\/div><\/div><div id=\"panel-72675-0-1-1\" class=\"so-panel widget widget_sow-editor panel-last-child\" data-index=\"2\" ><div class=\"panel-widget-style panel-widget-style-for-72675-0-1-1\" ><div\n\t\t\t\n\t\t\tclass=\"so-widget-sow-editor so-widget-sow-editor-base\"\n\t\t\t\n\t\t>\n<div class=\"siteorigin-widget-tinymce textwidget\">\n\t<p>Les pr\u00e9sidents du conseil consommateur<br \/>\nDepuis 2018 : Magali Jannoyer, adjointe au Directeur G\u00e9n\u00e9ral D\u00e9l\u00e9gu\u00e9 \u00e0 la Recherche et \u00e0 la Strat\u00e9gie (DGDRS) du Cirad<br \/>\nDe 2013 \u00e0 2017, Nicolas Bricas, socio-\u00e9conomiste Directeur de la Chaire Unesco Alimentations du Monde au Cirad<br \/>\nDe 2009 \u00e0 2013 : Bernard Chevassus-au-Louis, Inspecteur G\u00e9n\u00e9ral au Minist\u00e8re de l\u2019Agriculture. <\/p>\n<\/div>\n<\/div><\/div><\/div><\/div><\/div><\/div>","protected":false},"excerpt":{"rendered":"R\u00e9pondre aux questions de la soci\u00e9t\u00e9 Formation des prix, d\u00e9terminants de la consommation alimentaire, qualit\u00e9 gustative des fruits et l\u00e9gumes, gaspillage alimentaire ou encore modes de production sont autant de sujets qui ont \u00e9t\u00e9 trait\u00e9s dans le cadre du Conseil consommateurs. Pour chaque th\u00e8me, des conf\u00e9rences scientifiques, des visites de terrain ou encore le t\u00e9moignage [&hellip;]","protected":false},"author":22,"featured_media":0,"parent":0,"menu_order":38,"comment_status":"closed","ping_status":"closed","template":"","meta":{"_acf_changed":false,"footnotes":""},"class_list":["post-72675","page","type-page","status-publish","hentry"],"acf":[],"yoast_head":"<!-- This site is optimized with the Yoast SEO Premium plugin v23.6 (Yoast SEO v23.6) - https:\/\/yoast.com\/wordpress\/plugins\/seo\/ -->\n<title>Conseil Consommateurs - Aprifel<\/title>\n<meta name=\"description\" content=\"Conseil Consommateurs - Aprifel\" \/>\n<meta name=\"robots\" content=\"index, follow, max-snippet:-1, max-image-preview:large, max-video-preview:-1\" \/>\n<link rel=\"canonical\" href=\"https:\/\/aprifel-pp.mentalworks.biz\/fr\/conseil-consommateurs\/\" \/>\n<meta property=\"og:locale\" content=\"fr_FR\" \/>\n<meta property=\"og:type\" content=\"article\" \/>\n<meta property=\"og:title\" content=\"Conseil Consommateurs\" \/>\n<meta property=\"og:description\" content=\"Conseil Consommateurs\" \/>\n<meta property=\"og:url\" content=\"https:\/\/aprifel-pp.mentalworks.biz\/fr\/conseil-consommateurs\/\" \/>\n<meta property=\"og:site_name\" content=\"Aprifel\" \/>\n<meta property=\"article:modified_time\" content=\"2020-11-23T11:31:16+00:00\" \/>\n<meta name=\"twitter:card\" content=\"summary_large_image\" \/>\n<meta name=\"twitter:label1\" content=\"Dur\u00e9e de lecture estim\u00e9e\" \/>\n\t<meta name=\"twitter:data1\" content=\"2 minutes\" \/>\n<script type=\"application\/ld+json\" class=\"yoast-schema-graph\">{\"@context\":\"https:\/\/schema.org\",\"@graph\":[{\"@type\":\"WebPage\",\"@id\":\"https:\/\/aprifel-pp.mentalworks.biz\/fr\/conseil-consommateurs\/\",\"url\":\"https:\/\/aprifel-pp.mentalworks.biz\/fr\/conseil-consommateurs\/\",\"name\":\"Conseil Consommateurs - Aprifel\",\"isPartOf\":{\"@id\":\"https:\/\/www.aprifel.com\/fr\/#website\"},\"datePublished\":\"2020-11-23T11:26:34+00:00\",\"dateModified\":\"2020-11-23T11:31:16+00:00\",\"description\":\"Conseil Consommateurs - Aprifel\",\"breadcrumb\":{\"@id\":\"https:\/\/aprifel-pp.mentalworks.biz\/fr\/conseil-consommateurs\/#breadcrumb\"},\"inLanguage\":\"fr-FR\",\"potentialAction\":[{\"@type\":\"ReadAction\",\"target\":[\"https:\/\/aprifel-pp.mentalworks.biz\/fr\/conseil-consommateurs\/\"]}]},{\"@type\":\"BreadcrumbList\",\"@id\":\"https:\/\/aprifel-pp.mentalworks.biz\/fr\/conseil-consommateurs\/#breadcrumb\",\"itemListElement\":[{\"@type\":\"ListItem\",\"position\":1,\"name\":\"Accueil\",\"item\":\"https:\/\/www.aprifel.com\/fr\/\"},{\"@type\":\"ListItem\",\"position\":2,\"name\":\"Conseil Consommateurs\"}]},{\"@type\":\"WebSite\",\"@id\":\"https:\/\/www.aprifel.com\/fr\/#website\",\"url\":\"https:\/\/www.aprifel.com\/fr\/\",\"name\":\"Aprifel\",\"description\":\"Agence pour la Recherche et l\u2019Information en Fruits et L\u00e9gumes\",\"potentialAction\":[{\"@type\":\"SearchAction\",\"target\":{\"@type\":\"EntryPoint\",\"urlTemplate\":\"https:\/\/www.aprifel.com\/fr\/?s={search_term_string}\"},\"query-input\":{\"@type\":\"PropertyValueSpecification\",\"valueRequired\":true,\"valueName\":\"search_term_string\"}}],\"inLanguage\":\"fr-FR\"}]}<\/script>\n<!-- \/ Yoast SEO Premium plugin. -->","yoast_head_json":{"title":"Conseil Consommateurs - Aprifel","description":"Conseil Consommateurs - Aprifel","robots":{"index":"index","follow":"follow","max-snippet":"max-snippet:-1","max-image-preview":"max-image-preview:large","max-video-preview":"max-video-preview:-1"},"canonical":"https:\/\/aprifel-pp.mentalworks.biz\/fr\/conseil-consommateurs\/","og_locale":"fr_FR","og_type":"article","og_title":"Conseil Consommateurs","og_description":"Conseil Consommateurs","og_url":"https:\/\/aprifel-pp.mentalworks.biz\/fr\/conseil-consommateurs\/","og_site_name":"Aprifel","article_modified_time":"2020-11-23T11:31:16+00:00","twitter_card":"summary_large_image","twitter_misc":{"Dur\u00e9e de lecture estim\u00e9e":"2 minutes"},"schema":{"@context":"https:\/\/schema.org","@graph":[{"@type":"WebPage","@id":"https:\/\/aprifel-pp.mentalworks.biz\/fr\/conseil-consommateurs\/","url":"https:\/\/aprifel-pp.mentalworks.biz\/fr\/conseil-consommateurs\/","name":"Conseil Consommateurs - Aprifel","isPartOf":{"@id":"https:\/\/www.aprifel.com\/fr\/#website"},"datePublished":"2020-11-23T11:26:34+00:00","dateModified":"2020-11-23T11:31:16+00:00","description":"Conseil Consommateurs - Aprifel","breadcrumb":{"@id":"https:\/\/aprifel-pp.mentalworks.biz\/fr\/conseil-consommateurs\/#breadcrumb"},"inLanguage":"fr-FR","potentialAction":[{"@type":"ReadAction","target":["https:\/\/aprifel-pp.mentalworks.biz\/fr\/conseil-consommateurs\/"]}]},{"@type":"BreadcrumbList","@id":"https:\/\/aprifel-pp.mentalworks.biz\/fr\/conseil-consommateurs\/#breadcrumb","itemListElement":[{"@type":"ListItem","position":1,"name":"Accueil","item":"https:\/\/www.aprifel.com\/fr\/"},{"@type":"ListItem","position":2,"name":"Conseil Consommateurs"}]},{"@type":"WebSite","@id":"https:\/\/www.aprifel.com\/fr\/#website","url":"https:\/\/www.aprifel.com\/fr\/","name":"Aprifel","description":"Agence pour la Recherche et l\u2019Information en Fruits et L\u00e9gumes","potentialAction":[{"@type":"SearchAction","target":{"@type":"EntryPoint","urlTemplate":"https:\/\/www.aprifel.com\/fr\/?s={search_term_string}"},"query-input":{"@type":"PropertyValueSpecification","valueRequired":true,"valueName":"search_term_string"}}],"inLanguage":"fr-FR"}]}},"_links":{"self":[{"href":"https:\/\/aprifel-pp.mentalworks.biz\/fr\/wp-json\/wp\/v2\/pages\/72675"}],"collection":[{"href":"https:\/\/aprifel-pp.mentalworks.biz\/fr\/wp-json\/wp\/v2\/pages"}],"about":[{"href":"https:\/\/aprifel-pp.mentalworks.biz\/fr\/wp-json\/wp\/v2\/types\/page"}],"author":[{"embeddable":true,"href":"https:\/\/aprifel-pp.mentalworks.biz\/fr\/wp-json\/wp\/v2\/users\/22"}],"replies":[{"embeddable":true,"href":"https:\/\/aprifel-pp.mentalworks.biz\/fr\/wp-json\/wp\/v2\/comments?post=72675"}],"version-history":[{"count":1,"href":"https:\/\/aprifel-pp.mentalworks.biz\/fr\/wp-json\/wp\/v2\/pages\/72675\/revisions"}],"predecessor-version":[{"id":74002,"href":"https:\/\/aprifel-pp.mentalworks.biz\/fr\/wp-json\/wp\/v2\/pages\/72675\/revisions\/74002"}],"wp:attachment":[{"href":"https:\/\/aprifel-pp.mentalworks.biz\/fr\/wp-json\/wp\/v2\/media?parent=72675"}],"curies":[{"name":"wp","href":"https:\/\/api.w.org\/{rel}","templated":true}]}}