{"id":72668,"date":"2020-08-19T09:15:59","date_gmt":"2020-08-19T07:15:59","guid":{"rendered":"https:\/\/aprifel-pp.mentalworks.biz\/?page_id=72668"},"modified":"2024-08-07T17:30:10","modified_gmt":"2024-08-07T15:30:10","slug":"conseil-administration","status":"publish","type":"page","link":"https:\/\/aprifel-pp.mentalworks.biz\/fr\/gouvernance\/conseil-administration\/","title":{"rendered":"Conseil d&rsquo;administration"},"content":{"rendered":"<div id=\"pl-72668\"  class=\"panel-layout\" ><div id=\"pg-72668-0\"  class=\"panel-grid panel-no-style\" ><div id=\"pgc-72668-0-0\"  class=\"panel-grid-cell\" ><div id=\"panel-72668-0-0-0\" class=\"so-panel widget widget_sow-image panel-first-child\" data-index=\"0\" ><div\n\t\t\t\n\t\t\tclass=\"so-widget-sow-image so-widget-sow-image-default-8b5b6f678277-72668\"\n\t\t\t\n\t\t>\n\n<div class=\"sow-image-container\">\n\t\t<img loading=\"lazy\" decoding=\"async\" src=\"https:\/\/aprifel-pp.mentalworks.biz\/wp-content\/uploads\/2020\/08\/bandeau-conseil-administration.jpg\" width=\"1140\" height=\"250\" sizes=\"(max-width: 1140px) 100vw, 1140px\" alt=\"\" \t\tclass=\"so-widget-image\"\/>\n\t<\/div>\n\n<\/div><\/div><div id=\"panel-72668-0-0-1\" class=\"so-panel widget widget_sow-editor panel-last-child\" data-index=\"1\" ><div\n\t\t\t\n\t\t\tclass=\"so-widget-sow-editor so-widget-sow-editor-base\"\n\t\t\t\n\t\t>\n<div class=\"siteorigin-widget-tinymce textwidget\">\n\t<h4 class=\"text-primary-imp\">Composition du conseil d\u2019Administration d\u2019Aprifel au 17\/06\/24<\/h4>\n<p>&nbsp;<\/p>\n<p><strong>Bureau :<\/strong><\/p>\n<ul>\n<li><strong>Pr\u00e9sidente :<\/strong> Christel TEYSSEDRE<\/li>\n<li><strong>Vice-Pr\u00e9sident :<\/strong> Andr\u00e9 BOUCHUT<\/li>\n<li><strong>Secr\u00e9taire :<\/strong> Jean-Louis OGIER<\/li>\n<li><strong>Tr\u00e9sorier :<\/strong> Georges DANIEL<\/li>\n<\/ul>\n<p><strong><br \/>\nAdministrateurs :<\/strong><\/p>\n<ul>\n<li><strong> Jacques ROUCHAUSS\u00c9<\/strong><\/li>\n<li><strong>Olivier LEMOUZY<\/strong><\/li>\n<li><strong>Andr\u00e9 BOUCHUT<\/strong><\/li>\n<li><strong>Jean-Louis OGIER<\/strong><\/li>\n<li><strong>Alain KRITCHMAR<\/strong><\/li>\n<li><strong>Fr\u00e9d\u00e9ric LEGAL<\/strong><\/li>\n<li><strong>Georges DANIEL<\/strong><strong><br \/>\n<\/strong><\/li>\n<li><strong>Christophe ROUSSE<\/strong><\/li>\n<li><strong>Guillaume SEGUIN<\/strong> - <strong>Anthony OBOUSSIER<\/strong> (suppl\u00e9ant)<\/li>\n<li><strong>Daniel SAUVAITRE<\/strong> - <strong>Fran\u00e7ois LAFITTE<\/strong> (suppl\u00e9ant)<\/li>\n<li><strong>Laurent GRANDIN<\/strong><\/li>\n<li><strong>Michel PIQUET<\/strong> - <strong>Ang\u00e9lique DELAHAYE <\/strong>(suppl\u00e9ante)<\/li>\n<li><strong>Sylvie DAURIAT<\/strong> - <strong>Anna DUHAMEL<\/strong> (suppl\u00e9ante)<\/li>\n<li><strong>Denis GINART - David PATTE <\/strong>(suppl\u00e9ant)<\/li>\n<li><strong>Jean-Hugues BELLAND <\/strong>- <strong>Christian BERTHE<\/strong> (suppl\u00e9ant)<\/li>\n<li><strong>Lionel EXBRAYAT<\/strong><\/li>\n<\/ul>\n<p>&nbsp;<\/p>\n<p><a class=\"btn btn-outline-primary text-uppercase icon-left\" href=\"..\/..\/gouvernance\/\" rel=\"noopener noreferrer\"><i class=\"fa fa-arrow-left\"><\/i>Retour<\/a><\/p>\n<\/div>\n<\/div><\/div><\/div><\/div><\/div>","protected":false},"excerpt":{"rendered":"Composition du conseil d\u2019Administration d\u2019Aprifel au 17\/06\/24 &nbsp; Bureau : Pr\u00e9sidente : Christel TEYSSEDRE Vice-Pr\u00e9sident : Andr\u00e9 BOUCHUT Secr\u00e9taire : Jean-Louis OGIER Tr\u00e9sorier : Georges DANIEL Administrateurs : Jacques ROUCHAUSS\u00c9 Olivier LEMOUZY Andr\u00e9 BOUCHUT Jean-Louis OGIER Alain KRITCHMAR Fr\u00e9d\u00e9ric LEGAL Georges DANIEL Christophe ROUSSE Guillaume SEGUIN &#8211; Anthony OBOUSSIER (suppl\u00e9ant) Daniel SAUVAITRE &#8211; Fran\u00e7ois LAFITTE [&hellip;]","protected":false},"author":22,"featured_media":0,"parent":72189,"menu_order":21,"comment_status":"closed","ping_status":"closed","template":"","meta":{"_acf_changed":false,"footnotes":""},"class_list":["post-72668","page","type-page","status-publish","hentry"],"acf":[],"yoast_head":"<!-- This site is optimized with the Yoast SEO Premium plugin v23.6 (Yoast SEO v23.6) - https:\/\/yoast.com\/wordpress\/plugins\/seo\/ -->\n<title>Conseil d&#039;administration - Aprifel<\/title>\n<meta name=\"description\" content=\"Conseil d&#039;administration - Aprifel\" \/>\n<meta name=\"robots\" content=\"index, follow, max-snippet:-1, max-image-preview:large, max-video-preview:-1\" \/>\n<link rel=\"canonical\" href=\"https:\/\/aprifel-pp.mentalworks.biz\/fr\/gouvernance\/conseil-administration\/\" \/>\n<meta property=\"og:locale\" content=\"fr_FR\" \/>\n<meta property=\"og:type\" content=\"article\" \/>\n<meta property=\"og:title\" content=\"Conseil d&#039;administration\" \/>\n<meta property=\"og:description\" content=\"Conseil d&#039;administration\" \/>\n<meta property=\"og:url\" content=\"https:\/\/aprifel-pp.mentalworks.biz\/fr\/gouvernance\/conseil-administration\/\" \/>\n<meta property=\"og:site_name\" content=\"Aprifel\" \/>\n<meta property=\"article:modified_time\" content=\"2024-08-07T15:30:10+00:00\" \/>\n<meta name=\"twitter:card\" content=\"summary_large_image\" \/>\n<meta name=\"twitter:label1\" content=\"Dur\u00e9e de lecture estim\u00e9e\" \/>\n\t<meta name=\"twitter:data1\" content=\"1 minute\" \/>\n<script type=\"application\/ld+json\" class=\"yoast-schema-graph\">{\"@context\":\"https:\/\/schema.org\",\"@graph\":[{\"@type\":\"WebPage\",\"@id\":\"https:\/\/aprifel-pp.mentalworks.biz\/fr\/gouvernance\/conseil-administration\/\",\"url\":\"https:\/\/aprifel-pp.mentalworks.biz\/fr\/gouvernance\/conseil-administration\/\",\"name\":\"Conseil d'administration - Aprifel\",\"isPartOf\":{\"@id\":\"https:\/\/www.aprifel.com\/fr\/#website\"},\"datePublished\":\"2020-08-19T07:15:59+00:00\",\"dateModified\":\"2024-08-07T15:30:10+00:00\",\"description\":\"Conseil d'administration - Aprifel\",\"breadcrumb\":{\"@id\":\"https:\/\/aprifel-pp.mentalworks.biz\/fr\/gouvernance\/conseil-administration\/#breadcrumb\"},\"inLanguage\":\"fr-FR\",\"potentialAction\":[{\"@type\":\"ReadAction\",\"target\":[\"https:\/\/aprifel-pp.mentalworks.biz\/fr\/gouvernance\/conseil-administration\/\"]}]},{\"@type\":\"BreadcrumbList\",\"@id\":\"https:\/\/aprifel-pp.mentalworks.biz\/fr\/gouvernance\/conseil-administration\/#breadcrumb\",\"itemListElement\":[{\"@type\":\"ListItem\",\"position\":1,\"name\":\"Accueil\",\"item\":\"https:\/\/www.aprifel.com\/fr\/\"},{\"@type\":\"ListItem\",\"position\":2,\"name\":\"Gouvernance\",\"item\":\"https:\/\/www.aprifel.com\/fr\/gouvernance\/\"},{\"@type\":\"ListItem\",\"position\":3,\"name\":\"Conseil d&rsquo;administration\"}]},{\"@type\":\"WebSite\",\"@id\":\"https:\/\/www.aprifel.com\/fr\/#website\",\"url\":\"https:\/\/www.aprifel.com\/fr\/\",\"name\":\"Aprifel\",\"description\":\"Agence pour la Recherche et l\u2019Information en Fruits et L\u00e9gumes\",\"potentialAction\":[{\"@type\":\"SearchAction\",\"target\":{\"@type\":\"EntryPoint\",\"urlTemplate\":\"https:\/\/www.aprifel.com\/fr\/?s={search_term_string}\"},\"query-input\":{\"@type\":\"PropertyValueSpecification\",\"valueRequired\":true,\"valueName\":\"search_term_string\"}}],\"inLanguage\":\"fr-FR\"}]}<\/script>\n<!-- \/ Yoast SEO Premium plugin. -->","yoast_head_json":{"title":"Conseil d'administration - Aprifel","description":"Conseil d'administration - Aprifel","robots":{"index":"index","follow":"follow","max-snippet":"max-snippet:-1","max-image-preview":"max-image-preview:large","max-video-preview":"max-video-preview:-1"},"canonical":"https:\/\/aprifel-pp.mentalworks.biz\/fr\/gouvernance\/conseil-administration\/","og_locale":"fr_FR","og_type":"article","og_title":"Conseil d'administration","og_description":"Conseil d'administration","og_url":"https:\/\/aprifel-pp.mentalworks.biz\/fr\/gouvernance\/conseil-administration\/","og_site_name":"Aprifel","article_modified_time":"2024-08-07T15:30:10+00:00","twitter_card":"summary_large_image","twitter_misc":{"Dur\u00e9e de lecture estim\u00e9e":"1 minute"},"schema":{"@context":"https:\/\/schema.org","@graph":[{"@type":"WebPage","@id":"https:\/\/aprifel-pp.mentalworks.biz\/fr\/gouvernance\/conseil-administration\/","url":"https:\/\/aprifel-pp.mentalworks.biz\/fr\/gouvernance\/conseil-administration\/","name":"Conseil d'administration - Aprifel","isPartOf":{"@id":"https:\/\/www.aprifel.com\/fr\/#website"},"datePublished":"2020-08-19T07:15:59+00:00","dateModified":"2024-08-07T15:30:10+00:00","description":"Conseil d'administration - Aprifel","breadcrumb":{"@id":"https:\/\/aprifel-pp.mentalworks.biz\/fr\/gouvernance\/conseil-administration\/#breadcrumb"},"inLanguage":"fr-FR","potentialAction":[{"@type":"ReadAction","target":["https:\/\/aprifel-pp.mentalworks.biz\/fr\/gouvernance\/conseil-administration\/"]}]},{"@type":"BreadcrumbList","@id":"https:\/\/aprifel-pp.mentalworks.biz\/fr\/gouvernance\/conseil-administration\/#breadcrumb","itemListElement":[{"@type":"ListItem","position":1,"name":"Accueil","item":"https:\/\/www.aprifel.com\/fr\/"},{"@type":"ListItem","position":2,"name":"Gouvernance","item":"https:\/\/www.aprifel.com\/fr\/gouvernance\/"},{"@type":"ListItem","position":3,"name":"Conseil d&rsquo;administration"}]},{"@type":"WebSite","@id":"https:\/\/www.aprifel.com\/fr\/#website","url":"https:\/\/www.aprifel.com\/fr\/","name":"Aprifel","description":"Agence pour la Recherche et l\u2019Information en Fruits et L\u00e9gumes","potentialAction":[{"@type":"SearchAction","target":{"@type":"EntryPoint","urlTemplate":"https:\/\/www.aprifel.com\/fr\/?s={search_term_string}"},"query-input":{"@type":"PropertyValueSpecification","valueRequired":true,"valueName":"search_term_string"}}],"inLanguage":"fr-FR"}]}},"_links":{"self":[{"href":"https:\/\/aprifel-pp.mentalworks.biz\/fr\/wp-json\/wp\/v2\/pages\/72668"}],"collection":[{"href":"https:\/\/aprifel-pp.mentalworks.biz\/fr\/wp-json\/wp\/v2\/pages"}],"about":[{"href":"https:\/\/aprifel-pp.mentalworks.biz\/fr\/wp-json\/wp\/v2\/types\/page"}],"author":[{"embeddable":true,"href":"https:\/\/aprifel-pp.mentalworks.biz\/fr\/wp-json\/wp\/v2\/users\/22"}],"replies":[{"embeddable":true,"href":"https:\/\/aprifel-pp.mentalworks.biz\/fr\/wp-json\/wp\/v2\/comments?post=72668"}],"version-history":[{"count":76,"href":"https:\/\/aprifel-pp.mentalworks.biz\/fr\/wp-json\/wp\/v2\/pages\/72668\/revisions"}],"predecessor-version":[{"id":98740,"href":"https:\/\/aprifel-pp.mentalworks.biz\/fr\/wp-json\/wp\/v2\/pages\/72668\/revisions\/98740"}],"up":[{"embeddable":true,"href":"https:\/\/aprifel-pp.mentalworks.biz\/fr\/wp-json\/wp\/v2\/pages\/72189"}],"wp:attachment":[{"href":"https:\/\/aprifel-pp.mentalworks.biz\/fr\/wp-json\/wp\/v2\/media?parent=72668"}],"curies":[{"name":"wp","href":"https:\/\/api.w.org\/{rel}","templated":true}]}}