{"id":72663,"date":"2020-08-19T09:13:53","date_gmt":"2020-08-19T07:13:53","guid":{"rendered":"https:\/\/aprifel-pp.mentalworks.biz\/?page_id=72663"},"modified":"2024-08-07T17:32:54","modified_gmt":"2024-08-07T15:32:54","slug":"conseil-scientifique","status":"publish","type":"page","link":"https:\/\/aprifel-pp.mentalworks.biz\/fr\/gouvernance\/conseil-scientifique\/","title":{"rendered":"Conseil Scientifique"},"content":{"rendered":"<div id=\"pl-72663\"  class=\"panel-layout\" ><div id=\"pg-72663-0\"  class=\"panel-grid panel-no-style\" ><div id=\"pgc-72663-0-0\"  class=\"panel-grid-cell\" ><div id=\"panel-72663-0-0-0\" class=\"so-panel widget widget_sow-image panel-first-child\" data-index=\"0\" ><div\n\t\t\t\n\t\t\tclass=\"so-widget-sow-image so-widget-sow-image-default-8b5b6f678277-72663\"\n\t\t\t\n\t\t>\n\n<div class=\"sow-image-container\">\n\t\t<img loading=\"lazy\" decoding=\"async\" src=\"https:\/\/aprifel-pp.mentalworks.biz\/wp-content\/uploads\/2020\/08\/bandeau-conseil-scientifique.jpg\" width=\"1140\" height=\"250\" sizes=\"(max-width: 1140px) 100vw, 1140px\" alt=\"\" \t\tclass=\"so-widget-image\"\/>\n\t<\/div>\n\n<\/div><\/div><div id=\"panel-72663-0-0-1\" class=\"so-panel widget widget_sow-editor panel-last-child\" data-index=\"1\" ><div\n\t\t\t\n\t\t\tclass=\"so-widget-sow-editor so-widget-sow-editor-base\"\n\t\t\t\n\t\t>\n<div class=\"siteorigin-widget-tinymce textwidget\">\n\t<h2 class=\"text-primary-imp\">Sa mission est triple :<\/h2>\n<ul>\n<li>Examiner et analyser les donn\u00e9es scientifiques r\u00e9centes relatives aux champs de comp\u00e9tence de l'association : b\u00e9n\u00e9fices sanitaires et environnementaux de la consommation de fruits &amp; l\u00e9gumes, questions soci\u00e9tales li\u00e9es aux produits phytosanitaires, fertilisants, m\u00e9taux lourds, plantes g\u00e9n\u00e9tiquement modifi\u00e9es, contaminants microbiologiques, etc.<\/li>\n<li>Emettre des recommandations en mati\u00e8re de pr\u00e9vision et d\u2019\u00e9valuation des risques relatifs \u00e0 la sant\u00e9 humaine et \u00e0 l\u2019environnement.<\/li>\n<li>Elaborer des \u00e9tudes, des dossiers, des avis et des notes explicatives afin d\u2019identifier les actions appropri\u00e9es en termes de recherche et\/ou d\u2019information.<\/li>\n<\/ul>\n<h2 class=\"text-primary-imp\">Composition du conseil scientifique d\u2019Aprifel au 15\/12\/2020<\/h2>\n<p><strong>Pr\u00e9sident :<\/strong><\/p>\n<ul>\n<li><strong>Dr Jean-Pierre CRAVEDI<\/strong><br \/>\nDirecteur de recherche - Inrae Toulouse<br \/>\nSp\u00e9cialit\u00e9 : Toxicologie<\/li>\n<\/ul>\n<p style=\"margin-top:20px\">\n<p><strong>Membres :<\/strong><\/p>\n<ul>\n<li><strong>Dr Luc BELZUNCES<\/strong><br \/>\nDirecteur de recherche - Inrae Avignon<br \/>\nSp\u00e9cialit\u00e9 : Toxicologie environnementale<\/li>\n<li><strong>Dr Fr\u00e9deric CARLIN<\/strong><br \/>\nDirecteur de recherche - Inrae<br \/>\nSp\u00e9cialit\u00e9s : Microbiologie et s\u00e9curit\u00e9 sanitaire<\/li>\n<li><strong>B\u00e9thsab\u00e9e GLEIZER<\/strong><br \/>\nAdjointe Qualit\u00e9 - Partenariats Scientifiques \u2013 CTIFL<br \/>\nSp\u00e9cialit\u00e9 : Agronomie<\/li>\n<li><strong>Pr Jean-Michel LECERF<\/strong><br \/>\nM\u00e9decin nutritionniste - Institut Pasteur de Lille<br \/>\nSp\u00e9cialit\u00e9 : Nutrition<\/li>\n<li><strong>Dr Christophe ROBAGLIA<\/strong><br \/>\nDirecteur de recherche - CNRS - CEA - Aix Marseille<br \/>\nSp\u00e9cialit\u00e9 : G\u00e9nie G\u00e9n\u00e9tique<\/li>\n<li><strong>Marie Jos\u00e8phe AMIOT-CARLIN<br \/>\n<\/strong>Directrice de recherche \u2013 INRAE<br \/>\nSp\u00e9cialit\u00e9\u00a0: Sp\u00e9cialit\u00e9 : Nutrition Humaine, S\u00e9curit\u00e9 alimentaire et nutritionnelle<\/li>\n<li><strong>Stephan MARETTE<br \/>\n<\/strong>Directeur de recherche \u2013 INRAE<br \/>\nSp\u00e9cialit\u00e9 : Comportements, \u00e9conomie exp\u00e9rimentale, s\u00e9curit\u00e9 alimentaire<\/li>\n<\/ul>\n<ul>\n<p style=\"margin-top:20px\">\n<p><a class=\"btn btn-outline-primary text-uppercase icon-left\" href=\"..\/..\/gouvernance\/\" rel=\"noopener noreferrer\"><i class=\"fa fa-arrow-left\"><\/i>Retour<\/a><\/ul>\n<\/div>\n<\/div><\/div><\/div><\/div><\/div>","protected":false},"excerpt":{"rendered":"Sa mission est triple : Examiner et analyser les donn\u00e9es scientifiques r\u00e9centes relatives aux champs de comp\u00e9tence de l&rsquo;association : b\u00e9n\u00e9fices sanitaires et environnementaux de la consommation de fruits &amp; l\u00e9gumes, questions soci\u00e9tales li\u00e9es aux produits phytosanitaires, fertilisants, m\u00e9taux lourds, plantes g\u00e9n\u00e9tiquement modifi\u00e9es, contaminants microbiologiques, etc. Emettre des recommandations en mati\u00e8re de pr\u00e9vision et d\u2019\u00e9valuation [&hellip;]","protected":false},"author":22,"featured_media":0,"parent":72189,"menu_order":19,"comment_status":"closed","ping_status":"closed","template":"","meta":{"_acf_changed":false,"footnotes":""},"class_list":["post-72663","page","type-page","status-publish","hentry"],"acf":[],"yoast_head":"<!-- This site is optimized with the Yoast SEO Premium plugin v23.6 (Yoast SEO v23.6) - https:\/\/yoast.com\/wordpress\/plugins\/seo\/ -->\n<title>Conseil Scientifique - Aprifel<\/title>\n<meta name=\"description\" content=\"Le Conseil scientifique d\u2019Aprifel rassemble l\u2019ensemble des comp\u00e9tences scientifiques n\u00e9cessaires pour \u00e9clairer les travaux de l\u2019association. Constitu\u00e9 de cinq experts externes \u00e0 la fili\u00e8re et de un expert interne \u00e0 la fili\u00e8re (CTIFL \u2013 agronomie et exp\u00e9rimentation), le Conseil scientifique se r\u00e9unit quatre \u00e0 cinq fois par an et est consult\u00e9 par Aprifel autant que de besoin au fil de son action.\" \/>\n<meta name=\"robots\" content=\"index, follow, max-snippet:-1, max-image-preview:large, max-video-preview:-1\" \/>\n<link rel=\"canonical\" href=\"https:\/\/aprifel-pp.mentalworks.biz\/fr\/gouvernance\/conseil-scientifique\/\" \/>\n<meta property=\"og:locale\" content=\"fr_FR\" \/>\n<meta property=\"og:type\" content=\"article\" \/>\n<meta property=\"og:title\" content=\"Conseil Scientifique\" \/>\n<meta property=\"og:description\" content=\"Conseil Scientifique\" \/>\n<meta property=\"og:url\" content=\"https:\/\/aprifel-pp.mentalworks.biz\/fr\/gouvernance\/conseil-scientifique\/\" \/>\n<meta property=\"og:site_name\" content=\"Aprifel\" \/>\n<meta property=\"article:modified_time\" content=\"2024-08-07T15:32:54+00:00\" \/>\n<meta name=\"twitter:card\" content=\"summary_large_image\" \/>\n<meta name=\"twitter:label1\" content=\"Dur\u00e9e de lecture estim\u00e9e\" \/>\n\t<meta name=\"twitter:data1\" content=\"2 minutes\" \/>\n<script type=\"application\/ld+json\" class=\"yoast-schema-graph\">{\"@context\":\"https:\/\/schema.org\",\"@graph\":[{\"@type\":\"WebPage\",\"@id\":\"https:\/\/aprifel-pp.mentalworks.biz\/fr\/gouvernance\/conseil-scientifique\/\",\"url\":\"https:\/\/aprifel-pp.mentalworks.biz\/fr\/gouvernance\/conseil-scientifique\/\",\"name\":\"Conseil Scientifique - Aprifel\",\"isPartOf\":{\"@id\":\"https:\/\/www.aprifel.com\/fr\/#website\"},\"datePublished\":\"2020-08-19T07:13:53+00:00\",\"dateModified\":\"2024-08-07T15:32:54+00:00\",\"description\":\"Le Conseil scientifique d\u2019Aprifel rassemble l\u2019ensemble des comp\u00e9tences scientifiques n\u00e9cessaires pour \u00e9clairer les travaux de l\u2019association. Constitu\u00e9 de cinq experts externes \u00e0 la fili\u00e8re et de un expert interne \u00e0 la fili\u00e8re (CTIFL \u2013 agronomie et exp\u00e9rimentation), le Conseil scientifique se r\u00e9unit quatre \u00e0 cinq fois par an et est consult\u00e9 par Aprifel autant que de besoin au fil de son action.\",\"breadcrumb\":{\"@id\":\"https:\/\/aprifel-pp.mentalworks.biz\/fr\/gouvernance\/conseil-scientifique\/#breadcrumb\"},\"inLanguage\":\"fr-FR\",\"potentialAction\":[{\"@type\":\"ReadAction\",\"target\":[\"https:\/\/aprifel-pp.mentalworks.biz\/fr\/gouvernance\/conseil-scientifique\/\"]}]},{\"@type\":\"BreadcrumbList\",\"@id\":\"https:\/\/aprifel-pp.mentalworks.biz\/fr\/gouvernance\/conseil-scientifique\/#breadcrumb\",\"itemListElement\":[{\"@type\":\"ListItem\",\"position\":1,\"name\":\"Accueil\",\"item\":\"https:\/\/www.aprifel.com\/fr\/\"},{\"@type\":\"ListItem\",\"position\":2,\"name\":\"Gouvernance\",\"item\":\"https:\/\/www.aprifel.com\/fr\/gouvernance\/\"},{\"@type\":\"ListItem\",\"position\":3,\"name\":\"Conseil Scientifique\"}]},{\"@type\":\"WebSite\",\"@id\":\"https:\/\/www.aprifel.com\/fr\/#website\",\"url\":\"https:\/\/www.aprifel.com\/fr\/\",\"name\":\"Aprifel\",\"description\":\"Agence pour la Recherche et l\u2019Information en Fruits et L\u00e9gumes\",\"potentialAction\":[{\"@type\":\"SearchAction\",\"target\":{\"@type\":\"EntryPoint\",\"urlTemplate\":\"https:\/\/www.aprifel.com\/fr\/?s={search_term_string}\"},\"query-input\":{\"@type\":\"PropertyValueSpecification\",\"valueRequired\":true,\"valueName\":\"search_term_string\"}}],\"inLanguage\":\"fr-FR\"}]}<\/script>\n<!-- \/ Yoast SEO Premium plugin. -->","yoast_head_json":{"title":"Conseil Scientifique - Aprifel","description":"Le Conseil scientifique d\u2019Aprifel rassemble l\u2019ensemble des comp\u00e9tences scientifiques n\u00e9cessaires pour \u00e9clairer les travaux de l\u2019association. Constitu\u00e9 de cinq experts externes \u00e0 la fili\u00e8re et de un expert interne \u00e0 la fili\u00e8re (CTIFL \u2013 agronomie et exp\u00e9rimentation), le Conseil scientifique se r\u00e9unit quatre \u00e0 cinq fois par an et est consult\u00e9 par Aprifel autant que de besoin au fil de son action.","robots":{"index":"index","follow":"follow","max-snippet":"max-snippet:-1","max-image-preview":"max-image-preview:large","max-video-preview":"max-video-preview:-1"},"canonical":"https:\/\/aprifel-pp.mentalworks.biz\/fr\/gouvernance\/conseil-scientifique\/","og_locale":"fr_FR","og_type":"article","og_title":"Conseil Scientifique","og_description":"Conseil Scientifique","og_url":"https:\/\/aprifel-pp.mentalworks.biz\/fr\/gouvernance\/conseil-scientifique\/","og_site_name":"Aprifel","article_modified_time":"2024-08-07T15:32:54+00:00","twitter_card":"summary_large_image","twitter_misc":{"Dur\u00e9e de lecture estim\u00e9e":"2 minutes"},"schema":{"@context":"https:\/\/schema.org","@graph":[{"@type":"WebPage","@id":"https:\/\/aprifel-pp.mentalworks.biz\/fr\/gouvernance\/conseil-scientifique\/","url":"https:\/\/aprifel-pp.mentalworks.biz\/fr\/gouvernance\/conseil-scientifique\/","name":"Conseil Scientifique - Aprifel","isPartOf":{"@id":"https:\/\/www.aprifel.com\/fr\/#website"},"datePublished":"2020-08-19T07:13:53+00:00","dateModified":"2024-08-07T15:32:54+00:00","description":"Le Conseil scientifique d\u2019Aprifel rassemble l\u2019ensemble des comp\u00e9tences scientifiques n\u00e9cessaires pour \u00e9clairer les travaux de l\u2019association. Constitu\u00e9 de cinq experts externes \u00e0 la fili\u00e8re et de un expert interne \u00e0 la fili\u00e8re (CTIFL \u2013 agronomie et exp\u00e9rimentation), le Conseil scientifique se r\u00e9unit quatre \u00e0 cinq fois par an et est consult\u00e9 par Aprifel autant que de besoin au fil de son action.","breadcrumb":{"@id":"https:\/\/aprifel-pp.mentalworks.biz\/fr\/gouvernance\/conseil-scientifique\/#breadcrumb"},"inLanguage":"fr-FR","potentialAction":[{"@type":"ReadAction","target":["https:\/\/aprifel-pp.mentalworks.biz\/fr\/gouvernance\/conseil-scientifique\/"]}]},{"@type":"BreadcrumbList","@id":"https:\/\/aprifel-pp.mentalworks.biz\/fr\/gouvernance\/conseil-scientifique\/#breadcrumb","itemListElement":[{"@type":"ListItem","position":1,"name":"Accueil","item":"https:\/\/www.aprifel.com\/fr\/"},{"@type":"ListItem","position":2,"name":"Gouvernance","item":"https:\/\/www.aprifel.com\/fr\/gouvernance\/"},{"@type":"ListItem","position":3,"name":"Conseil Scientifique"}]},{"@type":"WebSite","@id":"https:\/\/www.aprifel.com\/fr\/#website","url":"https:\/\/www.aprifel.com\/fr\/","name":"Aprifel","description":"Agence pour la Recherche et l\u2019Information en Fruits et L\u00e9gumes","potentialAction":[{"@type":"SearchAction","target":{"@type":"EntryPoint","urlTemplate":"https:\/\/www.aprifel.com\/fr\/?s={search_term_string}"},"query-input":{"@type":"PropertyValueSpecification","valueRequired":true,"valueName":"search_term_string"}}],"inLanguage":"fr-FR"}]}},"_links":{"self":[{"href":"https:\/\/aprifel-pp.mentalworks.biz\/fr\/wp-json\/wp\/v2\/pages\/72663"}],"collection":[{"href":"https:\/\/aprifel-pp.mentalworks.biz\/fr\/wp-json\/wp\/v2\/pages"}],"about":[{"href":"https:\/\/aprifel-pp.mentalworks.biz\/fr\/wp-json\/wp\/v2\/types\/page"}],"author":[{"embeddable":true,"href":"https:\/\/aprifel-pp.mentalworks.biz\/fr\/wp-json\/wp\/v2\/users\/22"}],"replies":[{"embeddable":true,"href":"https:\/\/aprifel-pp.mentalworks.biz\/fr\/wp-json\/wp\/v2\/comments?post=72663"}],"version-history":[{"count":36,"href":"https:\/\/aprifel-pp.mentalworks.biz\/fr\/wp-json\/wp\/v2\/pages\/72663\/revisions"}],"predecessor-version":[{"id":98741,"href":"https:\/\/aprifel-pp.mentalworks.biz\/fr\/wp-json\/wp\/v2\/pages\/72663\/revisions\/98741"}],"up":[{"embeddable":true,"href":"https:\/\/aprifel-pp.mentalworks.biz\/fr\/wp-json\/wp\/v2\/pages\/72189"}],"wp:attachment":[{"href":"https:\/\/aprifel-pp.mentalworks.biz\/fr\/wp-json\/wp\/v2\/media?parent=72663"}],"curies":[{"name":"wp","href":"https:\/\/api.w.org\/{rel}","templated":true}]}}