{"id":72271,"date":"2020-08-10T22:36:32","date_gmt":"2020-08-10T20:36:32","guid":{"rendered":"https:\/\/aprifel-pp.mentalworks.biz\/?page_id=72271"},"modified":"2021-03-20T15:14:39","modified_gmt":"2021-03-20T14:14:39","slug":"conditions-generales-utilisation","status":"publish","type":"page","link":"https:\/\/aprifel-pp.mentalworks.biz\/fr\/conditions-generales-utilisation\/","title":{"rendered":"Conditions g\u00e9n\u00e9rales d&rsquo;utilisation"},"content":{"rendered":"<h4><strong>1.Champ d&rsquo;application des CGU<\/strong><\/h4>\n<p>Cr\u00e9\u00e9e en 1981, Aprifel, l\u2019Agence pour la recherche et l\u2019information en fruits et l\u00e9gumes, est une association de loi 1901, \u00a0qui a pour objectifs de traduire la science en actions, d\u2019assurer l\u2019interface entre les scientifiques, la soci\u00e9t\u00e9 civile et les professionnels des fruits et l\u00e9gumes, d\u2019\u0153uvrer pour la vulgarisation et la transmission de donn\u00e9es scientifiques relatives aux fruits et l\u00e9gumes et enfin de promouvoir collectivement une alimentation saine et durable. Reflet de son action, Aprifel poss\u00e8de une gouvernance o\u00f9 scientifiques, soci\u00e9t\u00e9 civile, et professionnels des fruits et l\u00e9gumes sont repr\u00e9sent\u00e9s. Les grandes orientations d\u2019Aprifel sont act\u00e9es par son Conseil d\u2019administration, les actions sont mises en \u0153uvre par les \u00e9quipes permanentes dont le travail se fonde sur les travaux r\u00e9alis\u00e9s au sein du Conseil Scientifique et du Conseil Consommateurs.<\/p>\n<p>Les pr\u00e9sentes conditions g\u00e9n\u00e9rales d\u2019utilisation (\u00ab\u00a0CGU\u00a0\u00bb) r\u00e9gissent l\u2019utilisation du site exploit\u00e9 par Aprifel et disponible \u00e0 l\u2019adresse <a href=\"https:\/\/aprifel-pp.mentalworks.biz\">https:\/\/aprifel-pp.mentalworks.biz<\/a> \u00a0(\u00ab\u00a0le Site\u00a0\u00bb) par tout utilisateur qui acc\u00e8de au Site (\u00ab\u00a0l\u2019Utilisateur\u00a0\u00bb ou \u00ab\u00a0vous\u00a0\u00bb),<\/p>\n<p>En naviguant sur le Site et en y r\u00e9alisant des actions, l\u2019Utilisateur reconna\u00eet avoir pris connaissance des pr\u00e9sentes CGU et les accepter sans r\u00e9serve.<\/p>\n<p>Aprifel se r\u00e9serve le droit de modifier \u00e0 tout moment les pr\u00e9sentes CGU et vous recommande de les v\u00e9rifier r\u00e9guli\u00e8rement. Les CGU applicables sont celles en vigueur lors de l\u2019acc\u00e8s en cause par l\u2019Utilisateur.<\/p>\n<p>Les pr\u00e9sentes CGU vous restent opposables tant que vous \u00eates Utilisateur du Site.<\/p>\n<h4><strong>2.Pr\u00e9sentation du site<br \/>\n<\/strong><strong><br \/>\n<\/strong><\/h4>\n<ul>\n<li><strong>Objet du site<\/strong><\/li>\n<\/ul>\n<p>Le Site propose un espace d\u00e9di\u00e9 \u00e0 la diffusion d\u2019information scientifique li\u00e9e aux fruits et l\u00e9gumes, notamment des informations sur la nutrition, des revues scientifiques et de actualit\u00e9s d\u00e9di\u00e9es aux fruits et l\u00e9gumes.<\/p>\n<p>Toute utilisation desdites informations et donn\u00e9es s&rsquo;effectuera aux risques et p\u00e9rils de l&rsquo;utilisateur.<\/p>\n<p>En cons\u00e9quence, Aprifel ne peut \u00eatre tenue pour responsable du contenu ou de l&rsquo;exactitude de tout ou partie des informations transmises sur le Site et de tout ordre ou d\u00e9cision d&rsquo;investissement bas\u00e9s sur de telles informations.<\/p>\n<ul>\n<li><strong>Acc\u00e8s au site<\/strong><\/li>\n<\/ul>\n<p>L\u2019Utilisateur fait son affaire personnelle de la mise en place des moyens informatiques et de t\u00e9l\u00e9communications permettant l&rsquo;acc\u00e8s au Site et des connaissances n\u00e9cessaires \u00e0 l&rsquo;utilisation d&rsquo;Internet et l&rsquo;acc\u00e8s au Site.<\/p>\n<p>L\u2019Utilisateur conserve \u00e0 sa charge les frais de connexion et d&rsquo;\u00e9quipement li\u00e9s \u00e0 l&rsquo;acc\u00e8s \u00e0 Internet et \u00e0 l&rsquo;utilisation du Site.<\/p>\n<p>L\u2019Utilisateur utilise le Site \u00e0 ses risques et p\u00e9rils. L\u2019Utilisateur s\u2019engage \u00e0 utiliser le Site de mani\u00e8re responsable et licite notamment en\u00a0:<\/p>\n<ul>\n<li>n\u2019acc\u00e9dant pas aux donn\u00e9es qui ne lui sont pas destin\u00e9es\u00a0;<\/li>\n<li>communiquant, le cas \u00e9ch\u00e9ant, des informations licites, sinc\u00e8res et authentiques par l\u2019interm\u00e9diaire du Site.<\/li>\n<\/ul>\n<p>Il est interdit de tenter d&rsquo;obtenir un acc\u00e8s non autoris\u00e9 au service, d&rsquo;acc\u00e9der au Site ou de s\u2019y maintenir par un autre moyen que l&rsquo;interface qui est fournie \u00e0 l\u2019Utilisateur par Aprifel \u00e0 cet effet.<\/p>\n<h4><strong>3.Limitation de responsabilit\u00e9<\/strong><\/h4>\n<p>Les informations contenues sur ce site sont aussi pr\u00e9cises que possible et le site est p\u00e9riodiquement remis \u00e0 jour, mais peut toutefois contenir des inexactitudes, des omissions ou des lacunes. Si vous constatez une lacune, erreur ou ce qui parait \u00eatre un dysfonctionnement, merci de bien vouloir le signaler par email en d\u00e9crivant le probl\u00e8me de la mani\u00e8re la plus pr\u00e9cise possible (page posant probl\u00e8me, action d\u00e9clenchante, type d\u2019ordinateur et de navigateur utilis\u00e9, etc.).<\/p>\n<p>L\u2019Utilisateur a la responsabilit\u00e9 de s\u2019assurer de l\u2019exactitude des informations pr\u00e9sentes sur le Site. Aprifel\u00a0n\u2019est en aucun cas responsable de l\u2019utilisation faite de ces informations et de tout pr\u00e9judice direct ou indirect pouvant en d\u00e9couler.<\/p>\n<p>Tout contenu t\u00e9l\u00e9charg\u00e9 se fait aux risques et p\u00e9rils de l\u2019utilisateur et sous sa seule responsabilit\u00e9. En cons\u00e9quence, la soci\u00e9t\u00e9 Aprifel ne saurait \u00eatre tenue responsable d\u2019un quelconque dommage subi par le terminal (ex\u00a0: l\u2019ordinateur ou le smartphone) de l\u2019utilisateur, ou d\u2019une quelconque perte de donn\u00e9es cons\u00e9cutives au t\u00e9l\u00e9chargement.<\/p>\n<p>Les photos sont non contractuelles.<\/p>\n<p>Les liens hypertextes mis en place dans le cadre du pr\u00e9sent site internet en direction d\u2019autres ressources pr\u00e9sentes sur le r\u00e9seau Internet ne sauraient engager la responsabilit\u00e9 de la soci\u00e9t\u00e9 Aprifel.<\/p>\n<h4><strong>4.Donn\u00e9es personnelles \/ politique de confidentialit\u00e9<\/strong><\/h4>\n<p>En France, les donn\u00e9es personnelles sont notamment prot\u00e9g\u00e9es par les codes et textes de loi suivants :<\/p>\n<ul>\n<li>Loi n\u00b0 78-17 du 6 janvier 1978, notamment modifi\u00e9e par la loi n\u00b0 2004-801 du 6 ao\u00fbt 2004 relative \u00e0 l\u2019informatique, aux fichiers et aux libert\u00e9s.<\/li>\n<li>Article L. 226-13 du Code p\u00e9nal et Directive Europ\u00e9enne du 24 octobre 1995<\/li>\n<li>Loi n\u00b0 2004-575 du 21 juin 2004 pour la confiance dans l\u2019\u00e9conomie num\u00e9rique.<\/li>\n<li>R\u00e8glement G\u00e9n\u00e9ral sur la Protection des Donn\u00e9es personnelles (RGPD) du 14 avril 2016 (n\u00b0 2016\/679).<\/li>\n<\/ul>\n<p>Les donn\u00e9es personnelles des Utilisateurs sont collect\u00e9es et trait\u00e9es par\u00a0:<\/p>\n<p>APRIFEL, Association de loi 1901, enregistr\u00e9e le 31\/03\/1981<\/p>\n<p>Forme juridique : Association Loi 1901<\/p>\n<p>Si\u00e8ge social : 99 Boulevard Pereire, 75017 Paris<\/p>\n<p>T\u00e9l\u00e9phone : 01 49 49 15 15<\/p>\n<p>Fax : 01 49 49 15 16<\/p>\n<p>Email : contact@aprifel.com<\/p>\n<p>Aprifel a choisi de d\u00e9signer un DPO, que vous pouvez contacter \u00e0 l\u2019adresse email suivante : <a href=\"mailto:dpd@interfel.com\">dpd@interfel.com<\/a><\/p>\n<p>Aprifel collecte et \u00a0traite des informations personnelles relatives \u00e0 l\u2019utilisateur que pour le besoin de certains services propos\u00e9s par le site www.aprifel.com\u00a0:<\/p>\n<ul>\n<li>La gestion des soumissions et potentielles publications d\u2019abstracts dans la revue \u00ab\u00a0Equation nutrition\u00a0\u00bb\u00a0\u00e0 ce traitement est fond\u00e9 sur notre int\u00e9r\u00eat l\u00e9gitime \u00e0 g\u00e9rer nos publications\u00a0;<\/li>\n<li>La gestion de votre inscription \u00e0 sa newsletter \u00e0 ce traitement est fond\u00e9 sur votre consentement, requis lors de votre inscription.<\/li>\n<\/ul>\n<p>L\u2019utilisateur fournit ces informations en toute connaissance de cause, notamment lorsqu\u2019il proc\u00e8de par lui-m\u00eame \u00e0 leur saisie lors d\u2019une prise de contact par formulaire.<\/p>\n<p>Aprifel vous indique lorsque la fourniture d\u2019une information est obligatoire (notamment en raison d\u2019une obligation l\u00e9gale, r\u00e9glementaire, contractuelle ou tout simplement afin de pouvoir traiter votre demande ou vous r\u00e9pondre). Si vous ne renseignez pas ces informations dites \u00ab obligatoires \u00bb, Aprifel pourra se trouver dans l\u2019impossibilit\u00e9 de vous fournir certains services, ou de donner suite \u00e0 la demande ou au formulaire en cause. Les champs d\u2019un formulaire qui ne sont pas renseign\u00e9s comme \u00e9tant obligatoires, sont laiss\u00e9s \u00e0 votre discr\u00e9tion. Il vous appartient de choisir de les remplir ou non.<\/p>\n<p>D\u2019un point de vue g\u00e9n\u00e9ral, Aprifel conserve vos donn\u00e9es le temps de r\u00e9aliser la finalit\u00e9 pour laquelle elles ont \u00e9t\u00e9 collect\u00e9es, puis archiv\u00e9es pour la dur\u00e9e l\u00e9gale de prescription applicable, pour permettre \u00e0 Aprifel de r\u00e9pondre \u00e0 ses obligations l\u00e9gales, ou \u00e0 des fins probatoires.<\/p>\n<p>Conform\u00e9ment aux textes en vigueur applicables et dans le respect des r\u00e8gles et conditions \u00e9dict\u00e9es par R\u00e8glement G\u00e9n\u00e9ral de la Protection des donn\u00e9es Personnelles (RGPD), tout utilisateur dispose d\u2019un droit d\u2019acc\u00e8s, de rectification, de retrait de votre consentement \u00e0 recevoir la newsletter \u00e0 tout moment en cliquant sur le lien de d\u00e9sabonnement pr\u00e9sent dans l\u2019email d\u2019envoi, d\u2019effacement, de limitation, de portabilit\u00e9 et d\u2019opposition aux donn\u00e9es personnelles le concernant. Pour l\u2019exercer, adressez votre demande par email : contact@aprifel.com\u00a0ou en effectuant une demande \u00e9crite et sign\u00e9e \u00e0 l\u2019adresse suivante : 99 boulevard Pereire 75017 Paris, accompagn\u00e9e d\u2019une copie du titre d\u2019identit\u00e9 avec signature du titulaire de la pi\u00e8ce, en pr\u00e9cisant l\u2019adresse \u00e0 laquelle la r\u00e9ponse doit \u00eatre envoy\u00e9e.<\/p>\n<p>Par ailleurs, vous avez \u00e9galement la possibilit\u00e9 d\u2019introduire une r\u00e9clamation aupr\u00e8s de la CNIL soit :<\/p>\n<ul>\n<li>directement <a href=\"https:\/\/www.cnil.fr\/fr\/plaintes\">en ligne<\/a> ;<\/li>\n<li>par courrier : 3 Place Fontenoy \u2013 TSA 80715 \u2013 75334 Paris Cedex 07.<\/li>\n<\/ul>\n<p>Aucune information personnelle de l\u2019utilisateur du site www.aprifel.com\u00a0n\u2019est publi\u00e9e \u00e0 l\u2019insu de l\u2019utilisateur, \u00e9chang\u00e9e, c\u00e9d\u00e9e ou vendue sur un support quelconque \u00e0 des tiers.<\/p>\n<p>Les informations personnelles trait\u00e9es ne sont en aucun cas confi\u00e9es \u00e0 des tiers<\/p>\n<h4><strong>5.Cookies<\/strong><\/h4>\n<p>Vous \u00eates inform\u00e9 que, lors de vos visites sur le Site, sauf opposition de votre part lorsque cette possibilit\u00e9 vous est offerte, des cookies (traceurs) sont \u00eatre install\u00e9s ou lus. Vous pouvez \u00e0 tout moment retirer votre consentement en cliquant sur <a href=\"https:\/\/aprifel-pp.mentalworks.biz\"><u>ce lien.<\/u><\/a><\/p>\n<p><strong>DESCRIPTION DES COOKIES<\/strong><\/p>\n<p><strong>Cookies techniques<\/strong><\/p>\n<p>Il s\u2019agit des cookies\u00a0:<\/p>\n<ul>\n<li>Ayant pour finalit\u00e9 exclusive de permettre ou faciliter la communication par voie \u00e9lectronique\u00a0;<\/li>\n<li>N\u00e9cessaires \u00e0 la fourniture par Aprifel la fourniture d\u2019un service de communication en ligne \u00e0 votre demande expresse.<\/li>\n<\/ul>\n<p>Ces cookies ne n\u00e9cessitent pas de consentement et vous ne pouvez pas vous opposer au d\u00e9p\u00f4t de ces cookies.<\/p>\n<p>Ces cookies sont conserv\u00e9s le temps de la session.<\/p>\n<p><strong>Cookies de recueil de consentement<\/strong><\/p>\n<p>Lorsque vous acceptez l\u2019utilisation de certains cookies sur notre site Internet, des cookies de recueil de consentement, n\u00e9cessaire \u00e0 la preuve de celui-ci, pourront \u00eatre conserv\u00e9s.<\/p>\n<p>Ces cookies ne n\u00e9cessitent pas votre consentement.<\/p>\n<p><strong>Cookies de mesure d\u2019audience<\/strong><\/p>\n<p>Ces cookies nous permettent de d\u00e9terminer le nombre de visites et les sources du trafic, afin de mesurer et d\u2019am\u00e9liorer les performances de notre site Web. Ils nous aident \u00e9galement \u00e0 identifier les pages les plus ou moins visit\u00e9es et d\u2019\u00e9valuer comment les visiteurs naviguent sur le site Web. Toutes les informations collect\u00e9es par ces cookies sont agr\u00e9g\u00e9es et donc anonymis\u00e9es.<\/p>\n<p>Ces cookies sont mis en \u0153uvre par Google Analytics via Google Tag Manager.<\/p>\n<p>La liste des cookies pouvant \u00eatre d\u00e9pos\u00e9e par Google Tag Manager est consultable \u00e0 l\u2019adresse suivante\u00a0: <a href=\"https:\/\/tarteaucitron.io\/fr\/service\/googletagmanager\/\">https:\/\/tarteaucitron.io\/fr\/service\/googletagmanager\/<\/a><\/p>\n<p>Ces cookies sont conserv\u00e9s pour 13 mois.<\/p>\n<p>Vous pouvez consulter la politique de protection de donn\u00e9es de Google Analytics <a href=\"https:\/\/support.google.com\/analytics\/answer\/6004245?hl=fr&amp;ref_topic=2919631\">ici<\/a>.<\/p>\n<p>Vous pouvez d\u00e9sactiver les cookies Google Analytics en suivant <a href=\"https:\/\/support.google.com\/analytics\/answer\/181881?hl=fr\">ce lien<\/a>.<\/p>\n<p><strong>Cookies de partage<\/strong><\/p>\n<p>Notre site utilise des cookies afin de vous permettre de partager notre contenu sur vos pages de r\u00e9seaux sociaux ou plateformes. Vous pouvez consulter les politiques de confidentialit\u00e9 des r\u00e9seaux sociaux concern\u00e9s et retirer votre consentement \u00e0 l\u2019utilisation de ces cookies aux pages suivantes\u00a0:<\/p>\n<ul>\n<li><a href=\"https:\/\/pcdn.sharethis.com\/wp-content\/uploads\/2020\/04\/Privacy-Policy-3.30.20-French-v1.pdf\">Sharethis<\/a><\/li>\n<\/ul>\n<p>Le refus d\u2019utilisation de ces cookies entra\u00eenera le retrait de la possibilit\u00e9 de partager nos articles sur vos pages de r\u00e9seaux sociaux directement depuis notre site.<\/p>\n<p>La dur\u00e9e de vie de ces cookies est d\u00e9termin\u00e9e par chaque r\u00e9seau social mais ne peut exc\u00e9der pas treize (13) mois.<\/p>\n<p><strong>Comment g\u00e9rer vos cookies\u00a0?<\/strong><\/p>\n<p>Certains cookies sont n\u00e9cessaires \u00e0 l\u2019utilisation du site Internet et ne n\u00e9cessitent pas de consentement.<\/p>\n<p>Vous pouvez toutefois choisir de param\u00e9trer l\u2019utilisation de chaque cookie \u00e0 tout moment via la banni\u00e8re cookies pr\u00e9sente en bas de chaque page ou via notre gestionnaire de cookies <a href=\"#\" onclick=\"tarteaucitron.userInterface.openPanel();\">accessible ici<\/a>.<\/p>\n<p>Vous pouvez retirer votre consentement pour tout ou partie des cookies \u00e0 tout moment via la banni\u00e8re cookies pr\u00e9sente en bas de chaque page ou via notre gestionnaire de cookies <a href=\"#\" onclick=\"tarteaucitron.userInterface.openPanel();\">accessible ici<\/a>.<\/p>\n<h4><strong>6.Propri\u00e9t\u00e9 intellectuelle<\/strong><\/h4>\n<p>Tout le contenu du pr\u00e9sent site, incluant, de fa\u00e7on non limitative, les graphismes, images, textes, vid\u00e9os, animations, sons, logos, gifs et ic\u00f4nes ainsi que leur mise en forme sont la propri\u00e9t\u00e9 exclusive d\u2019Aprifel et\/ou de ses partenaires.<\/p>\n<p>Toute reproduction, distribution, modification, adaptation, retransmission ou publication, m\u00eame partielle, de ces diff\u00e9rents \u00e9l\u00e9ments est strictement interdite sans l\u2019accord expr\u00e8s par \u00e9crit d\u2019Aprifel. Cette repr\u00e9sentation ou reproduction, par quelque proc\u00e9d\u00e9 que ce soit, peuvent constituer une contrefa\u00e7on pouvant engager la responsabilit\u00e9 civile et p\u00e9nale du contrefacteur. Aprifel se r\u00e9serve le droit de toute action en justice \u00e0 l\u2019encontre du contrefacteur.<\/p>\n<p>Les utilisateurs et visiteurs du site internet peuvent mettre en place un hyperlien en direction de ce site, mais uniquement en direction de la page d\u2019accueil, accessible \u00e0 l\u2019URL suivante : <a href=\"https:\/\/aprifel-pp.mentalworks.biz\">www.aprifel.com<\/a>, \u00e0 condition que ce lien s\u2019ouvre dans une nouvelle fen\u00eatre. En particulier un lien vers une sous page (\u00ab lien profond \u00bb) est interdit, ainsi que l\u2019ouverture du pr\u00e9sent site au sein d\u2019un cadre (\u00ab framing \u00bb), sauf l\u2019autorisation expresse et pr\u00e9alable d\u2019Aprifel. Aprifel se r\u00e9serve le droit de demander la suppression d&rsquo;un lien qu&rsquo;il estime non conforme \u00e0 l&rsquo;objet du Site (notamment aux pr\u00e9sentes CGU), diffamant, contrefaisant, parasitant ou contrevenant \u00e0 ses droits ou \u00e0 ceux des tiers.<\/p>\n<p>Pour toute demande d\u2019autorisation ou d\u2019information, veuillez nous contacter par email : contact@aprifel.com.<\/p>\n<p>Par ailleurs, certains visuels int\u00e9gr\u00e9s dans ce site ont n\u00e9cessit\u00e9 le recours \u00e0 des sources externes dont nous avons acquis les droits ou dont les droits d\u2019utilisation sont ouverts. Certains visuels et photos ont \u00e9t\u00e9 acquises sur Adobe Stock.<\/p>\n<h4><strong>7.Liens hypertextes<\/strong><\/h4>\n<p>Le site internet d\u2019 Aprifel\u00a0peut proposer des liens vers d\u2019autres sites internet ou d\u2019autres ressources disponibles sur Internet.<\/p>\n<p>Aprifel\u00a0ne dispose d\u2019aucun moyen pour contr\u00f4ler les sites en connexion avec ses sites internet. Aprifel\u00a0ne r\u00e9pond pas de la disponibilit\u00e9 de tels sites et sources externes, ni ne la garantit. Elle ne peut \u00eatre tenue pour responsable de tout dommage, de quelque nature que ce soit, r\u00e9sultant du contenu de ces sites ou sources externes, et notamment des informations, produits ou services qu\u2019ils proposent, ou de tout usage qui peut \u00eatre fait de ces \u00e9l\u00e9ments. Les risques li\u00e9s \u00e0 cette utilisation incombent pleinement \u00e0 l\u2019internaute, qui doit se conformer \u00e0 leurs conditions d\u2019utilisation.<\/p>\n<h4><strong>8.Pr\u00e9cautions d&rsquo;usage<\/strong><\/h4>\n<p>Il vous incombe par cons\u00e9quent de prendre les pr\u00e9cautions d\u2019usage n\u00e9cessaires pour vous assurer que ce que vous choisissez d\u2019utiliser ne soit pas entach\u00e9 d\u2019erreurs voire d\u2019\u00e9l\u00e9ments de nature destructrice tels que virus, trojans, etc\u2026.<\/p>\n<h4><strong>9.Litiges<\/strong><\/h4>\n<p>Les pr\u00e9sentes conditions sont r\u00e9gies par les lois fran\u00e7aises et toute contestation ou litige qui pourraient na\u00eetre de l\u2019interpr\u00e9tation ou de l\u2019ex\u00e9cution de celles-ci seront de la comp\u00e9tence exclusive des tribunaux dont d\u00e9pend le si\u00e8ge social d\u2019Aprifel. La langue de r\u00e9f\u00e9rence, pour le r\u00e8glement de contentieux \u00e9ventuels, est le fran\u00e7ais.<\/p>\n<h4><strong>10.Contactez-nous<\/strong><\/h4>\n<p>Aprifel est \u00e0 votre disposition pour tous vos commentaires ou suggestions. Vous pouvez nous \u00e9crire en fran\u00e7ais par courrier \u00e9lectronique \u00e0 : contact@aprifel.com.<\/p>\n<p>&nbsp;<\/p>\n","protected":false},"excerpt":{"rendered":"1.Champ d&rsquo;application des CGU Cr\u00e9\u00e9e en 1981, Aprifel, l\u2019Agence pour la recherche et l\u2019information en fruits et l\u00e9gumes, est une association de loi 1901, \u00a0qui a pour objectifs de traduire la science en actions, d\u2019assurer l\u2019interface entre les scientifiques, la soci\u00e9t\u00e9 civile et les professionnels des fruits et l\u00e9gumes, d\u2019\u0153uvrer pour la vulgarisation et la [&hellip;]","protected":false},"author":22,"featured_media":0,"parent":0,"menu_order":34,"comment_status":"closed","ping_status":"closed","template":"","meta":{"_acf_changed":false,"footnotes":""},"class_list":["post-72271","page","type-page","status-publish","hentry"],"acf":[],"yoast_head":"<!-- This site is optimized with the Yoast SEO Premium plugin v23.6 (Yoast SEO v23.6) - https:\/\/yoast.com\/wordpress\/plugins\/seo\/ -->\n<title>Conditions g\u00e9n\u00e9rales d&#039;utilisation - Aprifel<\/title>\n<meta name=\"description\" content=\"Conditions g\u00e9n\u00e9rales d&#039;utilisation - Aprifel\" \/>\n<meta name=\"robots\" content=\"index, follow, max-snippet:-1, max-image-preview:large, max-video-preview:-1\" \/>\n<link rel=\"canonical\" href=\"https:\/\/aprifel-pp.mentalworks.biz\/fr\/conditions-generales-utilisation\/\" \/>\n<meta property=\"og:locale\" content=\"fr_FR\" \/>\n<meta property=\"og:type\" content=\"article\" \/>\n<meta property=\"og:title\" content=\"Conditions g\u00e9n\u00e9rales d&#039;utilisation\" \/>\n<meta property=\"og:description\" content=\"Conditions g\u00e9n\u00e9rales d&#039;utilisation\" \/>\n<meta property=\"og:url\" content=\"https:\/\/aprifel-pp.mentalworks.biz\/fr\/conditions-generales-utilisation\/\" \/>\n<meta property=\"og:site_name\" content=\"Aprifel\" \/>\n<meta property=\"article:modified_time\" content=\"2021-03-20T14:14:39+00:00\" \/>\n<meta name=\"twitter:card\" content=\"summary_large_image\" \/>\n<meta name=\"twitter:label1\" content=\"Dur\u00e9e de lecture estim\u00e9e\" \/>\n\t<meta name=\"twitter:data1\" content=\"12 minutes\" \/>\n<script type=\"application\/ld+json\" class=\"yoast-schema-graph\">{\"@context\":\"https:\/\/schema.org\",\"@graph\":[{\"@type\":\"WebPage\",\"@id\":\"https:\/\/aprifel-pp.mentalworks.biz\/fr\/conditions-generales-utilisation\/\",\"url\":\"https:\/\/aprifel-pp.mentalworks.biz\/fr\/conditions-generales-utilisation\/\",\"name\":\"Conditions g\u00e9n\u00e9rales d'utilisation - Aprifel\",\"isPartOf\":{\"@id\":\"https:\/\/www.aprifel.com\/fr\/#website\"},\"datePublished\":\"2020-08-10T20:36:32+00:00\",\"dateModified\":\"2021-03-20T14:14:39+00:00\",\"description\":\"Conditions g\u00e9n\u00e9rales d'utilisation - Aprifel\",\"breadcrumb\":{\"@id\":\"https:\/\/aprifel-pp.mentalworks.biz\/fr\/conditions-generales-utilisation\/#breadcrumb\"},\"inLanguage\":\"fr-FR\",\"potentialAction\":[{\"@type\":\"ReadAction\",\"target\":[\"https:\/\/aprifel-pp.mentalworks.biz\/fr\/conditions-generales-utilisation\/\"]}]},{\"@type\":\"BreadcrumbList\",\"@id\":\"https:\/\/aprifel-pp.mentalworks.biz\/fr\/conditions-generales-utilisation\/#breadcrumb\",\"itemListElement\":[{\"@type\":\"ListItem\",\"position\":1,\"name\":\"Accueil\",\"item\":\"https:\/\/www.aprifel.com\/fr\/\"},{\"@type\":\"ListItem\",\"position\":2,\"name\":\"Conditions g\u00e9n\u00e9rales d&rsquo;utilisation\"}]},{\"@type\":\"WebSite\",\"@id\":\"https:\/\/www.aprifel.com\/fr\/#website\",\"url\":\"https:\/\/www.aprifel.com\/fr\/\",\"name\":\"Aprifel\",\"description\":\"Agence pour la Recherche et l\u2019Information en Fruits et L\u00e9gumes\",\"potentialAction\":[{\"@type\":\"SearchAction\",\"target\":{\"@type\":\"EntryPoint\",\"urlTemplate\":\"https:\/\/www.aprifel.com\/fr\/?s={search_term_string}\"},\"query-input\":{\"@type\":\"PropertyValueSpecification\",\"valueRequired\":true,\"valueName\":\"search_term_string\"}}],\"inLanguage\":\"fr-FR\"}]}<\/script>\n<!-- \/ Yoast SEO Premium plugin. -->","yoast_head_json":{"title":"Conditions g\u00e9n\u00e9rales d'utilisation - Aprifel","description":"Conditions g\u00e9n\u00e9rales d'utilisation - Aprifel","robots":{"index":"index","follow":"follow","max-snippet":"max-snippet:-1","max-image-preview":"max-image-preview:large","max-video-preview":"max-video-preview:-1"},"canonical":"https:\/\/aprifel-pp.mentalworks.biz\/fr\/conditions-generales-utilisation\/","og_locale":"fr_FR","og_type":"article","og_title":"Conditions g\u00e9n\u00e9rales d'utilisation","og_description":"Conditions g\u00e9n\u00e9rales d'utilisation","og_url":"https:\/\/aprifel-pp.mentalworks.biz\/fr\/conditions-generales-utilisation\/","og_site_name":"Aprifel","article_modified_time":"2021-03-20T14:14:39+00:00","twitter_card":"summary_large_image","twitter_misc":{"Dur\u00e9e de lecture estim\u00e9e":"12 minutes"},"schema":{"@context":"https:\/\/schema.org","@graph":[{"@type":"WebPage","@id":"https:\/\/aprifel-pp.mentalworks.biz\/fr\/conditions-generales-utilisation\/","url":"https:\/\/aprifel-pp.mentalworks.biz\/fr\/conditions-generales-utilisation\/","name":"Conditions g\u00e9n\u00e9rales d'utilisation - Aprifel","isPartOf":{"@id":"https:\/\/www.aprifel.com\/fr\/#website"},"datePublished":"2020-08-10T20:36:32+00:00","dateModified":"2021-03-20T14:14:39+00:00","description":"Conditions g\u00e9n\u00e9rales d'utilisation - Aprifel","breadcrumb":{"@id":"https:\/\/aprifel-pp.mentalworks.biz\/fr\/conditions-generales-utilisation\/#breadcrumb"},"inLanguage":"fr-FR","potentialAction":[{"@type":"ReadAction","target":["https:\/\/aprifel-pp.mentalworks.biz\/fr\/conditions-generales-utilisation\/"]}]},{"@type":"BreadcrumbList","@id":"https:\/\/aprifel-pp.mentalworks.biz\/fr\/conditions-generales-utilisation\/#breadcrumb","itemListElement":[{"@type":"ListItem","position":1,"name":"Accueil","item":"https:\/\/www.aprifel.com\/fr\/"},{"@type":"ListItem","position":2,"name":"Conditions g\u00e9n\u00e9rales d&rsquo;utilisation"}]},{"@type":"WebSite","@id":"https:\/\/www.aprifel.com\/fr\/#website","url":"https:\/\/www.aprifel.com\/fr\/","name":"Aprifel","description":"Agence pour la Recherche et l\u2019Information en Fruits et L\u00e9gumes","potentialAction":[{"@type":"SearchAction","target":{"@type":"EntryPoint","urlTemplate":"https:\/\/www.aprifel.com\/fr\/?s={search_term_string}"},"query-input":{"@type":"PropertyValueSpecification","valueRequired":true,"valueName":"search_term_string"}}],"inLanguage":"fr-FR"}]}},"_links":{"self":[{"href":"https:\/\/aprifel-pp.mentalworks.biz\/fr\/wp-json\/wp\/v2\/pages\/72271"}],"collection":[{"href":"https:\/\/aprifel-pp.mentalworks.biz\/fr\/wp-json\/wp\/v2\/pages"}],"about":[{"href":"https:\/\/aprifel-pp.mentalworks.biz\/fr\/wp-json\/wp\/v2\/types\/page"}],"author":[{"embeddable":true,"href":"https:\/\/aprifel-pp.mentalworks.biz\/fr\/wp-json\/wp\/v2\/users\/22"}],"replies":[{"embeddable":true,"href":"https:\/\/aprifel-pp.mentalworks.biz\/fr\/wp-json\/wp\/v2\/comments?post=72271"}],"version-history":[{"count":23,"href":"https:\/\/aprifel-pp.mentalworks.biz\/fr\/wp-json\/wp\/v2\/pages\/72271\/revisions"}],"predecessor-version":[{"id":81471,"href":"https:\/\/aprifel-pp.mentalworks.biz\/fr\/wp-json\/wp\/v2\/pages\/72271\/revisions\/81471"}],"wp:attachment":[{"href":"https:\/\/aprifel-pp.mentalworks.biz\/fr\/wp-json\/wp\/v2\/media?parent=72271"}],"curies":[{"name":"wp","href":"https:\/\/api.w.org\/{rel}","templated":true}]}}