{"id":72268,"date":"2020-08-10T22:33:00","date_gmt":"2020-08-10T20:33:00","guid":{"rendered":"https:\/\/aprifel-pp.mentalworks.biz\/?page_id=72268"},"modified":"2024-08-14T16:54:01","modified_gmt":"2024-08-14T14:54:01","slug":"mentions-legales","status":"publish","type":"page","link":"https:\/\/aprifel-pp.mentalworks.biz\/fr\/mentions-legales\/","title":{"rendered":"Mentions l\u00e9gales"},"content":{"rendered":"\n<p>Le site<a href=\"http:\/\/aprifel-pp.mentalworks.biz\" target=\"_blank\" rel=\"noreferrer noopener\"> http:\/\/aprifel-pp.mentalworks.biz<\/a> est \u00e9dit\u00e9 par <em>APRIFEL<\/em>, l&rsquo;agence pour la recherche et l&rsquo;information en fruits et l\u00e9gumes.<\/p>\n\n\n\n<h3 class=\"wp-block-heading\" id=\"h-editeur-du-site\"><strong><u>\u00c9diteur du site<\/u><\/strong><\/h3>\n\n\n\n<p><strong>D\u00e9nomination sociale&nbsp;:<\/strong> APRIFEL, Association de loi 1901, enregistr\u00e9e le 31\/03\/1981<\/p>\n\n\n\n<p><strong>Forme juridique :<\/strong>&nbsp;Association Loi 1901<br><strong>Si\u00e8ge social :<\/strong>&nbsp;99 Boulevard Pereire, 75017 Paris<br><strong>T\u00e9l\u00e9phone :<\/strong>&nbsp;01 49 49 15 15<br><strong>Fax :<\/strong>&nbsp;01 49 49 15 16<br><strong>Email : <\/strong>contact@aprifel.com<\/p>\n\n\n\n<p><strong>Siret :<\/strong>&nbsp;N\u00b0 323 687 624 000 52<\/p>\n\n\n\n<p><strong>Directrice de la publication :<\/strong> Delphine Tailliez, Directrice d\u2019Aprifel<br><strong>Responsable de la r\u00e9daction :<\/strong> Delphine Tailliez, Directrice d\u2019Aprifel<\/p>\n\n\n\n<p><strong><u>H\u00e9bergement du site<\/u><\/strong><br>Cognix Systems \u00e0 partir de la plateforme OVH<br>RCS Roubaix-Tourcoing B 424 761 419<br>Si\u00e8ge social : 140 Quai du Sartel<br>59100 ROUBAIX &#8211; France<\/p>\n","protected":false},"excerpt":{"rendered":"Le site http:\/\/aprifel-pp.mentalworks.biz est \u00e9dit\u00e9 par APRIFEL, l&rsquo;agence pour la recherche et l&rsquo;information en fruits et l\u00e9gumes. \u00c9diteur du site D\u00e9nomination sociale&nbsp;: APRIFEL, Association de loi 1901, enregistr\u00e9e le 31\/03\/1981 Forme juridique :&nbsp;Association Loi 1901Si\u00e8ge social :&nbsp;99 Boulevard Pereire, 75017 ParisT\u00e9l\u00e9phone :&nbsp;01 49 49 15 15Fax :&nbsp;01 49 49 15 16Email : contact@aprifel.com Siret :&nbsp;N\u00b0 [&hellip;]","protected":false},"author":22,"featured_media":0,"parent":0,"menu_order":31,"comment_status":"closed","ping_status":"closed","template":"","meta":{"_acf_changed":false,"footnotes":""},"class_list":["post-72268","page","type-page","status-publish","hentry"],"acf":[],"yoast_head":"<!-- This site is optimized with the Yoast SEO Premium plugin v23.6 (Yoast SEO v23.6) - https:\/\/yoast.com\/wordpress\/plugins\/seo\/ -->\n<title>Mentions l\u00e9gales - Aprifel<\/title>\n<meta name=\"description\" content=\"Mentions l\u00e9gales - Aprifel\" \/>\n<meta name=\"robots\" content=\"index, follow, max-snippet:-1, max-image-preview:large, max-video-preview:-1\" \/>\n<link rel=\"canonical\" href=\"https:\/\/aprifel-pp.mentalworks.biz\/fr\/mentions-legales\/\" \/>\n<meta property=\"og:locale\" content=\"fr_FR\" \/>\n<meta property=\"og:type\" content=\"article\" \/>\n<meta property=\"og:title\" content=\"Mentions l\u00e9gales\" \/>\n<meta property=\"og:description\" content=\"Mentions l\u00e9gales\" \/>\n<meta property=\"og:url\" content=\"https:\/\/aprifel-pp.mentalworks.biz\/fr\/mentions-legales\/\" \/>\n<meta property=\"og:site_name\" content=\"Aprifel\" \/>\n<meta property=\"article:modified_time\" content=\"2024-08-14T14:54:01+00:00\" \/>\n<meta name=\"twitter:card\" content=\"summary_large_image\" \/>\n<meta name=\"twitter:label1\" content=\"Dur\u00e9e de lecture estim\u00e9e\" \/>\n\t<meta name=\"twitter:data1\" content=\"1 minute\" \/>\n<script type=\"application\/ld+json\" class=\"yoast-schema-graph\">{\"@context\":\"https:\/\/schema.org\",\"@graph\":[{\"@type\":\"WebPage\",\"@id\":\"https:\/\/aprifel-pp.mentalworks.biz\/fr\/mentions-legales\/\",\"url\":\"https:\/\/aprifel-pp.mentalworks.biz\/fr\/mentions-legales\/\",\"name\":\"Mentions l\u00e9gales - Aprifel\",\"isPartOf\":{\"@id\":\"https:\/\/www.aprifel.com\/fr\/#website\"},\"datePublished\":\"2020-08-10T20:33:00+00:00\",\"dateModified\":\"2024-08-14T14:54:01+00:00\",\"description\":\"Mentions l\u00e9gales - Aprifel\",\"breadcrumb\":{\"@id\":\"https:\/\/aprifel-pp.mentalworks.biz\/fr\/mentions-legales\/#breadcrumb\"},\"inLanguage\":\"fr-FR\",\"potentialAction\":[{\"@type\":\"ReadAction\",\"target\":[\"https:\/\/aprifel-pp.mentalworks.biz\/fr\/mentions-legales\/\"]}]},{\"@type\":\"BreadcrumbList\",\"@id\":\"https:\/\/aprifel-pp.mentalworks.biz\/fr\/mentions-legales\/#breadcrumb\",\"itemListElement\":[{\"@type\":\"ListItem\",\"position\":1,\"name\":\"Accueil\",\"item\":\"https:\/\/www.aprifel.com\/fr\/\"},{\"@type\":\"ListItem\",\"position\":2,\"name\":\"Mentions l\u00e9gales\"}]},{\"@type\":\"WebSite\",\"@id\":\"https:\/\/www.aprifel.com\/fr\/#website\",\"url\":\"https:\/\/www.aprifel.com\/fr\/\",\"name\":\"Aprifel\",\"description\":\"Agence pour la Recherche et l\u2019Information en Fruits et L\u00e9gumes\",\"potentialAction\":[{\"@type\":\"SearchAction\",\"target\":{\"@type\":\"EntryPoint\",\"urlTemplate\":\"https:\/\/www.aprifel.com\/fr\/?s={search_term_string}\"},\"query-input\":{\"@type\":\"PropertyValueSpecification\",\"valueRequired\":true,\"valueName\":\"search_term_string\"}}],\"inLanguage\":\"fr-FR\"}]}<\/script>\n<!-- \/ Yoast SEO Premium plugin. -->","yoast_head_json":{"title":"Mentions l\u00e9gales - Aprifel","description":"Mentions l\u00e9gales - Aprifel","robots":{"index":"index","follow":"follow","max-snippet":"max-snippet:-1","max-image-preview":"max-image-preview:large","max-video-preview":"max-video-preview:-1"},"canonical":"https:\/\/aprifel-pp.mentalworks.biz\/fr\/mentions-legales\/","og_locale":"fr_FR","og_type":"article","og_title":"Mentions l\u00e9gales","og_description":"Mentions l\u00e9gales","og_url":"https:\/\/aprifel-pp.mentalworks.biz\/fr\/mentions-legales\/","og_site_name":"Aprifel","article_modified_time":"2024-08-14T14:54:01+00:00","twitter_card":"summary_large_image","twitter_misc":{"Dur\u00e9e de lecture estim\u00e9e":"1 minute"},"schema":{"@context":"https:\/\/schema.org","@graph":[{"@type":"WebPage","@id":"https:\/\/aprifel-pp.mentalworks.biz\/fr\/mentions-legales\/","url":"https:\/\/aprifel-pp.mentalworks.biz\/fr\/mentions-legales\/","name":"Mentions l\u00e9gales - Aprifel","isPartOf":{"@id":"https:\/\/www.aprifel.com\/fr\/#website"},"datePublished":"2020-08-10T20:33:00+00:00","dateModified":"2024-08-14T14:54:01+00:00","description":"Mentions l\u00e9gales - Aprifel","breadcrumb":{"@id":"https:\/\/aprifel-pp.mentalworks.biz\/fr\/mentions-legales\/#breadcrumb"},"inLanguage":"fr-FR","potentialAction":[{"@type":"ReadAction","target":["https:\/\/aprifel-pp.mentalworks.biz\/fr\/mentions-legales\/"]}]},{"@type":"BreadcrumbList","@id":"https:\/\/aprifel-pp.mentalworks.biz\/fr\/mentions-legales\/#breadcrumb","itemListElement":[{"@type":"ListItem","position":1,"name":"Accueil","item":"https:\/\/www.aprifel.com\/fr\/"},{"@type":"ListItem","position":2,"name":"Mentions l\u00e9gales"}]},{"@type":"WebSite","@id":"https:\/\/www.aprifel.com\/fr\/#website","url":"https:\/\/www.aprifel.com\/fr\/","name":"Aprifel","description":"Agence pour la Recherche et l\u2019Information en Fruits et L\u00e9gumes","potentialAction":[{"@type":"SearchAction","target":{"@type":"EntryPoint","urlTemplate":"https:\/\/www.aprifel.com\/fr\/?s={search_term_string}"},"query-input":{"@type":"PropertyValueSpecification","valueRequired":true,"valueName":"search_term_string"}}],"inLanguage":"fr-FR"}]}},"_links":{"self":[{"href":"https:\/\/aprifel-pp.mentalworks.biz\/fr\/wp-json\/wp\/v2\/pages\/72268"}],"collection":[{"href":"https:\/\/aprifel-pp.mentalworks.biz\/fr\/wp-json\/wp\/v2\/pages"}],"about":[{"href":"https:\/\/aprifel-pp.mentalworks.biz\/fr\/wp-json\/wp\/v2\/types\/page"}],"author":[{"embeddable":true,"href":"https:\/\/aprifel-pp.mentalworks.biz\/fr\/wp-json\/wp\/v2\/users\/22"}],"replies":[{"embeddable":true,"href":"https:\/\/aprifel-pp.mentalworks.biz\/fr\/wp-json\/wp\/v2\/comments?post=72268"}],"version-history":[{"count":7,"href":"https:\/\/aprifel-pp.mentalworks.biz\/fr\/wp-json\/wp\/v2\/pages\/72268\/revisions"}],"predecessor-version":[{"id":98809,"href":"https:\/\/aprifel-pp.mentalworks.biz\/fr\/wp-json\/wp\/v2\/pages\/72268\/revisions\/98809"}],"wp:attachment":[{"href":"https:\/\/aprifel-pp.mentalworks.biz\/fr\/wp-json\/wp\/v2\/media?parent=72268"}],"curies":[{"name":"wp","href":"https:\/\/api.w.org\/{rel}","templated":true}]}}