{"id":72189,"date":"2020-07-30T09:49:01","date_gmt":"2020-07-30T07:49:01","guid":{"rendered":"https:\/\/aprifel-pp.mentalworks.biz\/?page_id=72189"},"modified":"2024-08-07T17:26:42","modified_gmt":"2024-08-07T15:26:42","slug":"gouvernance","status":"publish","type":"page","link":"https:\/\/aprifel-pp.mentalworks.biz\/fr\/gouvernance\/","title":{"rendered":"Gouvernance"},"content":{"rendered":"<div id=\"pl-72189\"  class=\"panel-layout\" ><div id=\"pg-72189-0\"  class=\"panel-grid panel-no-style\" ><div id=\"pgc-72189-0-0\"  class=\"panel-grid-cell\" ><div id=\"panel-72189-0-0-0\" class=\"so-panel widget widget_sow-editor panel-first-child panel-last-child\" data-index=\"0\" ><div\n\t\t\t\n\t\t\tclass=\"so-widget-sow-editor so-widget-sow-editor-base\"\n\t\t\t\n\t\t>\n<div class=\"siteorigin-widget-tinymce textwidget\">\n\t<p><strong><span style=\"line-height: 20pt;\">Reflet de son r\u00f4le d\u2019interface, la gouvernance d\u2019Aprifel r\u00e9unit scientifiques, soci\u00e9t\u00e9 civile et acteurs professionnels. Elle se compose de trois instances aux r\u00f4les distincts et compl\u00e9mentaires. Le Conseil d\u2019administration acte les grandes orientations de l\u2019association.<\/span><\/strong><\/p>\n<p><strong><span style=\"line-height: 20pt;\">Une fois valid\u00e9es, les actions d\u2019Aprifel sont mises en \u0153uvre par une \u00e9quipe permanente dont le travail se fonde sur les travaux r\u00e9alis\u00e9s au sein du Conseil scientifique et du Conseil consommateurs. L\u2019aval de ces trois parties est pr\u00e9alable \u00e0 toutes les actions d\u2019Aprifel.<\/span><\/strong><\/p>\n<\/div>\n<\/div><\/div><\/div><\/div><div id=\"pg-72189-1\"  class=\"panel-grid panel-no-style\" ><div id=\"pgc-72189-1-0\"  class=\"panel-grid-cell\" ><div id=\"panel-72189-1-0-0\" class=\"so-panel widget widget_media_image panel-first-child panel-last-child\" data-index=\"1\" ><img loading=\"lazy\" decoding=\"async\" class=\"image \" src=\"https:\/\/aprifel-pp.mentalworks.biz\/wp-content\/uploads\/2020\/08\/gouvernance-ca-1.png\" alt=\"\" width=\"502\" height=\"324\" \/><\/div><\/div><div id=\"pgc-72189-1-1\"  class=\"panel-grid-cell\" ><div id=\"panel-72189-1-1-0\" class=\"so-panel widget widget_sow-editor panel-first-child panel-last-child\" data-index=\"2\" ><div\n\t\t\t\n\t\t\tclass=\"so-widget-sow-editor so-widget-sow-editor-base\"\n\t\t\t\n\t\t>\n<div class=\"siteorigin-widget-tinymce textwidget\">\n\t<p>Le <strong>Conseil d\u2019administration<\/strong> veille \u00e0 la gestion administrative et financi\u00e8re d\u2019Aprifel. Il donne son avis sur les comptes, valide les budgets et les programmes d\u2019actions annuels de l\u2019association. Il se compose de personnalit\u00e9s repr\u00e9sentatives des champs de comp\u00e9tences de l'association.<\/p>\n<p><a class=\"btn btn-outline-primary text-uppercase icon-left\" href=\"..\/gouvernance\/conseil-administration\/\" rel=\"noopener noreferrer\">En savoir plus<\/a><\/p>\n<\/div>\n<\/div><\/div><\/div><\/div><div id=\"pg-72189-2\"  class=\"panel-grid panel-no-style\" ><div id=\"pgc-72189-2-0\"  class=\"panel-grid-cell\" ><div id=\"panel-72189-2-0-0\" class=\"so-panel widget widget_media_image panel-first-child panel-last-child\" data-index=\"3\" ><img loading=\"lazy\" decoding=\"async\" width=\"502\" height=\"324\" src=\"https:\/\/aprifel-pp.mentalworks.biz\/wp-content\/uploads\/2020\/08\/gouvernance-cs.png\" class=\"image wp-image-72641  attachment-full size-full\" alt=\"\" style=\"max-width: 100%; height: auto;\" \/><\/div><\/div><div id=\"pgc-72189-2-1\"  class=\"panel-grid-cell\" ><div id=\"panel-72189-2-1-0\" class=\"so-panel widget widget_sow-editor panel-first-child panel-last-child\" data-index=\"4\" ><div\n\t\t\t\n\t\t\tclass=\"so-widget-sow-editor so-widget-sow-editor-base\"\n\t\t\t\n\t\t>\n<div class=\"siteorigin-widget-tinymce textwidget\">\n\t<p>Cr\u00e9\u00e9 en 2000, le <strong>Conseil scientifique<\/strong> d\u2019Aprifel rassemble l\u2019ensemble des comp\u00e9tences scientifiques n\u00e9cessaires pour \u00e9clairer les travaux de l\u2019association : m\u00e9decine, nutrition, toxicologie, biologie mol\u00e9culaire, agronomie, microbiologie, \u00e9conomie. Il regroupe <strong>8 experts<\/strong>. Se r\u00e9unissant quatre \u00e0 cinq fois par an, le Conseil scientifique est consult\u00e9 par Aprifel autant que de besoin au fil de son action.<\/p>\n<p><a class=\"btn btn-outline-primary text-uppercase icon-left\" href=\"..\/gouvernance\/conseil-scientifique\/\" rel=\"noopener noreferrer\">En savoir plus<\/a><\/p>\n<\/div>\n<\/div><\/div><\/div><\/div><div id=\"pg-72189-3\"  class=\"panel-grid panel-no-style\" ><div id=\"pgc-72189-3-0\"  class=\"panel-grid-cell\" ><div id=\"panel-72189-3-0-0\" class=\"so-panel widget widget_media_image panel-first-child panel-last-child\" data-index=\"5\" ><img loading=\"lazy\" decoding=\"async\" width=\"502\" height=\"324\" src=\"https:\/\/aprifel-pp.mentalworks.biz\/wp-content\/uploads\/2020\/08\/gouvernance-cc.png\" class=\"image wp-image-72639  attachment-full size-full\" alt=\"\" style=\"max-width: 100%; height: auto;\" \/><\/div><\/div><div id=\"pgc-72189-3-1\"  class=\"panel-grid-cell\" ><div id=\"panel-72189-3-1-0\" class=\"so-panel widget widget_sow-editor panel-first-child panel-last-child\" data-index=\"6\" ><div\n\t\t\t\n\t\t\tclass=\"so-widget-sow-editor so-widget-sow-editor-base\"\n\t\t\t\n\t\t>\n<div class=\"siteorigin-widget-tinymce textwidget\">\n\t<p>Dans une volont\u00e9 d\u2019\u00e9coute et de transparence, Aprifel a souhait\u00e9, d\u00e8s 2009, s\u2019ouvrir \u00e0 la soci\u00e9t\u00e9 en cr\u00e9ant un <strong>Conseil consommateurs<\/strong>. Pr\u00e9sid\u00e9e par un scientifique expert des questions d\u2019alimentation, cette structure est un lieu de dialogue entre diff\u00e9rentes parties prenantes. Par ce biais il s\u2019agit de mieux comprendre les attentes et r\u00e9alit\u00e9s de chacun, de r\u00e9pondre aux questions des associations de consommateurs et de s\u2019assurer que les actions r\u00e9alis\u00e9es par Aprifel correspondent aux besoins identifi\u00e9s. R\u00e9unissant <strong>onze associations nationales agr\u00e9\u00e9es<\/strong>, le conseil se r\u00e9unit plusieurs fois par an et est r\u00e9guli\u00e8rement consult\u00e9 par Aprifel au fil de son action.<\/p>\n<p><a class=\"btn btn-outline-primary text-uppercase icon-left\" href=\"..\/gouvernance\/conseil-consommateurs\/\" rel=\"noopener noreferrer\">En savoir plus<\/a><\/p>\n<\/div>\n<\/div><\/div><\/div><\/div><\/div>","protected":false},"excerpt":{"rendered":"Reflet de son r\u00f4le d\u2019interface, la gouvernance d\u2019Aprifel r\u00e9unit scientifiques, soci\u00e9t\u00e9 civile et acteurs professionnels. Elle se compose de trois instances aux r\u00f4les distincts et compl\u00e9mentaires. Le Conseil d\u2019administration acte les grandes orientations de l\u2019association. Une fois valid\u00e9es, les actions d\u2019Aprifel sont mises en \u0153uvre par une \u00e9quipe permanente dont le travail se fonde sur [&hellip;]","protected":false},"author":22,"featured_media":0,"parent":0,"menu_order":13,"comment_status":"closed","ping_status":"closed","template":"","meta":{"_acf_changed":false,"footnotes":""},"class_list":["post-72189","page","type-page","status-publish","hentry"],"acf":[],"yoast_head":"<!-- This site is optimized with the Yoast SEO Premium plugin v23.6 (Yoast SEO v23.6) - https:\/\/yoast.com\/wordpress\/plugins\/seo\/ -->\n<title>Aprifel - conseil d&#039;administration et gouvernance<\/title>\n<meta name=\"description\" content=\"Avec ses 3 conseils, la gouvernance d&#039;Aprifel refl\u00e8te son r\u00f4le et r\u00e9unit scientifiques, repr\u00e9sentants de la soci\u00e9t\u00e9 civile et professionnels des fruits &amp; l\u00e9gumes.\" \/>\n<meta name=\"robots\" content=\"index, follow, max-snippet:-1, max-image-preview:large, max-video-preview:-1\" \/>\n<link rel=\"canonical\" href=\"https:\/\/aprifel-pp.mentalworks.biz\/fr\/gouvernance\/\" \/>\n<meta property=\"og:locale\" content=\"fr_FR\" \/>\n<meta property=\"og:type\" content=\"article\" \/>\n<meta property=\"og:title\" content=\"Gouvernance\" \/>\n<meta property=\"og:description\" content=\"Gouvernance\" \/>\n<meta property=\"og:url\" content=\"https:\/\/aprifel-pp.mentalworks.biz\/fr\/gouvernance\/\" \/>\n<meta property=\"og:site_name\" content=\"Aprifel\" \/>\n<meta property=\"article:modified_time\" content=\"2024-08-07T15:26:42+00:00\" \/>\n<meta name=\"twitter:card\" content=\"summary_large_image\" \/>\n<meta name=\"twitter:label1\" content=\"Dur\u00e9e de lecture estim\u00e9e\" \/>\n\t<meta name=\"twitter:data1\" content=\"3 minutes\" \/>\n<script type=\"application\/ld+json\" class=\"yoast-schema-graph\">{\"@context\":\"https:\/\/schema.org\",\"@graph\":[{\"@type\":\"WebPage\",\"@id\":\"https:\/\/aprifel-pp.mentalworks.biz\/fr\/gouvernance\/\",\"url\":\"https:\/\/aprifel-pp.mentalworks.biz\/fr\/gouvernance\/\",\"name\":\"Aprifel - conseil d'administration et gouvernance\",\"isPartOf\":{\"@id\":\"https:\/\/www.aprifel.com\/fr\/#website\"},\"datePublished\":\"2020-07-30T07:49:01+00:00\",\"dateModified\":\"2024-08-07T15:26:42+00:00\",\"description\":\"Avec ses 3 conseils, la gouvernance d'Aprifel refl\u00e8te son r\u00f4le et r\u00e9unit scientifiques, repr\u00e9sentants de la soci\u00e9t\u00e9 civile et professionnels des fruits & l\u00e9gumes.\",\"breadcrumb\":{\"@id\":\"https:\/\/aprifel-pp.mentalworks.biz\/fr\/gouvernance\/#breadcrumb\"},\"inLanguage\":\"fr-FR\",\"potentialAction\":[{\"@type\":\"ReadAction\",\"target\":[\"https:\/\/aprifel-pp.mentalworks.biz\/fr\/gouvernance\/\"]}]},{\"@type\":\"BreadcrumbList\",\"@id\":\"https:\/\/aprifel-pp.mentalworks.biz\/fr\/gouvernance\/#breadcrumb\",\"itemListElement\":[{\"@type\":\"ListItem\",\"position\":1,\"name\":\"Accueil\",\"item\":\"https:\/\/www.aprifel.com\/fr\/\"},{\"@type\":\"ListItem\",\"position\":2,\"name\":\"Gouvernance\"}]},{\"@type\":\"WebSite\",\"@id\":\"https:\/\/www.aprifel.com\/fr\/#website\",\"url\":\"https:\/\/www.aprifel.com\/fr\/\",\"name\":\"Aprifel\",\"description\":\"Agence pour la Recherche et l\u2019Information en Fruits et L\u00e9gumes\",\"potentialAction\":[{\"@type\":\"SearchAction\",\"target\":{\"@type\":\"EntryPoint\",\"urlTemplate\":\"https:\/\/www.aprifel.com\/fr\/?s={search_term_string}\"},\"query-input\":{\"@type\":\"PropertyValueSpecification\",\"valueRequired\":true,\"valueName\":\"search_term_string\"}}],\"inLanguage\":\"fr-FR\"}]}<\/script>\n<!-- \/ Yoast SEO Premium plugin. -->","yoast_head_json":{"title":"Aprifel - conseil d'administration et gouvernance","description":"Avec ses 3 conseils, la gouvernance d'Aprifel refl\u00e8te son r\u00f4le et r\u00e9unit scientifiques, repr\u00e9sentants de la soci\u00e9t\u00e9 civile et professionnels des fruits & l\u00e9gumes.","robots":{"index":"index","follow":"follow","max-snippet":"max-snippet:-1","max-image-preview":"max-image-preview:large","max-video-preview":"max-video-preview:-1"},"canonical":"https:\/\/aprifel-pp.mentalworks.biz\/fr\/gouvernance\/","og_locale":"fr_FR","og_type":"article","og_title":"Gouvernance","og_description":"Gouvernance","og_url":"https:\/\/aprifel-pp.mentalworks.biz\/fr\/gouvernance\/","og_site_name":"Aprifel","article_modified_time":"2024-08-07T15:26:42+00:00","twitter_card":"summary_large_image","twitter_misc":{"Dur\u00e9e de lecture estim\u00e9e":"3 minutes"},"schema":{"@context":"https:\/\/schema.org","@graph":[{"@type":"WebPage","@id":"https:\/\/aprifel-pp.mentalworks.biz\/fr\/gouvernance\/","url":"https:\/\/aprifel-pp.mentalworks.biz\/fr\/gouvernance\/","name":"Aprifel - conseil d'administration et gouvernance","isPartOf":{"@id":"https:\/\/www.aprifel.com\/fr\/#website"},"datePublished":"2020-07-30T07:49:01+00:00","dateModified":"2024-08-07T15:26:42+00:00","description":"Avec ses 3 conseils, la gouvernance d'Aprifel refl\u00e8te son r\u00f4le et r\u00e9unit scientifiques, repr\u00e9sentants de la soci\u00e9t\u00e9 civile et professionnels des fruits & l\u00e9gumes.","breadcrumb":{"@id":"https:\/\/aprifel-pp.mentalworks.biz\/fr\/gouvernance\/#breadcrumb"},"inLanguage":"fr-FR","potentialAction":[{"@type":"ReadAction","target":["https:\/\/aprifel-pp.mentalworks.biz\/fr\/gouvernance\/"]}]},{"@type":"BreadcrumbList","@id":"https:\/\/aprifel-pp.mentalworks.biz\/fr\/gouvernance\/#breadcrumb","itemListElement":[{"@type":"ListItem","position":1,"name":"Accueil","item":"https:\/\/www.aprifel.com\/fr\/"},{"@type":"ListItem","position":2,"name":"Gouvernance"}]},{"@type":"WebSite","@id":"https:\/\/www.aprifel.com\/fr\/#website","url":"https:\/\/www.aprifel.com\/fr\/","name":"Aprifel","description":"Agence pour la Recherche et l\u2019Information en Fruits et L\u00e9gumes","potentialAction":[{"@type":"SearchAction","target":{"@type":"EntryPoint","urlTemplate":"https:\/\/www.aprifel.com\/fr\/?s={search_term_string}"},"query-input":{"@type":"PropertyValueSpecification","valueRequired":true,"valueName":"search_term_string"}}],"inLanguage":"fr-FR"}]}},"_links":{"self":[{"href":"https:\/\/aprifel-pp.mentalworks.biz\/fr\/wp-json\/wp\/v2\/pages\/72189"}],"collection":[{"href":"https:\/\/aprifel-pp.mentalworks.biz\/fr\/wp-json\/wp\/v2\/pages"}],"about":[{"href":"https:\/\/aprifel-pp.mentalworks.biz\/fr\/wp-json\/wp\/v2\/types\/page"}],"author":[{"embeddable":true,"href":"https:\/\/aprifel-pp.mentalworks.biz\/fr\/wp-json\/wp\/v2\/users\/22"}],"replies":[{"embeddable":true,"href":"https:\/\/aprifel-pp.mentalworks.biz\/fr\/wp-json\/wp\/v2\/comments?post=72189"}],"version-history":[{"count":77,"href":"https:\/\/aprifel-pp.mentalworks.biz\/fr\/wp-json\/wp\/v2\/pages\/72189\/revisions"}],"predecessor-version":[{"id":98739,"href":"https:\/\/aprifel-pp.mentalworks.biz\/fr\/wp-json\/wp\/v2\/pages\/72189\/revisions\/98739"}],"wp:attachment":[{"href":"https:\/\/aprifel-pp.mentalworks.biz\/fr\/wp-json\/wp\/v2\/media?parent=72189"}],"curies":[{"name":"wp","href":"https:\/\/api.w.org\/{rel}","templated":true}]}}