{"id":70761,"date":"2020-05-04T17:19:55","date_gmt":"2020-05-04T15:19:55","guid":{"rendered":"https:\/\/aprifel-pp.mentalworks.biz\/?page_id=70761"},"modified":"2023-03-23T14:35:41","modified_gmt":"2023-03-23T13:35:41","slug":"follow-me-to-be-healthy","status":"publish","type":"page","link":"https:\/\/aprifel-pp.mentalworks.biz\/fr\/actions-internationales\/follow-me-to-be-healthy\/","title":{"rendered":"\u00ab\u00a0Follow me to be healthy &#8211; #400gChallenge\u00a0\u00bb"},"content":{"rendered":"<div id=\"pl-70761\"  class=\"panel-layout\" ><div id=\"pg-70761-0\"  class=\"panel-grid panel-no-style\" ><div id=\"pgc-70761-0-0\"  class=\"panel-grid-cell\" ><div id=\"panel-70761-0-0-0\" class=\"so-panel widget widget_sow-image panel-first-child panel-last-child\" data-index=\"0\" ><div\n\t\t\t\n\t\t\tclass=\"so-widget-sow-image so-widget-sow-image-default-8b5b6f678277-70761\"\n\t\t\t\n\t\t>\n\n<div class=\"sow-image-container\">\n\t\t<img loading=\"lazy\" decoding=\"async\" src=\"https:\/\/aprifel-pp.mentalworks.biz\/wp-content\/uploads\/2020\/05\/400gChallenge_Pic1.jpg\" width=\"917\" height=\"458\" sizes=\"(max-width: 917px) 100vw, 917px\" title=\"Logo programme Follow me to be healthy\" alt=\"\" \t\tclass=\"so-widget-image\"\/>\n\t<\/div>\n\n<\/div><\/div><\/div><div id=\"pgc-70761-0-1\"  class=\"panel-grid-cell\" ><div id=\"panel-70761-0-1-0\" class=\"so-panel widget widget_sow-editor panel-first-child panel-last-child\" data-index=\"1\" ><div\n\t\t\t\n\t\t\tclass=\"so-widget-sow-editor so-widget-sow-editor-base\"\n\t\t\t\n\t\t>\n<div class=\"siteorigin-widget-tinymce textwidget\">\n\t<p style=\"text-align: justify;\"><strong>Co-financ\u00e9 par l\u2019Union Europ\u00e9enne, le programme d\u2019information \u00ab Follow me to be healthy with Europe \u00bb (Suis moi pour \u00eatre en forme) a pour but d\u2019inciter les jeunes Europ\u00e9ens \u00e0 manger au moins 400g de fruits et l\u00e9gumes par jour, le niveau de consommation recommand\u00e9 dans le monde entier. Ce programme se d\u00e9roule sur la p\u00e9riode 2019-2021 et associe Aprifel et Freshfel, l\u2019Association europ\u00e9enne de produits frais.<\/strong><\/p>\n<p>Plus d'information :<\/p>\n<ul>\n<li><a href=\"https:\/\/aprifel-pp.mentalworks.biz\/wp-content\/uploads\/2021\/01\/Press-Kit_FR_2021.pdf\" target=\"_blank\" rel=\"noopener noreferrer\">Le dossier de presse<\/a><\/li>\n<li><a href=\"https:\/\/aprifel-pp.mentalworks.biz\/wp-content\/uploads\/2021\/01\/FMTBHWE_Communiqu\u00e9-de-presse_Collab-influenceurs-2021.pdf\" target=\"_blank\" rel=\"noopener noreferrer\">Le communiqu\u00e9 de presse<\/a><\/li>\n<li><a href=\"https:\/\/400gchallenge.eu\/fr\/\" target=\"_blank\" rel=\"noopener noreferrer\">Le site internet de la campagne<\/a><\/li>\n<\/ul>\n<\/div>\n<\/div><\/div><\/div><\/div><div id=\"pg-70761-1\"  class=\"panel-grid panel-no-style\" ><div id=\"pgc-70761-1-0\"  class=\"panel-grid-cell\" ><div id=\"panel-70761-1-0-0\" class=\"so-panel widget widget_sow-editor panel-first-child panel-last-child\" data-index=\"2\" ><div\n\t\t\t\n\t\t\tclass=\"so-widget-sow-editor so-widget-sow-editor-base\"\n\t\t\t\n\t\t>\n<div class=\"siteorigin-widget-tinymce textwidget\">\n\t<h3 style=\"text-align: justify;\">Pourquoi ce programme ?<\/h3>\n<p style=\"text-align: justify;\">Depuis 2012, les maladies non transmissibles (MNT) notamment l\u2019ob\u00e9sit\u00e9, les maladies cardiovasculaires, le diab\u00e8te de type 2 et certains cancers sont la premi\u00e8re cause de mortalit\u00e9 au niveau mondial.<\/p>\n<blockquote>\n<p style=\"text-align: justify;\">En Europe, 1 adulte sur 5 est ob\u00e8se, et on estime que plus de la moiti\u00e9 de la population europ\u00e9enne sera touch\u00e9e par l\u2019ob\u00e9sit\u00e9 d\u2019ici 2030.<\/p>\n<\/blockquote>\n<p style=\"text-align: justify;\">La nutrition est l\u2019un des facteurs les plus d\u00e9terminants pour notre sant\u00e9. Une alimentation saine riche en fruits et l\u00e9gumes aide \u00e0 pr\u00e9venir l\u2019apparition de maladies chroniques, augmente l\u2019esp\u00e9rance de vie et en am\u00e9liore la qualit\u00e9, quel que soit l\u2019\u00e2ge.<\/p>\n<p style=\"text-align: justify;\">Au niveau international, les b\u00e9n\u00e9fices sant\u00e9 de la consommation r\u00e9guli\u00e8re de fruits et l\u00e9gumes fait consensus. Une consommation d\u2019au moins 400g de fruits et de l\u00e9gumes par jour \u2013 ou 5 portions - est ainsi recommand\u00e9e (<span class='tooltipsall tooltip_post_id_79593 classtoolTips79593'>OMS<\/span>). Pourtant, dans la plupart des pays membres de l\u2019Union Europ\u00e9enne la consommation de fruits et l\u00e9gumes reste bien en dessous de cet objectif. <strong>Seuls 14% des europ\u00e9ens respectent cette recommandation.<\/strong><\/p>\n<p style=\"text-align: justify;\">La faible consommation de fruits et l\u00e9gumes est particuli\u00e8rement notable parmi les 18-30 ans. Cette tranche d\u2019\u00e2ge a \u00e9galement une faible connaissance des bienfaits de la consommation de fruits et l\u00e9gumes sur la sant\u00e9. Le premier objectif de ce programme est ainsi d\u2019am\u00e9liorer les connaissances des 18-30 ans en la mati\u00e8re, puis de transformer cette prise de conscience en actions concr\u00e8tes.<\/p>\n<h3>Un programme essentiellement digital<\/h3>\n<p>Le th\u00e8me de la campagne \u00ab Follow me to be Healthy with Europe \u00bb et son concept consistent en une s\u00e9rie de d\u00e9fis que le public cible sera encourag\u00e9 \u00e0 relever. Durant les trois ann\u00e9es \u00e0 venir, le programme demande aux jeunes entre 18 et 30 ans \u00ab <strong>\u00cates-vous pr\u00eats \u00e0 relever le #400gChallenge ?<\/strong> \u00bb.<\/p>\n<p>Chaque mois, ils seront invit\u00e9s \u00e0 participer \u00e0 un d\u00e9fi pr\u00e9cis pour les aider \u00e0 changer leurs habitudes alimentaires et \u00e0 incorporer au moins 400g de fruits et l\u00e9gumes dans leur alimentation quotidienne.<\/p>\n<p>Cette tranche d\u2019\u00e2ge \u00e9tant hyperconnecte\u00e9 et friande de contenus visuels, le programme propose :<br \/>\n- Une <a href=\"https:\/\/www.youtube.com\/channel\/UCZQadK3nNf-TvQYWHUM2jCg\">cha\u00eene YouTube<\/a> avec des vid\u00e9os mensuelles, lan\u00e7ant un d\u00e9fi \u00e0 la communaut\u00e9 pour l\u2019inciter \u00e0 manger plus de fruits et l\u00e9gumes<br \/>\n- Des posts sur <a href=\"https:\/\/www.instagram.com\/400gchallengeeu\/\">Instagram<\/a>, <a href=\"https:\/\/twitter.com\/400gChallengeFR\">Twitter<\/a> et <a href=\"https:\/\/www.facebook.com\/400gChallengeFR\/\">Facebook<\/a> pour diffuser des infographies inspirantes, des astuces et des vid\u00e9os<\/p>\n<blockquote>\n<p>Tous les contenus seront d\u00e9velopp\u00e9s en anglais et en fran\u00e7ais, avec des messages cl\u00e9s traduits en allemand, espagnol, italien et polonais, afin de toucher un large public europ\u00e9en.<\/p>\n<\/blockquote>\n<p>Le site Internet de la campagne rassemble tous les contenus. Quelques \u00e9v\u00e8nements permettent de renforcer l\u2019\u00e9cho du dispositif en allant directement \u00e0 la rencontre des jeunes.<\/p>\n<\/div>\n<\/div><\/div><\/div><\/div><\/div>","protected":false},"excerpt":{"rendered":"Co-financ\u00e9 par l\u2019Union Europ\u00e9enne, le programme d\u2019information \u00ab Follow me to be healthy with Europe \u00bb (Suis moi pour \u00eatre en forme) a pour but d\u2019inciter les jeunes Europ\u00e9ens \u00e0 manger au moins 400g de fruits et l\u00e9gumes par jour, le niveau de consommation recommand\u00e9 dans le monde entier. Ce programme se d\u00e9roule sur la [&hellip;]","protected":false},"author":4,"featured_media":0,"parent":68884,"menu_order":18,"comment_status":"closed","ping_status":"closed","template":"","meta":{"_acf_changed":false,"footnotes":""},"class_list":["post-70761","page","type-page","status-publish","hentry"],"acf":[],"yoast_head":"<!-- This site is optimized with the Yoast SEO Premium plugin v23.6 (Yoast SEO v23.6) - https:\/\/yoast.com\/wordpress\/plugins\/seo\/ -->\n<title>&quot;Follow me to be healthy - #400gChallenge&quot; - Aprifel<\/title>\n<meta name=\"description\" content=\"&quot;Follow me to be healthy - #400gChallenge&quot; - Aprifel\" \/>\n<meta name=\"robots\" content=\"index, follow, max-snippet:-1, max-image-preview:large, max-video-preview:-1\" \/>\n<link rel=\"canonical\" href=\"https:\/\/aprifel-pp.mentalworks.biz\/fr\/actions-internationales\/follow-me-to-be-healthy\/\" \/>\n<meta property=\"og:locale\" content=\"fr_FR\" \/>\n<meta property=\"og:type\" content=\"article\" \/>\n<meta property=\"og:title\" content=\"&quot;Follow me to be healthy - #400gChallenge&quot;\" \/>\n<meta property=\"og:description\" content=\"&quot;Follow me to be healthy - #400gChallenge&quot;\" \/>\n<meta property=\"og:url\" content=\"https:\/\/aprifel-pp.mentalworks.biz\/fr\/actions-internationales\/follow-me-to-be-healthy\/\" \/>\n<meta property=\"og:site_name\" content=\"Aprifel\" \/>\n<meta property=\"article:modified_time\" content=\"2023-03-23T13:35:41+00:00\" \/>\n<meta name=\"twitter:card\" content=\"summary_large_image\" \/>\n<meta name=\"twitter:label1\" content=\"Dur\u00e9e de lecture estim\u00e9e\" \/>\n\t<meta name=\"twitter:data1\" content=\"3 minutes\" \/>\n<script type=\"application\/ld+json\" class=\"yoast-schema-graph\">{\"@context\":\"https:\/\/schema.org\",\"@graph\":[{\"@type\":\"WebPage\",\"@id\":\"https:\/\/aprifel-pp.mentalworks.biz\/fr\/actions-internationales\/follow-me-to-be-healthy\/\",\"url\":\"https:\/\/aprifel-pp.mentalworks.biz\/fr\/actions-internationales\/follow-me-to-be-healthy\/\",\"name\":\"\\\"Follow me to be healthy - #400gChallenge\\\" - Aprifel\",\"isPartOf\":{\"@id\":\"https:\/\/www.aprifel.com\/fr\/#website\"},\"datePublished\":\"2020-05-04T15:19:55+00:00\",\"dateModified\":\"2023-03-23T13:35:41+00:00\",\"description\":\"\\\"Follow me to be healthy - #400gChallenge\\\" - Aprifel\",\"breadcrumb\":{\"@id\":\"https:\/\/aprifel-pp.mentalworks.biz\/fr\/actions-internationales\/follow-me-to-be-healthy\/#breadcrumb\"},\"inLanguage\":\"fr-FR\",\"potentialAction\":[{\"@type\":\"ReadAction\",\"target\":[\"https:\/\/aprifel-pp.mentalworks.biz\/fr\/actions-internationales\/follow-me-to-be-healthy\/\"]}]},{\"@type\":\"BreadcrumbList\",\"@id\":\"https:\/\/aprifel-pp.mentalworks.biz\/fr\/actions-internationales\/follow-me-to-be-healthy\/#breadcrumb\",\"itemListElement\":[{\"@type\":\"ListItem\",\"position\":1,\"name\":\"Accueil\",\"item\":\"https:\/\/www.aprifel.com\/fr\/\"},{\"@type\":\"ListItem\",\"position\":2,\"name\":\"Actions internationales\",\"item\":\"https:\/\/www.aprifel.com\/fr\/actions-internationales\/\"},{\"@type\":\"ListItem\",\"position\":3,\"name\":\"\u00ab\u00a0Follow me to be healthy &#8211; #400gChallenge\u00a0\u00bb\"}]},{\"@type\":\"WebSite\",\"@id\":\"https:\/\/www.aprifel.com\/fr\/#website\",\"url\":\"https:\/\/www.aprifel.com\/fr\/\",\"name\":\"Aprifel\",\"description\":\"Agence pour la Recherche et l\u2019Information en Fruits et L\u00e9gumes\",\"potentialAction\":[{\"@type\":\"SearchAction\",\"target\":{\"@type\":\"EntryPoint\",\"urlTemplate\":\"https:\/\/www.aprifel.com\/fr\/?s={search_term_string}\"},\"query-input\":{\"@type\":\"PropertyValueSpecification\",\"valueRequired\":true,\"valueName\":\"search_term_string\"}}],\"inLanguage\":\"fr-FR\"}]}<\/script>\n<!-- \/ Yoast SEO Premium plugin. -->","yoast_head_json":{"title":"\"Follow me to be healthy - #400gChallenge\" - Aprifel","description":"\"Follow me to be healthy - #400gChallenge\" - Aprifel","robots":{"index":"index","follow":"follow","max-snippet":"max-snippet:-1","max-image-preview":"max-image-preview:large","max-video-preview":"max-video-preview:-1"},"canonical":"https:\/\/aprifel-pp.mentalworks.biz\/fr\/actions-internationales\/follow-me-to-be-healthy\/","og_locale":"fr_FR","og_type":"article","og_title":"\"Follow me to be healthy - #400gChallenge\"","og_description":"\"Follow me to be healthy - #400gChallenge\"","og_url":"https:\/\/aprifel-pp.mentalworks.biz\/fr\/actions-internationales\/follow-me-to-be-healthy\/","og_site_name":"Aprifel","article_modified_time":"2023-03-23T13:35:41+00:00","twitter_card":"summary_large_image","twitter_misc":{"Dur\u00e9e de lecture estim\u00e9e":"3 minutes"},"schema":{"@context":"https:\/\/schema.org","@graph":[{"@type":"WebPage","@id":"https:\/\/aprifel-pp.mentalworks.biz\/fr\/actions-internationales\/follow-me-to-be-healthy\/","url":"https:\/\/aprifel-pp.mentalworks.biz\/fr\/actions-internationales\/follow-me-to-be-healthy\/","name":"\"Follow me to be healthy - #400gChallenge\" - Aprifel","isPartOf":{"@id":"https:\/\/www.aprifel.com\/fr\/#website"},"datePublished":"2020-05-04T15:19:55+00:00","dateModified":"2023-03-23T13:35:41+00:00","description":"\"Follow me to be healthy - #400gChallenge\" - Aprifel","breadcrumb":{"@id":"https:\/\/aprifel-pp.mentalworks.biz\/fr\/actions-internationales\/follow-me-to-be-healthy\/#breadcrumb"},"inLanguage":"fr-FR","potentialAction":[{"@type":"ReadAction","target":["https:\/\/aprifel-pp.mentalworks.biz\/fr\/actions-internationales\/follow-me-to-be-healthy\/"]}]},{"@type":"BreadcrumbList","@id":"https:\/\/aprifel-pp.mentalworks.biz\/fr\/actions-internationales\/follow-me-to-be-healthy\/#breadcrumb","itemListElement":[{"@type":"ListItem","position":1,"name":"Accueil","item":"https:\/\/www.aprifel.com\/fr\/"},{"@type":"ListItem","position":2,"name":"Actions internationales","item":"https:\/\/www.aprifel.com\/fr\/actions-internationales\/"},{"@type":"ListItem","position":3,"name":"\u00ab\u00a0Follow me to be healthy &#8211; #400gChallenge\u00a0\u00bb"}]},{"@type":"WebSite","@id":"https:\/\/www.aprifel.com\/fr\/#website","url":"https:\/\/www.aprifel.com\/fr\/","name":"Aprifel","description":"Agence pour la Recherche et l\u2019Information en Fruits et L\u00e9gumes","potentialAction":[{"@type":"SearchAction","target":{"@type":"EntryPoint","urlTemplate":"https:\/\/www.aprifel.com\/fr\/?s={search_term_string}"},"query-input":{"@type":"PropertyValueSpecification","valueRequired":true,"valueName":"search_term_string"}}],"inLanguage":"fr-FR"}]}},"_links":{"self":[{"href":"https:\/\/aprifel-pp.mentalworks.biz\/fr\/wp-json\/wp\/v2\/pages\/70761"}],"collection":[{"href":"https:\/\/aprifel-pp.mentalworks.biz\/fr\/wp-json\/wp\/v2\/pages"}],"about":[{"href":"https:\/\/aprifel-pp.mentalworks.biz\/fr\/wp-json\/wp\/v2\/types\/page"}],"author":[{"embeddable":true,"href":"https:\/\/aprifel-pp.mentalworks.biz\/fr\/wp-json\/wp\/v2\/users\/4"}],"replies":[{"embeddable":true,"href":"https:\/\/aprifel-pp.mentalworks.biz\/fr\/wp-json\/wp\/v2\/comments?post=70761"}],"version-history":[{"count":12,"href":"https:\/\/aprifel-pp.mentalworks.biz\/fr\/wp-json\/wp\/v2\/pages\/70761\/revisions"}],"predecessor-version":[{"id":74284,"href":"https:\/\/aprifel-pp.mentalworks.biz\/fr\/wp-json\/wp\/v2\/pages\/70761\/revisions\/74284"}],"up":[{"embeddable":true,"href":"https:\/\/aprifel-pp.mentalworks.biz\/fr\/wp-json\/wp\/v2\/pages\/68884"}],"wp:attachment":[{"href":"https:\/\/aprifel-pp.mentalworks.biz\/fr\/wp-json\/wp\/v2\/media?parent=70761"}],"curies":[{"name":"wp","href":"https:\/\/api.w.org\/{rel}","templated":true}]}}