{"id":68886,"date":"2019-09-05T12:21:20","date_gmt":"2019-09-05T10:21:20","guid":{"rendered":"https:\/\/aprifel-pp.mentalworks.biz\/?page_id=68886"},"modified":"2023-03-23T14:35:45","modified_gmt":"2023-03-23T13:35:45","slug":"fruit-veg-4-health","status":"publish","type":"page","link":"https:\/\/aprifel-pp.mentalworks.biz\/fr\/actions-internationales\/fruit-veg-4-health\/","title":{"rendered":"Fruit &#038; Veg 4 Health : appuyer l&rsquo;action des m\u00e9decins en mati\u00e8re de nutrition"},"content":{"rendered":"<div id=\"pl-68886\"  class=\"panel-layout\" ><div id=\"pg-68886-0\"  class=\"panel-grid panel-no-style\" ><div id=\"pgc-68886-0-0\"  class=\"panel-grid-cell\" ><div id=\"panel-68886-0-0-0\" class=\"so-panel widget widget_sow-image panel-first-child panel-last-child\" data-index=\"0\" ><div\n\t\t\t\n\t\t\tclass=\"so-widget-sow-image so-widget-sow-image-default-8b5b6f678277-68886\"\n\t\t\t\n\t\t>\n\n<div class=\"sow-image-container\">\n\t\t<img loading=\"lazy\" decoding=\"async\" src=\"https:\/\/aprifel-pp.mentalworks.biz\/wp-content\/uploads\/2020\/05\/LOGO-FRUITANDVEG4HEALTH.jpg\" width=\"535\" height=\"356\" sizes=\"(max-width: 535px) 100vw, 535px\" title=\"LOGO FRUITANDVEG4HEALTH\" alt=\"Logo programme Fruit and Veg 4 health\" \t\tclass=\"so-widget-image\"\/>\n\t<\/div>\n\n<\/div><\/div><\/div><div id=\"pgc-68886-0-1\"  class=\"panel-grid-cell\" ><div id=\"panel-68886-0-1-0\" class=\"so-panel widget widget_sow-editor panel-first-child panel-last-child\" data-index=\"1\" ><div\n\t\t\t\n\t\t\tclass=\"so-widget-sow-editor so-widget-sow-editor-base\"\n\t\t\t\n\t\t>\n<div class=\"siteorigin-widget-tinymce textwidget\">\n\t<p><strong>Co-financ\u00e9 par l\u2019Union Europ\u00e9enne, le programme d\u2019information \u00ab FRUIT &amp; VEG 4 HEALTH \u00bb\u00a0 avait pour objectif de proposer des outils aux m\u00e9decins et \u00e0 leurs patients concernant la pr\u00e9vention et l'alimentation. Par ce biais, il s'agissait d'appuyer l'action de conseil des m\u00e9decins pour aider la population \u00e0 adopter des habitudes alimentaires saines et en particulier la consommation r\u00e9guli\u00e8re de fruits et l\u00e9gumes. Il s'est d\u00e9roul\u00e9 sur la p\u00e9riode 2018-2020.<\/strong><\/p>\n<ul>\n<li>Consulter le <a href=\"https:\/\/aprifel-pp.mentalworks.biz\/wp-content\/uploads\/2021\/06\/CP_Restitution-VF.pdf\">communiqu\u00e9 de presse de cl\u00f4ture du programme<\/a><\/li>\n<li>Consulter le <a href=\"https:\/\/aprifel-pp.mentalworks.biz\/wp-content\/uploads\/2022\/08\/DP_Cloture-FV4Health.pdf\" target=\"_blank\" rel=\"noopener\">dossier de presse final du programme<\/a><\/li>\n<li>T\u00e9l\u00e9charger <a href=\"https:\/\/aprifel-pp.mentalworks.biz\/wp-content\/uploads\/2022\/08\/Programme-Restitution-FV4H-APRIFEL.pdf\" target=\"_blank\" rel=\"noopener\">l'ensemble des outils produits dans le cadre de Fruit and Veg 4 health<\/a><\/li>\n<\/ul>\n<\/div>\n<\/div><\/div><\/div><\/div><div id=\"pg-68886-1\"  class=\"panel-grid panel-no-style\" ><div id=\"pgc-68886-1-0\"  class=\"panel-grid-cell\" ><div id=\"panel-68886-1-0-0\" class=\"so-panel widget widget_sow-editor panel-first-child panel-last-child\" data-index=\"2\" ><div\n\t\t\t\n\t\t\tclass=\"so-widget-sow-editor so-widget-sow-editor-base\"\n\t\t\t\n\t\t>\n<div class=\"siteorigin-widget-tinymce textwidget\">\n\t<h2 style=\"text-align: justify;\">Pourquoi ce programme ?<\/h2>\n<p style=\"text-align: justify;\">Il existe un lien direct entre notre alimentation et notre sant\u00e9. Par nos choix alimentaires, nous pouvons contribuer \u00e0 notre bien-\u00eatre physique et mental et nous prot\u00e9ger contre certaines maladies. Comme en t\u00e9moignent de nombreuses \u00e9tudes scientifiques, <a href=\"https:\/\/aprifel-pp.mentalworks.biz\/fr\/article-dossier\/quest-ce-quune-alimentation-saine\/\">les effets b\u00e9n\u00e9fiques d\u2019une consommation r\u00e9guli\u00e8re de fruits et l\u00e9gumes<\/a> ne sont plus \u00e0 d\u00e9montrer. <a href=\"https:\/\/aprifel-pp.mentalworks.biz\/fr\/dossier\/benefices-sante-de-la-consommation-de-fruits-et-legumes\/\">Manger des fruits et l\u00e9gumes quotidiennement aide \u00e0 lutter contre les maladies non-transmissibles<\/a> comme les crises cardiaques, l\u2019hypertension art\u00e9rielle, les AVC, plusieurs cancers et de nombreuses autres maladies chroniques.<\/p>\n<p style=\"text-align: justify;\">Plus encore, l\u2019Organisation mondiale de la Sant\u00e9 (<span class='tooltipsall tooltip_post_id_79593 classtoolTips79593'>OMS<\/span>) consid\u00e8re la sous-consommation de fruits et l\u00e9gumes comme un facteur de risque pour la sant\u00e9. <strong>Malgr\u00e9 les actions d\u00e9ploy\u00e9es pour encourager la consommation et la perspective d\u2019une \u00e9pid\u00e9mie d\u2019ob\u00e9sit\u00e9 en Europe dans les 15 ans, une proportion significative de la population ne respecte pas les recommandations internationales (au moins 400 g de fruits et l\u00e9gumes par jour), notamment chez les moins de 35 ans.<\/strong><\/p>\n<\/div>\n<\/div><\/div><\/div><div id=\"pgc-68886-1-1\"  class=\"panel-grid-cell\" ><div id=\"panel-68886-1-1-0\" class=\"so-panel widget widget_sow-image panel-first-child panel-last-child\" data-index=\"3\" ><div\n\t\t\t\n\t\t\tclass=\"so-widget-sow-image so-widget-sow-image-default-8b5b6f678277-68886\"\n\t\t\t\n\t\t>\n\n<div class=\"sow-image-container\">\n\t\t<img loading=\"lazy\" decoding=\"async\" src=\"https:\/\/aprifel-pp.mentalworks.biz\/wp-content\/uploads\/2021\/02\/Prog-sante.jpg\" width=\"300\" height=\"355\" sizes=\"(max-width: 300px) 100vw, 300px\" title=\"Alimentation pr\u00e9vention fruits l\u00e9gumes - Aprifel\" alt=\"Enfant mangeant un brocoli\" \t\tclass=\"so-widget-image\"\/>\n\t<\/div>\n\n<\/div><\/div><\/div><\/div><div id=\"pg-68886-2\"  class=\"panel-grid panel-no-style\" ><div id=\"pgc-68886-2-0\"  class=\"panel-grid-cell\" ><div id=\"panel-68886-2-0-0\" class=\"so-panel widget widget_sow-editor panel-first-child panel-last-child\" data-index=\"4\" ><div\n\t\t\t\n\t\t\tclass=\"so-widget-sow-editor so-widget-sow-editor-base\"\n\t\t\t\n\t\t>\n<div class=\"siteorigin-widget-tinymce textwidget\">\n\t<h2>Les professionnels de sant\u00e9, des acteurs cl\u00e9s<\/h2>\n<p>Les m\u00e9decins et professionnels de la sant\u00e9 ont un r\u00f4le cl\u00e9 \u00e0 jouer. Leurs relations avec leurs patients sont marqu\u00e9es par un haut niveau de confiance et les conseils qu\u2019ils prodiguent sont efficaces. Malgr\u00e9 cela, le conseil nutritionnel reste un sujet difficile \u00e0 aborder pour les m\u00e9decins. Les principaux obstacles \u00e9voqu\u00e9s sont le manque de temps, de connaissances et de formation, le manque d\u2019impact visible \u00e0 court terme et un environnement non-facilitant (publicit\u00e9, etc.).<\/p>\n<p>Ainsi, Aprifel - l\u2019Agence pour la Recherche et l\u2019Information en fruits et l\u00e9gumes- et Interfel -l\u2019Interprofession des fruits et l\u00e9gumes frais - se sont associ\u00e9es pour mettre en place le programme d\u2019information \u00ab Fruit and Veg 4 Health \u00bb \u2013 Fruits et l\u00e9gumes pour la sant\u00e9 \u2013 co-financ\u00e9 pour trois ans par l\u2019Union Europ\u00e9enne (2018-2020).<\/p>\n<p>Ce programme s\u2019inscrit dans la lign\u00e9e des objectifs de la Commission europ\u00e9enne visant \u00e0 encourager les habitudes alimentaires saines et particuli\u00e8rement la consommation de fruits et l\u00e9gumes.<\/p>\n<p>Il s\u2019est adress\u00e9 :<\/p>\n<ul>\n<li>Aux<strong> professionnels de sant\u00e9<\/strong> et en particulier m\u00e9decins g\u00e9n\u00e9ralistes, p\u00e9diatres et gyn\u00e9cologues<\/li>\n<li>Au <strong>grand public<\/strong>, notamment les jeunes parents, les femmes enceintes et en \u00e2ge de procr\u00e9er et, indirectement, aux enfants<\/li>\n<\/ul>\n<p>Son ambition : Appuyer l'action des professionnels de sant\u00e9 en mati\u00e8re de conseil nutritionnel gr\u00e2ce \u00e0 des outils leur donnant acc\u00e8s aux consensus scientifiques actuels afin qu'ils engagent la discussion avec leurs patients. Par ce biais, il s\u2019agit d\u2019encourager les habitudes alimentaires saines et particuli\u00e8rement la consommation de fruits et l\u00e9gumes.<\/p>\n<\/div>\n<\/div><\/div><\/div><\/div><div id=\"pg-68886-3\"  class=\"panel-grid panel-no-style\" ><div id=\"pgc-68886-3-0\"  class=\"panel-grid-cell\" ><div id=\"panel-68886-3-0-0\" class=\"so-panel widget widget_sow-editor panel-first-child panel-last-child\" data-index=\"5\" ><div\n\t\t\t\n\t\t\tclass=\"so-widget-sow-editor so-widget-sow-editor-base\"\n\t\t\t\n\t\t>\n<div class=\"siteorigin-widget-tinymce textwidget\">\n\t<h2>Actions destin\u00e9es aux m\u00e9decins<\/h2>\n<p>Afin de donner aux m\u00e9decins et professionnels de sant\u00e9 les cl\u00e9s n\u00e9cessaires pour s\u2019approprier les consensus scientifiques existant en mati\u00e8re de nutrition, Aprifel leur propose des outils adapt\u00e9s \u00e0 leur pratique quotidienne.<\/p>\n<p>En novembre 2018,<strong> la <a href=\"https:\/\/www.egeaconference.com\/\" target=\"_blank\" rel=\"noopener\">conf\u00e9rence EGEA \"Nutrition et sant\u00e9 : de la science \u00e0 la pratique\" <\/a><\/strong>a rassembl\u00e9 des experts internationaux pour traduire la science en pratique via des sessions d'information scientifique et de formation bas\u00e9es sur le consensus et les connaissances nutritionnelles. EGEA 2018 a permis de r\u00e9sumer les derni\u00e8res avanc\u00e9es en nutrition pr\u00e9ventive pour promouvoir :<\/p>\n<ul>\n<li>la prise de conscience de l'importance d'une alimentation saine pour la sant\u00e9 et de la valeur ajout\u00e9e apport\u00e9e par le m\u00e9decin dans le processus de transmission des messages de sant\u00e9 publique;<\/li>\n<li>l'acquisition de connaissances et la capacit\u00e9 d'engager les patients dans la discussion sur une alimentation saine.<\/li>\n<\/ul>\n<p>En 2019, <a href=\"https:\/\/aprifel-pp.mentalworks.biz\/fr\/article-dossier\/fiches-sante-medecins\/\" target=\"_blank\" rel=\"noopener noreferrer\"><strong>des fiches d'information<\/strong><\/a> (en anglais et en fran\u00e7ais) sont d\u00e9velopp\u00e9es sur la base des sessions d\u2019EGEA.<\/p>\n<p>En 2020, une<a href=\"https:\/\/www.egeaconference.com\/restitution\/\" target=\"_blank\" rel=\"noopener\"><strong> rencontre de restitution europ\u00e9enne<\/strong><\/a> a \u00e9t\u00e9 organis\u00e9e afin d'\u00e9valuer et de diffuser les r\u00e9sultats de ce programme \u00e0 l'\u00e9chelle europ\u00e9enne.<\/p>\n<p>Pour augmenter les r\u00e9sultats de ce programme, les activit\u00e9s suivantes seront \u00e9galement d\u00e9velopp\u00e9es :<\/p>\n<ul>\n<li>Participation \u00e0 plusieurs congr\u00e8s m\u00e9dicaux (2 par an d\u00e9di\u00e9s aux m\u00e9decins g\u00e9n\u00e9ralistes, p\u00e9diatres, etc.),<\/li>\n<li>Informations r\u00e9guli\u00e8res sur l\u2019avanc\u00e9e du programme dans la presse m\u00e9dicale.<\/li>\n<\/ul>\n<\/div>\n<\/div><\/div><\/div><div id=\"pgc-68886-3-1\"  class=\"panel-grid-cell\" ><div id=\"panel-68886-3-1-0\" class=\"so-panel widget widget_sow-image panel-first-child panel-last-child\" data-index=\"6\" ><div\n\t\t\t\n\t\t\tclass=\"so-widget-sow-image so-widget-sow-image-default-8b5b6f678277-68886\"\n\t\t\t\n\t\t>\n\n<div class=\"sow-image-container\">\n\t\t<img loading=\"lazy\" decoding=\"async\" src=\"https:\/\/aprifel-pp.mentalworks.biz\/wp-content\/uploads\/2021\/02\/Fiches-medecin.jpg\" width=\"300\" height=\"416\" sizes=\"(max-width: 300px) 100vw, 300px\" title=\"Outils m\u00e9decins alimentation fruits l\u00e9gumes - Aprifel\" alt=\"Logo programme Fruit and Veg 4 health\" \t\tclass=\"so-widget-image\"\/>\n\t<\/div>\n\n<\/div><\/div><\/div><\/div><div id=\"pg-68886-4\"  class=\"panel-grid panel-no-style\" ><div id=\"pgc-68886-4-0\"  class=\"panel-grid-cell\" ><div id=\"panel-68886-4-0-0\" class=\"so-panel widget widget_sow-editor panel-first-child panel-last-child\" data-index=\"7\" ><div\n\t\t\t\n\t\t\tclass=\"so-widget-sow-editor so-widget-sow-editor-base\"\n\t\t\t\n\t\t>\n<div class=\"siteorigin-widget-tinymce textwidget\">\n\t<h2><strong>Actions destin\u00e9es au grand public<\/strong><\/h2>\n<p>Afin d\u2019informer les patients et de les inciter \u00e0 ouvrir le dialogue avec leur m\u00e9decin, des outils d\u2019information grand public (d\u00e9pliants, affiches, vid\u00e9os, etc.) ont \u00e9t\u00e9 r\u00e9alis\u00e9es et mis \u00e0 disposition dans les salles d\u2019attente des m\u00e9decins, des maisons de sant\u00e9 et des PMI.<\/p>\n<p>Ils portent sur les th\u00e8mes :<\/p>\n<ul>\n<li><a href=\"https:\/\/aprifel-pp.mentalworks.biz\/wp-content\/uploads\/2020\/06\/aprifel_brochure_gp.pdf\" target=\"_blank\" rel=\"noopener\">Manger des fruits fruits et l\u00e9gumes : pourquoi comment ?<\/a><\/li>\n<li><a href=\"https:\/\/aprifel-pp.mentalworks.biz\/wp-content\/uploads\/2020\/06\/aprifel_depliant_grossesse_bd.pdf\" target=\"_blank\" rel=\"noopener\">Une alimentation saine pendant la grossesse, la part belle aux fruits et l\u00e9gumes<\/a><\/li>\n<li><a href=\"https:\/\/aprifel-pp.mentalworks.biz\/wp-content\/uploads\/2021\/02\/APRIFEL_DEPLIANT-2020_DIVERSIFICATION-ALIMENTAIRE.pdf\">Diversification alimentaire : la place des fruits et l\u00e9gumes.<\/a><\/li>\n<\/ul>\n<p>&nbsp;<\/p>\n<p>En parall\u00e8le, Aprifel est all\u00e9 \u00e0 la rencontre du grand public \u00e0 l\u2019occasion de journ\u00e9es nationales et europ\u00e9ennes autour des th\u00e8mes du sport et de la sant\u00e9. Un stand proposait au public des moments d\u2019information et de d\u00e9couverte des fruits et l\u00e9gumes gr\u00e2ce \u00e0 la pr\u00e9sence de di\u00e9t\u00e9ticiens, des d\u00e9gustations de produits et des animations ludiques.<\/p>\n<\/div>\n<\/div><\/div><\/div><div id=\"pgc-68886-4-1\"  class=\"panel-grid-cell\" ><div id=\"panel-68886-4-1-0\" class=\"so-panel widget widget_sow-image panel-first-child panel-last-child\" data-index=\"8\" ><div\n\t\t\t\n\t\t\tclass=\"so-widget-sow-image so-widget-sow-image-default-8b5b6f678277-68886\"\n\t\t\t\n\t\t>\n\n<div class=\"sow-image-container\">\n\t\t<img loading=\"lazy\" decoding=\"async\" src=\"https:\/\/aprifel-pp.mentalworks.biz\/wp-content\/uploads\/2020\/07\/actu-FV4H.png\" width=\"300\" height=\"300\" sizes=\"(max-width: 300px) 100vw, 300px\" title=\"Outils alimentation sant\u00e9 - Aprifel\" alt=\"\" \t\tclass=\"so-widget-image\"\/>\n\t<\/div>\n\n<\/div><\/div><\/div><\/div><\/div>","protected":false},"excerpt":{"rendered":"Co-financ\u00e9 par l\u2019Union Europ\u00e9enne, le programme d\u2019information \u00ab FRUIT &amp; VEG 4 HEALTH \u00bb\u00a0 avait pour objectif de proposer des outils aux m\u00e9decins et \u00e0 leurs patients concernant la pr\u00e9vention et l&rsquo;alimentation. Par ce biais, il s&rsquo;agissait d&rsquo;appuyer l&rsquo;action de conseil des m\u00e9decins pour aider la population \u00e0 adopter des habitudes alimentaires saines et en [&hellip;]","protected":false},"author":4,"featured_media":0,"parent":68884,"menu_order":17,"comment_status":"closed","ping_status":"closed","template":"","meta":{"_acf_changed":false,"footnotes":""},"class_list":["post-68886","page","type-page","status-publish","hentry"],"acf":[],"yoast_head":"<!-- This site is optimized with the Yoast SEO Premium plugin v23.6 (Yoast SEO v23.6) - https:\/\/yoast.com\/wordpress\/plugins\/seo\/ -->\n<title>Des outils pour les m\u00e9decins sur l&#039;alimentation saine et durable<\/title>\n<meta name=\"description\" content=\"Le programme d&#039;information Fruit &amp; Veg 4 health 2018-2020 a d\u00e9velopp\u00e9 des outils pour les m\u00e9decins et leurs patients sur l&#039;alimentation saine.\" \/>\n<meta name=\"robots\" content=\"index, follow, max-snippet:-1, max-image-preview:large, max-video-preview:-1\" \/>\n<link rel=\"canonical\" href=\"https:\/\/aprifel-pp.mentalworks.biz\/fr\/actions-internationales\/fruit-veg-4-health\/\" \/>\n<meta property=\"og:locale\" content=\"fr_FR\" \/>\n<meta property=\"og:type\" content=\"article\" \/>\n<meta property=\"og:title\" content=\"Fruit &amp; Veg 4 Health : appuyer l&#039;action des m\u00e9decins en mati\u00e8re de nutrition\" \/>\n<meta property=\"og:description\" content=\"Fruit &amp; Veg 4 Health : appuyer l&#039;action des m\u00e9decins en mati\u00e8re de nutrition\" \/>\n<meta property=\"og:url\" content=\"https:\/\/aprifel-pp.mentalworks.biz\/fr\/actions-internationales\/fruit-veg-4-health\/\" \/>\n<meta property=\"og:site_name\" content=\"Aprifel\" \/>\n<meta property=\"article:modified_time\" content=\"2023-03-23T13:35:45+00:00\" \/>\n<meta name=\"twitter:card\" content=\"summary_large_image\" \/>\n<meta name=\"twitter:label1\" content=\"Dur\u00e9e de lecture estim\u00e9e\" \/>\n\t<meta name=\"twitter:data1\" content=\"5 minutes\" \/>\n<script type=\"application\/ld+json\" class=\"yoast-schema-graph\">{\"@context\":\"https:\/\/schema.org\",\"@graph\":[{\"@type\":\"WebPage\",\"@id\":\"https:\/\/aprifel-pp.mentalworks.biz\/fr\/actions-internationales\/fruit-veg-4-health\/\",\"url\":\"https:\/\/aprifel-pp.mentalworks.biz\/fr\/actions-internationales\/fruit-veg-4-health\/\",\"name\":\"Des outils pour les m\u00e9decins sur l'alimentation saine et durable\",\"isPartOf\":{\"@id\":\"https:\/\/www.aprifel.com\/fr\/#website\"},\"datePublished\":\"2019-09-05T10:21:20+00:00\",\"dateModified\":\"2023-03-23T13:35:45+00:00\",\"description\":\"Le programme d'information Fruit & Veg 4 health 2018-2020 a d\u00e9velopp\u00e9 des outils pour les m\u00e9decins et leurs patients sur l'alimentation saine.\",\"breadcrumb\":{\"@id\":\"https:\/\/aprifel-pp.mentalworks.biz\/fr\/actions-internationales\/fruit-veg-4-health\/#breadcrumb\"},\"inLanguage\":\"fr-FR\",\"potentialAction\":[{\"@type\":\"ReadAction\",\"target\":[\"https:\/\/aprifel-pp.mentalworks.biz\/fr\/actions-internationales\/fruit-veg-4-health\/\"]}]},{\"@type\":\"BreadcrumbList\",\"@id\":\"https:\/\/aprifel-pp.mentalworks.biz\/fr\/actions-internationales\/fruit-veg-4-health\/#breadcrumb\",\"itemListElement\":[{\"@type\":\"ListItem\",\"position\":1,\"name\":\"Accueil\",\"item\":\"https:\/\/www.aprifel.com\/fr\/\"},{\"@type\":\"ListItem\",\"position\":2,\"name\":\"Actions internationales\",\"item\":\"https:\/\/www.aprifel.com\/fr\/actions-internationales\/\"},{\"@type\":\"ListItem\",\"position\":3,\"name\":\"Fruit &#038; Veg 4 Health : appuyer l&rsquo;action des m\u00e9decins en mati\u00e8re de nutrition\"}]},{\"@type\":\"WebSite\",\"@id\":\"https:\/\/www.aprifel.com\/fr\/#website\",\"url\":\"https:\/\/www.aprifel.com\/fr\/\",\"name\":\"Aprifel\",\"description\":\"Agence pour la Recherche et l\u2019Information en Fruits et L\u00e9gumes\",\"potentialAction\":[{\"@type\":\"SearchAction\",\"target\":{\"@type\":\"EntryPoint\",\"urlTemplate\":\"https:\/\/www.aprifel.com\/fr\/?s={search_term_string}\"},\"query-input\":{\"@type\":\"PropertyValueSpecification\",\"valueRequired\":true,\"valueName\":\"search_term_string\"}}],\"inLanguage\":\"fr-FR\"}]}<\/script>\n<!-- \/ Yoast SEO Premium plugin. -->","yoast_head_json":{"title":"Des outils pour les m\u00e9decins sur l'alimentation saine et durable","description":"Le programme d'information Fruit & Veg 4 health 2018-2020 a d\u00e9velopp\u00e9 des outils pour les m\u00e9decins et leurs patients sur l'alimentation saine.","robots":{"index":"index","follow":"follow","max-snippet":"max-snippet:-1","max-image-preview":"max-image-preview:large","max-video-preview":"max-video-preview:-1"},"canonical":"https:\/\/aprifel-pp.mentalworks.biz\/fr\/actions-internationales\/fruit-veg-4-health\/","og_locale":"fr_FR","og_type":"article","og_title":"Fruit & Veg 4 Health : appuyer l'action des m\u00e9decins en mati\u00e8re de nutrition","og_description":"Fruit & Veg 4 Health : appuyer l'action des m\u00e9decins en mati\u00e8re de nutrition","og_url":"https:\/\/aprifel-pp.mentalworks.biz\/fr\/actions-internationales\/fruit-veg-4-health\/","og_site_name":"Aprifel","article_modified_time":"2023-03-23T13:35:45+00:00","twitter_card":"summary_large_image","twitter_misc":{"Dur\u00e9e de lecture estim\u00e9e":"5 minutes"},"schema":{"@context":"https:\/\/schema.org","@graph":[{"@type":"WebPage","@id":"https:\/\/aprifel-pp.mentalworks.biz\/fr\/actions-internationales\/fruit-veg-4-health\/","url":"https:\/\/aprifel-pp.mentalworks.biz\/fr\/actions-internationales\/fruit-veg-4-health\/","name":"Des outils pour les m\u00e9decins sur l'alimentation saine et durable","isPartOf":{"@id":"https:\/\/www.aprifel.com\/fr\/#website"},"datePublished":"2019-09-05T10:21:20+00:00","dateModified":"2023-03-23T13:35:45+00:00","description":"Le programme d'information Fruit & Veg 4 health 2018-2020 a d\u00e9velopp\u00e9 des outils pour les m\u00e9decins et leurs patients sur l'alimentation saine.","breadcrumb":{"@id":"https:\/\/aprifel-pp.mentalworks.biz\/fr\/actions-internationales\/fruit-veg-4-health\/#breadcrumb"},"inLanguage":"fr-FR","potentialAction":[{"@type":"ReadAction","target":["https:\/\/aprifel-pp.mentalworks.biz\/fr\/actions-internationales\/fruit-veg-4-health\/"]}]},{"@type":"BreadcrumbList","@id":"https:\/\/aprifel-pp.mentalworks.biz\/fr\/actions-internationales\/fruit-veg-4-health\/#breadcrumb","itemListElement":[{"@type":"ListItem","position":1,"name":"Accueil","item":"https:\/\/www.aprifel.com\/fr\/"},{"@type":"ListItem","position":2,"name":"Actions internationales","item":"https:\/\/www.aprifel.com\/fr\/actions-internationales\/"},{"@type":"ListItem","position":3,"name":"Fruit &#038; Veg 4 Health : appuyer l&rsquo;action des m\u00e9decins en mati\u00e8re de nutrition"}]},{"@type":"WebSite","@id":"https:\/\/www.aprifel.com\/fr\/#website","url":"https:\/\/www.aprifel.com\/fr\/","name":"Aprifel","description":"Agence pour la Recherche et l\u2019Information en Fruits et L\u00e9gumes","potentialAction":[{"@type":"SearchAction","target":{"@type":"EntryPoint","urlTemplate":"https:\/\/www.aprifel.com\/fr\/?s={search_term_string}"},"query-input":{"@type":"PropertyValueSpecification","valueRequired":true,"valueName":"search_term_string"}}],"inLanguage":"fr-FR"}]}},"_links":{"self":[{"href":"https:\/\/aprifel-pp.mentalworks.biz\/fr\/wp-json\/wp\/v2\/pages\/68886"}],"collection":[{"href":"https:\/\/aprifel-pp.mentalworks.biz\/fr\/wp-json\/wp\/v2\/pages"}],"about":[{"href":"https:\/\/aprifel-pp.mentalworks.biz\/fr\/wp-json\/wp\/v2\/types\/page"}],"author":[{"embeddable":true,"href":"https:\/\/aprifel-pp.mentalworks.biz\/fr\/wp-json\/wp\/v2\/users\/4"}],"replies":[{"embeddable":true,"href":"https:\/\/aprifel-pp.mentalworks.biz\/fr\/wp-json\/wp\/v2\/comments?post=68886"}],"version-history":[{"count":37,"href":"https:\/\/aprifel-pp.mentalworks.biz\/fr\/wp-json\/wp\/v2\/pages\/68886\/revisions"}],"predecessor-version":[{"id":85257,"href":"https:\/\/aprifel-pp.mentalworks.biz\/fr\/wp-json\/wp\/v2\/pages\/68886\/revisions\/85257"}],"up":[{"embeddable":true,"href":"https:\/\/aprifel-pp.mentalworks.biz\/fr\/wp-json\/wp\/v2\/pages\/68884"}],"wp:attachment":[{"href":"https:\/\/aprifel-pp.mentalworks.biz\/fr\/wp-json\/wp\/v2\/media?parent=68886"}],"curies":[{"name":"wp","href":"https:\/\/api.w.org\/{rel}","templated":true}]}}