{"id":68884,"date":"2019-09-05T12:20:13","date_gmt":"2019-09-05T10:20:13","guid":{"rendered":"https:\/\/aprifel-pp.mentalworks.biz\/?page_id=68884"},"modified":"2024-08-07T17:38:40","modified_gmt":"2024-08-07T15:38:40","slug":"actions-internationales","status":"publish","type":"page","link":"https:\/\/aprifel-pp.mentalworks.biz\/fr\/actions-internationales\/","title":{"rendered":"Actions internationales"},"content":{"rendered":"<div id=\"pl-68884\"  class=\"panel-layout\" ><div id=\"pg-68884-0\"  class=\"panel-grid panel-no-style\" ><div id=\"pgc-68884-0-0\"  class=\"panel-grid-cell\" ><div id=\"panel-68884-0-0-0\" class=\"so-panel widget widget_sow-editor panel-first-child panel-last-child\" data-index=\"0\" ><div\n\t\t\t\n\t\t\tclass=\"so-widget-sow-editor so-widget-sow-editor-base\"\n\t\t\t\n\t\t>\n<div class=\"siteorigin-widget-tinymce textwidget\">\n\t<h2>Augmenter la consommation de fruits et l\u00e9gumes pour la sant\u00e9 et pour la plan\u00e8te<\/h2>\n<\/div>\n<\/div><\/div><\/div><\/div><div id=\"pg-68884-1\"  class=\"panel-grid panel-no-style\" ><div id=\"pgc-68884-1-0\"  class=\"panel-grid-cell\" ><div id=\"panel-68884-1-0-0\" class=\"so-panel widget widget_sow-image panel-first-child panel-last-child\" data-index=\"1\" ><div\n\t\t\t\n\t\t\tclass=\"so-widget-sow-image so-widget-sow-image-default-dbf295114b96-68884\"\n\t\t\t\n\t\t>\n\n<div class=\"sow-image-container\">\n\t\t<img loading=\"lazy\" decoding=\"async\" src=\"https:\/\/aprifel-pp.mentalworks.biz\/wp-content\/uploads\/2022\/06\/drapeaux-scaled.jpg\" width=\"2560\" height=\"1707\" sizes=\"(max-width: 2560px) 100vw, 2560px\" title=\"drapeaux\" alt=\"coop\u00e9ration internationale fruits et l\u00e9gumes sant\u00e9 environnement - Aprifel\" \t\tclass=\"so-widget-image\"\/>\n\t<\/div>\n\n<\/div><\/div><\/div><div id=\"pgc-68884-1-1\"  class=\"panel-grid-cell\" ><div id=\"panel-68884-1-1-0\" class=\"so-panel widget widget_sow-editor panel-first-child panel-last-child\" data-index=\"2\" ><div\n\t\t\t\n\t\t\tclass=\"so-widget-sow-editor so-widget-sow-editor-base\"\n\t\t\t\n\t\t>\n<div class=\"siteorigin-widget-tinymce textwidget\">\n\t<p><strong>La faible consommation de fruits et l\u00e9gumes repr\u00e9sente un facteur de risque majeur pour la sant\u00e9 et aurait entrain\u00e9 3,9 millions de d\u00e9c\u00e8s en 2017 d\u2019apr\u00e8s l\u2019OMS. <\/strong><strong>Cette sous-consommation\u00a0est le reflet de nos habitudes mais plus globalement de l\u2019offre\u00a0alimentaire.<\/strong><br \/>\nSelon l\u2019<a href=\"https:\/\/www.who.int\/fr\/news-room\/fact-sheets\/detail\/healthy-diet\" target=\"_blank\" rel=\"noopener\">Organisation Mondiale de la Sant\u00e9<\/a> (<span class='tooltipsall tooltip_post_id_79593 classtoolTips79593'>OMS<\/span>) et l'<a href=\"http:\/\/www.fao.org\/nutrition\/education-nutritionnelle\/food-dietary-guidelines\/background\/sustainable-dietary-guidelines\/fr\/\" target=\"_blank\" rel=\"noopener\">Organisation des Nations Unies pour l'alimentation et l'agriculture<\/a> (<span class='tooltipsall tooltip_post_id_79592 classtoolTips79592'>FAO<\/span>), les syst\u00e8mes alimentaires actuels ne permettent pas \u00e0 chacun d\u2019acc\u00e9der \u00e0 des aliments sains, abordables et s\u00fbrs. Ces syst\u00e8mes alimentaires sont, par ailleurs, responsables d\u2019une part importante des \u00e9missions de gaz \u00e0 effet de serre (20 \u00e0 35 %) et un moteur majeur de conversion des terres, de d\u00e9forestation et de perte de biodiversit\u00e9.<br \/>\nAu-del\u00e0 de leurs b\u00e9n\u00e9fices sant\u00e9, les fruits et l\u00e9gumes ont fait l\u2019objet de nombreuses \u00e9tudes qui montrent leur faible impact environnemental et notamment une empreinte \u00e9cologique, carbone et eau nettement plus faible que les autres groupes alimentaires. Faire \u00e9voluer les syst\u00e8mes alimentaires et en particulier, faire augmenter la consommation de fruits et l\u00e9gumes, est non seulement un enjeu de sant\u00e9 publique, mais \u00e9galement de durabilit\u00e9. <strong>Cet enjeu d\u00e9passe le cadre national et implique d'agir de mani\u00e8re convergente avec d'autres pays.<\/strong><\/p>\n<p>&nbsp;<\/p>\n<\/div>\n<\/div><\/div><\/div><\/div><div id=\"pg-68884-2\"  class=\"panel-grid panel-no-style\" ><div id=\"pgc-68884-2-0\"  class=\"panel-grid-cell\" ><div id=\"panel-68884-2-0-0\" class=\"so-panel widget widget_sow-editor panel-first-child\" data-index=\"3\" ><div\n\t\t\t\n\t\t\tclass=\"so-widget-sow-editor so-widget-sow-editor-base\"\n\t\t\t\n\t\t>\n<div class=\"siteorigin-widget-tinymce textwidget\">\n\t<h3>Programmes europ\u00e9ens d'information<\/h3>\n<\/div>\n<\/div><\/div><div id=\"panel-68884-2-0-1\" class=\"so-panel widget widget_sow-editor panel-last-child\" data-index=\"4\" ><div\n\t\t\t\n\t\t\tclass=\"so-widget-sow-editor so-widget-sow-editor-base\"\n\t\t\t\n\t\t>\n<div class=\"siteorigin-widget-tinymce textwidget\">\n\t<p>Aprifel est ou a \u00e9t\u00e9 partie prenante de <strong>plusieurs programmes d\u2019information, co-financ\u00e9s par l'Union europ\u00e9enne<\/strong>, portant sur l'importance de la consommation de fruits et l\u00e9gumes pour la sant\u00e9, dans le cadre d'habitudes de vie saines :<\/p>\n<ul>\n<li>Le programme <a href=\"https:\/\/aprifel-pp.mentalworks.biz\/fr\/actions-internationales\/fruit-veg-4-health\/\" rel=\"noopener noreferrer\">Fruit and Veg 4 health<\/a> (Fruits et l\u00e9gumes pour la sant\u00e9) r\u00e9alis\u00e9 sur la p\u00e9riode 2018-2020 s'adressait aux m\u00e9decins et \u00e0 leurs patients.<\/li>\n<li>Le programme <a href=\"https:\/\/aprifel-pp.mentalworks.biz\/fr\/actions-internationales\/follow-me-to-be-healthy\/\" rel=\"noopener noreferrer\">Follow me to be healthy with Europe<\/a>, r\u00e9alis\u00e9 sur la p\u00e9riode 2029-2021 s'adressait aux jeunes de 18 \u00e0 30 ans.<\/li>\n<li>Le programme <a href=\"https:\/\/good-move.eu\/\">GOOD MOVE<\/a>, s'adresse au 18-24 ans et vise \u00e0 am\u00e9liorer leurs comportements alimentaires, r\u00e9duire leur s\u00e9dentarit\u00e9 et augmenter leur niveau d'activit\u00e9 physique.<\/li>\n<\/ul>\n<p>&nbsp;<\/p>\n<\/div>\n<\/div><\/div><\/div><div id=\"pgc-68884-2-1\"  class=\"panel-grid-cell\" ><div id=\"panel-68884-2-1-0\" class=\"so-panel widget widget_sow-editor panel-first-child\" data-index=\"5\" ><div\n\t\t\t\n\t\t\tclass=\"so-widget-sow-editor so-widget-sow-editor-base\"\n\t\t\t\n\t\t>\n<div class=\"siteorigin-widget-tinymce textwidget\">\n\t<h3>Alliance internationale des fruits et l\u00e9gumes<\/h3>\n<\/div>\n<\/div><\/div><div id=\"panel-68884-2-1-1\" class=\"so-panel widget widget_sow-editor panel-last-child\" data-index=\"6\" ><div\n\t\t\t\n\t\t\tclass=\"so-widget-sow-editor so-widget-sow-editor-base\"\n\t\t\t\n\t\t>\n<div class=\"siteorigin-widget-tinymce textwidget\">\n\t<p>Depuis sa cr\u00e9ation en 2004, Aprifel est \u00e9galement membre de l<strong>'<\/strong><a href=\"http:\/\/ifava.org\/\"><strong>Alliance internationale des fruits et l\u00e9gumes<\/strong><\/a> (AIAM5). Cette initiative, soutenue par l'<span class='tooltipsall tooltip_post_id_79593 classtoolTips79593'>OMS<\/span> et la <span class='tooltipsall tooltip_post_id_79592 classtoolTips79592'>FAO<\/span>, a pour objectif d'encourager la consommation de fruits et l\u00e9gumes \u00e0 l'\u00e9chelle mondiale. Depuis juin 2015, l\u2019Alliance Internationale des Associations de Promotion \"5 Fruits et L\u00e9gumes par jour\" r\u00e9unit 30 pays.<\/p>\n<p><strong>AIAM5 entreprend de nombreuses actions\u00a0:<\/strong><\/p>\n<ul>\n<li>Soutenir les initiatives nationales<\/li>\n<li>Faciliter la collaboration sur des objectifs communs<\/li>\n<li>\u00c9changer sur les bonnes pratiques<\/li>\n<li>Partager les outils de communication<\/li>\n<li>Organiser des conf\u00e9rences internationales<\/li>\n<li>Diffuser les derni\u00e8res avanc\u00e9es scientifiques sur les fruits et l\u00e9gumes notamment via sa <a href=\"https:\/\/aprifel-pp.mentalworks.biz\/fr\/global-fruit-veg\/\" rel=\"noopener noreferrer\">newsletter GFVN<\/a><\/li>\n<li>Assurer le leadership mondial<\/li>\n<\/ul>\n<\/div>\n<\/div><\/div><\/div><\/div><div id=\"pg-68884-3\"  class=\"panel-grid panel-no-style\" ><div id=\"pgc-68884-3-0\"  class=\"panel-grid-cell\" ><div id=\"panel-68884-3-0-0\" class=\"so-panel widget widget_sow-editor panel-first-child panel-last-child\" data-index=\"7\" ><div\n\t\t\t\n\t\t\tclass=\"so-widget-sow-editor so-widget-sow-editor-base\"\n\t\t\t\n\t\t>\n<div class=\"siteorigin-widget-tinymce textwidget\">\n\t<p><\/p>\n<h3><strong>Pays membres<\/strong><\/h3>\n<\/div>\n<\/div><\/div><\/div><\/div><div id=\"pg-68884-4\"  class=\"panel-grid panel-no-style\" ><div id=\"pgc-68884-4-0\"  class=\"panel-grid-cell\" ><div id=\"panel-68884-4-0-0\" class=\"so-panel widget widget_sow-editor panel-first-child panel-last-child\" data-index=\"8\" ><div\n\t\t\t\n\t\t\tclass=\"so-widget-sow-editor so-widget-sow-editor-base\"\n\t\t\t\n\t\t>\n<div class=\"siteorigin-widget-tinymce textwidget\">\n\t<ul>\n<li><strong>Allemagne<\/strong> \u2022 <a href=\"http:\/\/www.5amtag.de\/\" target=\"_blank\" rel=\"noopener noreferrer\">5 am Tag Germany Corporation<\/a><\/li>\n<li><strong>Argentine<\/strong> \u2022 <a href=\"http:\/\/www.5aldia.org\/\" target=\"_blank\" rel=\"noopener noreferrer\">5 a Day Association Argentina<\/a><\/li>\n<li><strong>Bolivie<\/strong> \u2022 <a href=\"https:\/\/www.5aldia.org\/index.php\" target=\"_blank\" rel=\"noopener noreferrer\">5 a Day Bolivia<\/a><\/li>\n<li><strong>Br\u00e9sil<\/strong> \u2022 <a href=\"http:\/\/www1.inca.gov.br\/english\/\" target=\"_blank\" rel=\"noopener noreferrer\">F&amp;V Promotion Program Brazil INCA<\/a><\/li>\n<li><strong>Canada <\/strong>\u2022 <a href=\"http:\/\/www.cpma.ca\/\" target=\"_blank\" rel=\"noopener noreferrer\">Canadian Produce Marketing Association<\/a><\/li>\n<li><strong>Chili<\/strong> \u2022 <a href=\"http:\/\/www.5aldia.cl\/\" target=\"_blank\" rel=\"noopener noreferrer\">5 a day Chile Corporation<\/a><\/li>\n<li><strong>Colombie<\/strong> \u2022 5 a Day Colombia \u2022 <a href=\"http:\/\/www.cci.org.co\/inicio\/\" target=\"_blank\" rel=\"noopener noreferrer\">Corporaci\u00f3n Colombia Internacional<\/a><\/li>\n<li><strong>Costa Rica<\/strong> \u2022 <a href=\"http:\/\/www.ministeriodesalud.go.cr\/\" target=\"_blank\" rel=\"noopener noreferrer\">Network 5 a Day Costa Rica \u2022 Ministry of Health<\/a><\/li>\n<li><strong>Cuba<\/strong> \u2022 F&amp;V Promotion Program of Cuba \u2022 <a href=\"https:\/\/instituciones.sld.cu\/inhem\/\" target=\"_blank\" rel=\"noopener noreferrer\">Institute of Nutrition and Food Hygiene<\/a><\/li>\n<li><strong>Espagne <\/strong>\u2022 5 a Day Spain \u2022 <a href=\"https:\/\/www.5aldia.org\/index.php\" target=\"_blank\" rel=\"noopener noreferrer\">Association for the Promotion of consumption of F&amp;V<\/a><\/li>\n<li><strong>Finlande <\/strong>\u2022 <a href=\"http:\/\/www.kauppapuutarhaliitto.fi\/\" target=\"_blank\" rel=\"noopener noreferrer\">5 a Day Finland<\/a><\/li>\n<li><strong>France<\/strong><strong> \u2022<\/strong> <a href=\"https:\/\/aprifel-pp.mentalworks.biz\/\"><strong>Aprifel<\/strong><\/a><\/li>\n<li><strong>Honduras<\/strong> \u2022 <a href=\"https:\/\/5aldiahn.com\/\" target=\"_blank\" rel=\"noopener noreferrer\">Bridge of Peace<\/a><\/li>\n<li><strong>Hongrie<\/strong> \u2022 <a href=\"http:\/\/www.fruitveb.hu\/\" target=\"_blank\" rel=\"noopener noreferrer\">5 a Day Hungary<\/a><\/li>\n<li><strong style=\"box-sizing: border-box;\">Italie <\/strong>\u2022 <a style=\"box-sizing: border-box; color: #333333; text-decoration: underline;\" href=\"http:\/\/www.unaproa.com\/\" target=\"_blank\" rel=\"noopener noreferrer\">UNAPROA<\/a> <a style=\"box-sizing: border-box; color: #333333; text-decoration: underline;\" href=\"http:\/\/5coloridelbenessere.com\/\" target=\"_blank\" rel=\"noopener noreferrer\">http:\/\/5coloridelbenessere.com\/<\/a><\/li>\n<li><strong style=\"box-sizing: border-box;\">Japan <\/strong><strong style=\"box-sizing: border-box;\">\u2022<\/strong> <a style=\"box-sizing: border-box; color: #333333; text-decoration: underline;\" href=\"http:\/\/www.5aday.net\/\" target=\"_blank\" rel=\"noopener noreferrer\">5 a Day Japan<\/a><\/li>\n<li><strong>Lithuanie <\/strong><strong style=\"box-sizing: border-box;\">\u2022<\/strong> <a href=\"http:\/\/buva.lt\/\" target=\"_blank\" rel=\"noopener noreferrer\">BUVA<\/a><\/li>\n<\/ul>\n<\/div>\n<\/div><\/div><\/div><div id=\"pgc-68884-4-1\"  class=\"panel-grid-cell\" ><div id=\"panel-68884-4-1-0\" class=\"so-panel widget widget_sow-editor panel-first-child panel-last-child\" data-index=\"9\" ><div\n\t\t\t\n\t\t\tclass=\"so-widget-sow-editor so-widget-sow-editor-base\"\n\t\t\t\n\t\t>\n<div class=\"siteorigin-widget-tinymce textwidget\">\n\t<ul>\n<li><strong>Mexique<\/strong> \u2022 <a href=\"http:\/\/www.cincopordia.com.mx\/\" target=\"_blank\" rel=\"noopener noreferrer\">5xday<\/a><\/li>\n<li><strong>Nicaragua<\/strong> \u2022 <a href=\"https:\/\/www.5aodia.pt\/\" target=\"_blank\" rel=\"noopener noreferrer\">5 a Day Nicaragua<\/a><\/li>\n<li><strong>Norv\u00e8ge <\/strong><strong>\u2022<\/strong> <a href=\"http:\/\/www.skolefrukt.no\/\" target=\"_blank\" rel=\"noopener noreferrer\">5 a Dagen<\/a><\/li>\n<li><strong>Nouvelle-Z\u00e9lande<\/strong> \u2022 <a href=\"https:\/\/www.5aday.co.nz\/\" target=\"_blank\" rel=\"noopener noreferrer\">5 a Day New-Zealand<\/a><\/li>\n<li><strong>Paraguay<\/strong> <strong>\u2022<\/strong> <a href=\"http:\/\/ifava.org\/?fbclid=IwAR0XUtAtGw00zhHBdgBivIQDfvixIscxFqLumquCk4fJ0etcgYQyKtV0fxI\" target=\"_blank\" rel=\"noopener noreferrer\">5 a Day Paraguay<\/a><\/li>\n<li><strong>P\u00e9rou <\/strong><strong>\u2022<\/strong> <a href=\"http:\/\/www.iin.sld.pe\/\" target=\"_blank\" rel=\"noopener noreferrer\">5 a Day Peru<\/a><\/li>\n<li><strong>Pologne<\/strong> \u2022 5 a Day Poland \u2022<a href=\"http:\/\/www.kups.org.pl\/\" target=\"_blank\" rel=\"noopener noreferrer\"> KUPS<\/a><\/li>\n<li><strong>Portugal<\/strong> <strong>\u2022 <\/strong><a href=\"https:\/\/www.facebook.com\/cincoaodia\/\">5 ao dia<\/a><\/li>\n<li><strong>R\u00e9publique Dominicaine <\/strong>\n<ul>\n<li><a href=\"https:\/\/www.ciprosrd.org\/\" target=\"_blank\" rel=\"noopener noreferrer\">Cipros<\/a><\/li>\n<li><a href=\"https:\/\/www.dialogoshambrecero.com\/\" target=\"_blank\" rel=\"noopener noreferrer\">Di\u00e1logos Hambre Cero ALyC<\/a><\/li>\n<\/ul>\n<\/li>\n<li><strong>Su\u00e8de <\/strong>\u2022 <a href=\"http:\/\/www.lrf.se\/tradgard\" target=\"_blank\" rel=\"noopener noreferrer\">LRF Tr\u00e4dg\u00e5rd<\/a><\/li>\n<li><strong>S<\/strong><strong>uisse <\/strong>\u2022 <a href=\"http:\/\/www.5amtag.ch\/\" target=\"_blank\" rel=\"noopener noreferrer\">5 am Tag<\/a><\/li>\n<li><strong>Uruguay <\/strong><strong>\u2022<\/strong> <a href=\"https:\/\/agro-educacion-salud.blogspot.com\/?fbclid=IwAR25NlXravr_7twRIlf9WpJvsKW6kcKTBEmilO2fkZDOiYUERQ0ODIdE7vk\" target=\"_blank\" rel=\"noopener noreferrer\">Cinco al dia<\/a><\/li>\n<li><strong>USA<\/strong>\n<ul>\n<li><a href=\"http:\/\/www.fruitsandveggiesmorematters.org\/\" target=\"_blank\" rel=\"noopener noreferrer\">Fruits &amp; Veggies - More Matters<\/a><\/li>\n<li><a href=\"http:\/\/www.unitedfresh.org\/\" target=\"_blank\" rel=\"noopener noreferrer\">United Fresh<\/a><\/li>\n<\/ul>\n<\/li>\n<li><strong>Venezuela<\/strong> \u2022 <a href=\"http:\/\/www.5aldia.org.ve\/\" target=\"_blank\" rel=\"noopener noreferrer\">5 a Day Foundation Venezuela<\/a><\/li>\n<\/ul>\n<\/div>\n<\/div><\/div><\/div><\/div><div id=\"pg-68884-5\"  class=\"panel-grid panel-no-style\" ><div id=\"pgc-68884-5-0\"  class=\"panel-grid-cell\" ><div id=\"panel-68884-5-0-0\" class=\"so-panel widget widget_sow-editor panel-first-child panel-last-child\" data-index=\"10\" ><div\n\t\t\t\n\t\t\tclass=\"so-widget-sow-editor so-widget-sow-editor-base\"\n\t\t\t\n\t\t>\n<div class=\"siteorigin-widget-tinymce textwidget\">\n\t<\/p>\n<h3><strong>Membres associ\u00e9s<\/strong><\/h3>\n<\/div>\n<\/div><\/div><\/div><\/div><div id=\"pg-68884-6\"  class=\"panel-grid panel-no-style\" ><div id=\"pgc-68884-6-0\"  class=\"panel-grid-cell\" ><div id=\"panel-68884-6-0-0\" class=\"so-panel widget widget_sow-editor panel-first-child panel-last-child\" data-index=\"11\" ><div\n\t\t\t\n\t\t\tclass=\"so-widget-sow-editor so-widget-sow-editor-base\"\n\t\t\t\n\t\t>\n<div class=\"siteorigin-widget-tinymce textwidget\">\n\t<ul>\n<li><a href=\"http:\/\/www.areflh.org\/\">Assembly of European Fruit, Vegetable and Horticultural Regions - AREFLH<\/a><\/li>\n<li><a href=\"http:\/\/fenaomfra.org.ar\/\">Federaci\u00f3n Nacional de Operadores de Mercados Frutihort\u00edcolas de la Rep\u00fablica Argentina - FENAOMFRA<\/a><\/li>\n<li><a href=\"http:\/\/www.freshfel.org\/\">Freshfel Europe.<\/a><\/li>\n<\/ul>\n<\/div>\n<\/div><\/div><\/div><div id=\"pgc-68884-6-1\"  class=\"panel-grid-cell\" ><div id=\"panel-68884-6-1-0\" class=\"so-panel widget widget_sow-editor panel-first-child panel-last-child\" data-index=\"12\" ><div\n\t\t\t\n\t\t\tclass=\"so-widget-sow-editor so-widget-sow-editor-base\"\n\t\t\t\n\t\t>\n<div class=\"siteorigin-widget-tinymce textwidget\">\n\t<ul>\n<li><a href=\"http:\/\/www.eucofel.eu\/\" target=\"_blank\" rel=\"noopener noreferrer\">FruitVegetablesEUROPE - EUCOFEL<\/a><\/li>\n<li><a href=\"http:\/\/www.incap.int\/\" target=\"_blank\" rel=\"noopener noreferrer\">Instituto de Nutrcion de Centro Am\u00e9rica y Panama - INCAP<\/a><\/li>\n<li><a href=\"https:\/\/www.wuwm.org\/\" target=\"_blank\" rel=\"noopener noreferrer\">World Union of Wholesale Markets - WUWM<\/a><\/li>\n<\/ul>\n<\/div>\n<\/div><\/div><\/div><\/div><div id=\"pg-68884-7\"  class=\"panel-grid panel-no-style\" ><div id=\"pgc-68884-7-0\"  class=\"panel-grid-cell\" ><div id=\"panel-68884-7-0-0\" class=\"so-panel widget widget_sow-button panel-first-child panel-last-child\" data-index=\"13\" ><div\n\t\t\t\n\t\t\tclass=\"so-widget-sow-button so-widget-sow-button-atom-f54c0409268f-68884\"\n\t\t\t\n\t\t><div class=\"ow-button-base ow-button-align-center\">\n\t\t\t<a\n\t\t\t\t\thref=\"http:\/\/5aldia.cl\/wp-content\/uploads\/2020\/10\/libro-programas-5-al-dia-2020-ingles-14-oct.pdf\"\n\t\t\t\t\tclass=\"sowb-button ow-icon-placement-left ow-button-hover\" target=\"_blank\" rel=\"noopener noreferrer\" \t>\n\t\t<span>\n\t\t\t\n\t\t\tD\u00e9couvrir les actions r\u00e9alis\u00e9es par les membres d'AIAM5 (rapport 2020)\t\t<\/span>\n\t\t\t<\/a>\n\t<\/div>\n<\/div><\/div><\/div><\/div><\/div>","protected":false},"excerpt":{"rendered":"Augmenter la consommation de fruits et l\u00e9gumes pour la sant\u00e9 et pour la plan\u00e8te La faible consommation de fruits et l\u00e9gumes repr\u00e9sente un facteur de risque majeur pour la sant\u00e9 et aurait entrain\u00e9 3,9 millions de d\u00e9c\u00e8s en 2017 d\u2019apr\u00e8s l\u2019OMS. Cette sous-consommation\u00a0est le reflet de nos habitudes mais plus globalement de l\u2019offre\u00a0alimentaire. Selon l\u2019Organisation [&hellip;]","protected":false},"author":4,"featured_media":0,"parent":0,"menu_order":15,"comment_status":"closed","ping_status":"closed","template":"","meta":{"_acf_changed":false,"footnotes":""},"class_list":["post-68884","page","type-page","status-publish","hentry"],"acf":[],"yoast_head":"<!-- This site is optimized with the Yoast SEO Premium plugin v23.6 (Yoast SEO v23.6) - https:\/\/yoast.com\/wordpress\/plugins\/seo\/ -->\n<title>Fruits &amp; l\u00e9gumes : agir \u00e0 l&#039;international pour la sant\u00e9 et pour la plan\u00e8te<\/title>\n<meta name=\"description\" content=\"D\u00e9couvrez les actions men\u00e9es par Aprifel \u00e0 l&#039;international pour promouvoir une alimentation saine, riche en fruits et l\u00e9gumes.\" \/>\n<meta name=\"robots\" content=\"index, follow, max-snippet:-1, max-image-preview:large, max-video-preview:-1\" \/>\n<link rel=\"canonical\" href=\"https:\/\/aprifel-pp.mentalworks.biz\/fr\/actions-internationales\/\" \/>\n<meta property=\"og:locale\" content=\"fr_FR\" \/>\n<meta property=\"og:type\" content=\"article\" \/>\n<meta property=\"og:title\" content=\"Actions internationales\" \/>\n<meta property=\"og:description\" content=\"Actions internationales\" \/>\n<meta property=\"og:url\" content=\"https:\/\/aprifel-pp.mentalworks.biz\/fr\/actions-internationales\/\" \/>\n<meta property=\"og:site_name\" content=\"Aprifel\" \/>\n<meta property=\"article:modified_time\" content=\"2024-08-07T15:38:40+00:00\" \/>\n<meta name=\"twitter:card\" content=\"summary_large_image\" \/>\n<meta name=\"twitter:label1\" content=\"Dur\u00e9e de lecture estim\u00e9e\" \/>\n\t<meta name=\"twitter:data1\" content=\"4 minutes\" \/>\n<script type=\"application\/ld+json\" class=\"yoast-schema-graph\">{\"@context\":\"https:\/\/schema.org\",\"@graph\":[{\"@type\":\"WebPage\",\"@id\":\"https:\/\/aprifel-pp.mentalworks.biz\/fr\/actions-internationales\/\",\"url\":\"https:\/\/aprifel-pp.mentalworks.biz\/fr\/actions-internationales\/\",\"name\":\"Fruits & l\u00e9gumes : agir \u00e0 l'international pour la sant\u00e9 et pour la plan\u00e8te\",\"isPartOf\":{\"@id\":\"https:\/\/www.aprifel.com\/fr\/#website\"},\"datePublished\":\"2019-09-05T10:20:13+00:00\",\"dateModified\":\"2024-08-07T15:38:40+00:00\",\"description\":\"D\u00e9couvrez les actions men\u00e9es par Aprifel \u00e0 l'international pour promouvoir une alimentation saine, riche en fruits et l\u00e9gumes.\",\"breadcrumb\":{\"@id\":\"https:\/\/aprifel-pp.mentalworks.biz\/fr\/actions-internationales\/#breadcrumb\"},\"inLanguage\":\"fr-FR\",\"potentialAction\":[{\"@type\":\"ReadAction\",\"target\":[\"https:\/\/aprifel-pp.mentalworks.biz\/fr\/actions-internationales\/\"]}]},{\"@type\":\"BreadcrumbList\",\"@id\":\"https:\/\/aprifel-pp.mentalworks.biz\/fr\/actions-internationales\/#breadcrumb\",\"itemListElement\":[{\"@type\":\"ListItem\",\"position\":1,\"name\":\"Accueil\",\"item\":\"https:\/\/www.aprifel.com\/fr\/\"},{\"@type\":\"ListItem\",\"position\":2,\"name\":\"Actions internationales\"}]},{\"@type\":\"WebSite\",\"@id\":\"https:\/\/www.aprifel.com\/fr\/#website\",\"url\":\"https:\/\/www.aprifel.com\/fr\/\",\"name\":\"Aprifel\",\"description\":\"Agence pour la Recherche et l\u2019Information en Fruits et L\u00e9gumes\",\"potentialAction\":[{\"@type\":\"SearchAction\",\"target\":{\"@type\":\"EntryPoint\",\"urlTemplate\":\"https:\/\/www.aprifel.com\/fr\/?s={search_term_string}\"},\"query-input\":{\"@type\":\"PropertyValueSpecification\",\"valueRequired\":true,\"valueName\":\"search_term_string\"}}],\"inLanguage\":\"fr-FR\"}]}<\/script>\n<!-- \/ Yoast SEO Premium plugin. -->","yoast_head_json":{"title":"Fruits & l\u00e9gumes : agir \u00e0 l'international pour la sant\u00e9 et pour la plan\u00e8te","description":"D\u00e9couvrez les actions men\u00e9es par Aprifel \u00e0 l'international pour promouvoir une alimentation saine, riche en fruits et l\u00e9gumes.","robots":{"index":"index","follow":"follow","max-snippet":"max-snippet:-1","max-image-preview":"max-image-preview:large","max-video-preview":"max-video-preview:-1"},"canonical":"https:\/\/aprifel-pp.mentalworks.biz\/fr\/actions-internationales\/","og_locale":"fr_FR","og_type":"article","og_title":"Actions internationales","og_description":"Actions internationales","og_url":"https:\/\/aprifel-pp.mentalworks.biz\/fr\/actions-internationales\/","og_site_name":"Aprifel","article_modified_time":"2024-08-07T15:38:40+00:00","twitter_card":"summary_large_image","twitter_misc":{"Dur\u00e9e de lecture estim\u00e9e":"4 minutes"},"schema":{"@context":"https:\/\/schema.org","@graph":[{"@type":"WebPage","@id":"https:\/\/aprifel-pp.mentalworks.biz\/fr\/actions-internationales\/","url":"https:\/\/aprifel-pp.mentalworks.biz\/fr\/actions-internationales\/","name":"Fruits & l\u00e9gumes : agir \u00e0 l'international pour la sant\u00e9 et pour la plan\u00e8te","isPartOf":{"@id":"https:\/\/www.aprifel.com\/fr\/#website"},"datePublished":"2019-09-05T10:20:13+00:00","dateModified":"2024-08-07T15:38:40+00:00","description":"D\u00e9couvrez les actions men\u00e9es par Aprifel \u00e0 l'international pour promouvoir une alimentation saine, riche en fruits et l\u00e9gumes.","breadcrumb":{"@id":"https:\/\/aprifel-pp.mentalworks.biz\/fr\/actions-internationales\/#breadcrumb"},"inLanguage":"fr-FR","potentialAction":[{"@type":"ReadAction","target":["https:\/\/aprifel-pp.mentalworks.biz\/fr\/actions-internationales\/"]}]},{"@type":"BreadcrumbList","@id":"https:\/\/aprifel-pp.mentalworks.biz\/fr\/actions-internationales\/#breadcrumb","itemListElement":[{"@type":"ListItem","position":1,"name":"Accueil","item":"https:\/\/www.aprifel.com\/fr\/"},{"@type":"ListItem","position":2,"name":"Actions internationales"}]},{"@type":"WebSite","@id":"https:\/\/www.aprifel.com\/fr\/#website","url":"https:\/\/www.aprifel.com\/fr\/","name":"Aprifel","description":"Agence pour la Recherche et l\u2019Information en Fruits et L\u00e9gumes","potentialAction":[{"@type":"SearchAction","target":{"@type":"EntryPoint","urlTemplate":"https:\/\/www.aprifel.com\/fr\/?s={search_term_string}"},"query-input":{"@type":"PropertyValueSpecification","valueRequired":true,"valueName":"search_term_string"}}],"inLanguage":"fr-FR"}]}},"_links":{"self":[{"href":"https:\/\/aprifel-pp.mentalworks.biz\/fr\/wp-json\/wp\/v2\/pages\/68884"}],"collection":[{"href":"https:\/\/aprifel-pp.mentalworks.biz\/fr\/wp-json\/wp\/v2\/pages"}],"about":[{"href":"https:\/\/aprifel-pp.mentalworks.biz\/fr\/wp-json\/wp\/v2\/types\/page"}],"author":[{"embeddable":true,"href":"https:\/\/aprifel-pp.mentalworks.biz\/fr\/wp-json\/wp\/v2\/users\/4"}],"replies":[{"embeddable":true,"href":"https:\/\/aprifel-pp.mentalworks.biz\/fr\/wp-json\/wp\/v2\/comments?post=68884"}],"version-history":[{"count":150,"href":"https:\/\/aprifel-pp.mentalworks.biz\/fr\/wp-json\/wp\/v2\/pages\/68884\/revisions"}],"predecessor-version":[{"id":98743,"href":"https:\/\/aprifel-pp.mentalworks.biz\/fr\/wp-json\/wp\/v2\/pages\/68884\/revisions\/98743"}],"wp:attachment":[{"href":"https:\/\/aprifel-pp.mentalworks.biz\/fr\/wp-json\/wp\/v2\/media?parent=68884"}],"curies":[{"name":"wp","href":"https:\/\/api.w.org\/{rel}","templated":true}]}}