{"id":63983,"date":"2019-02-20T15:24:47","date_gmt":"2019-02-20T14:24:47","guid":{"rendered":"https:\/\/aprifel-pp.mentalworks.biz\/?page_id=63983"},"modified":"2024-08-08T10:52:52","modified_gmt":"2024-08-08T08:52:52","slug":"aprifel-partenariats","status":"publish","type":"page","link":"https:\/\/aprifel-pp.mentalworks.biz\/fr\/aprifel-partenariats\/","title":{"rendered":"Nos partenaires"},"content":{"rendered":"<h4><span class=\"TextRun SCXW266596221 BCX0\" lang=\"FR-FR\" xml:lang=\"FR-FR\" data-contrast=\"auto\"><span class=\"NormalTextRun SCXW266596221 BCX0\">De par<\/span><span class=\"NormalTextRun SCXW266596221 BCX0\"> la nature de son action, <\/span><span class=\"NormalTextRun SpellingErrorV2Themed SCXW266596221 BCX0\">Aprifel<\/span><span class=\"NormalTextRun SCXW266596221 BCX0\"> se trouve<\/span> <span class=\"NormalTextRun SCXW266596221 BCX0\">\u00e0 l\u2019interface d\u2019acteurs tr\u00e8s divers : <\/span><span class=\"NormalTextRun SpellingErrorV2Themed SCXW266596221 BCX0\">soci\u00e9t\u00e9s savantes<\/span><span class=\"NormalTextRun SCXW266596221 BCX0\">, organismes de recherche, instances<\/span> <span class=\"NormalTextRun SCXW266596221 BCX0\">sanitaires, associations de consommateurs,<\/span> <span class=\"NormalTextRun SCXW266596221 BCX0\">acteurs de l\u2019univers des fruits et l\u00e9gumes et<\/span> <span class=\"NormalTextRun SCXW266596221 BCX0\">de l\u2019alimentation, ONG&#8230; Autant d\u2019acteurs<\/span> <span class=\"NormalTextRun SCXW266596221 BCX0\">avec lesquels <\/span><span class=\"NormalTextRun SpellingErrorV2Themed SCXW266596221 BCX0\">Aprifel<\/span><span class=\"NormalTextRun SCXW266596221 BCX0\"> construit des actions pour<\/span> <span class=\"NormalTextRun SCXW266596221 BCX0\">produire des connaissances et informer sur la<\/span> <span class=\"NormalTextRun SCXW266596221 BCX0\">place des fruits et l\u00e9gumes dans une alimentation<\/span> <span class=\"NormalTextRun SCXW266596221 BCX0\">saine et durable.<\/span><\/span><span class=\"EOP SCXW266596221 BCX0\" data-ccp-props=\"{&quot;201341983&quot;:0,&quot;335559739&quot;:160,&quot;335559740&quot;:259}\">\u00a0<\/span><\/h4>\n<h4>Scientifiques<\/h4>\n<ul>\n<li data-leveltext=\"\uf0b7\" data-font=\"Symbol\" data-listid=\"1\" data-list-defn-props=\"{&quot;335552541&quot;:1,&quot;335559684&quot;:-2,&quot;335559685&quot;:720,&quot;335559991&quot;:360,&quot;469769226&quot;:&quot;Symbol&quot;,&quot;469769242&quot;:[8226],&quot;469777803&quot;:&quot;left&quot;,&quot;469777804&quot;:&quot;\uf0b7&quot;,&quot;469777815&quot;:&quot;hybridMultilevel&quot;}\" aria-setsize=\"-1\" data-aria-posinset=\"1\" data-aria-level=\"1\"><b><span data-contrast=\"auto\">Organismes de recherche &amp; Instances<\/span><\/b><span data-contrast=\"auto\"> : Inrae, Institut Pasteur de Lille, CEA, Inserm, Universit\u00e9s, Anses\u2026<\/span><span data-ccp-props=\"{&quot;201341983&quot;:0,&quot;335559739&quot;:160,&quot;335559740&quot;:259}\">\u00a0<\/span><\/li>\n<li data-leveltext=\"\uf0b7\" data-font=\"Symbol\" data-listid=\"1\" data-list-defn-props=\"{&quot;335552541&quot;:1,&quot;335559684&quot;:-2,&quot;335559685&quot;:720,&quot;335559991&quot;:360,&quot;469769226&quot;:&quot;Symbol&quot;,&quot;469769242&quot;:[8226],&quot;469777803&quot;:&quot;left&quot;,&quot;469777804&quot;:&quot;\uf0b7&quot;,&quot;469777815&quot;:&quot;hybridMultilevel&quot;}\" aria-setsize=\"-1\" data-aria-posinset=\"2\" data-aria-level=\"1\"><strong>Associations et Soci\u00e9t\u00e9s savantes<\/strong><span data-contrast=\"auto\"><strong> :<\/strong> Soci\u00e9t\u00e9 Fran\u00e7aise de Nutrition, Acad\u00e9mie d\u2019agriculture de France, Association des patients souffrant du syndrome de l&rsquo;intestin irritable, F\u00e9d\u00e9ration fran\u00e7aise des diab\u00e9tiques, des associations europ\u00e9ennes de m\u00e9decins de famille (WONCA Europe) et p\u00e9diatres (ECOG).<\/span><span data-ccp-props=\"{&quot;201341983&quot;:0,&quot;335559739&quot;:160,&quot;335559740&quot;:259}\">\u00a0<\/span><\/li>\n<\/ul>\n<h4>Professionnels de sant\u00e9 et structures de soin<\/h4>\n<p><span data-contrast=\"auto\">M\u00e9decins, di\u00e9t\u00e9ticiens, Centres de Protection Maternelle et Infantile<\/span><\/p>\n<h4>Soci\u00e9t\u00e9 civile<\/h4>\n<p><b><span data-contrast=\"auto\">Associations de consommateurs<\/span><\/b><span data-contrast=\"auto\"> : <strong>Familles de<\/strong><\/span><strong> France, Familles rurales, <span class='tooltipsall tooltip_post_id_80959 classtoolTips80959'>ULCC<\/span> (Union La\u00efque et Citoyenne des Consommateurs), etc\u00a0<\/strong><\/p>\n<h4>Professionnels des fruits et l\u00e9gumes<\/h4>\n<h5>Parmi les partenaires d&rsquo;Aprifel :<\/h5>\n<ul>\n<li><a href=\"http:\/\/ifava.org\/\" target=\"_blank\" rel=\"noopener\">AIAM5 &#8211; l&rsquo;Alliance internationale des fruits et l\u00e9gumes<\/a><\/li>\n<li><a href=\"http:\/\/www.afdn.org\/\" target=\"_blank\" rel=\"noopener\">AFDN &#8211; Association Fran\u00e7aise des Diet\u00e9ticiens Nutritionnistes<\/a><\/li>\n<li><a href=\"https:\/\/www.leolagrange-conso.org\/\" target=\"_blank\" rel=\"noopener\">ALLDC &#8211; Association L\u00e9o-Lagrange pour la D\u00e9fense des Consommateurs<\/a><\/li>\n<li><a href=\"http:\/\/www.anses.fr\">Anses &#8211; l&rsquo;Agence nationale de s\u00e9curit\u00e9 sanitaire de l&rsquo;alimentation, de l&rsquo;environnement et du travail<\/a><\/li>\n<li>APSSII &#8211; <span data-contrast=\"auto\"> <a href=\"https:\/\/aprifel-pp.mentalworks.biz\/fr\/aprifel-partenariats\/_wp_link_placeholder\">Association des patients souffrant du syndrome de l\u2019intestin irritable<\/a><\/span><\/li>\n<li><a href=\"https:\/\/www.clcv.org\" target=\"_blank\" rel=\"noopener\">CLCV &#8211; Conf\u00e9d\u00e9ration de la Consommation du Logement et du Cadre de Vie<\/a><\/li>\n<li><a href=\"https:\/\/lyon-est.univ-lyon1.fr\/formation\/des-medecine-generale\/college-universitaire-de-medecine-generale-cumg\" target=\"_blank\" rel=\"noopener\">Coll\u00e8ge Universitaire de m\u00e9decine g\u00e9n\u00e9rale &#8211; Universit\u00e9 Lyon 1<\/a><\/li>\n<li><a href=\"https:\/\/www.ecog-obesity.eu\">ECOG &#8211; Groupe europ\u00e9en sur l&rsquo;ob\u00e9sit\u00e9 infantile<\/a><\/li>\n<li><a href=\"http:\/\/www.familles-de-france.org\/fr\" target=\"_blank\" rel=\"noopener\">Familles de France<\/a><\/li>\n<li><a href=\"https:\/\/www.famillesrurales.org\/\" target=\"_blank\" rel=\"noopener\">Familles Rurales<\/a><\/li>\n<li><a href=\"_wp_link_placeholder\" data-wplink-edit=\"true\">FFD &#8211; F\u00e9d\u00e9ration fran\u00e7aise des diab\u00e9tiques<\/a><\/li>\n<li><a href=\"https:\/\/freshfel.org\/\" target=\"_blank\" rel=\"noopener\">Freshfel Europe<\/a><\/li>\n<li><a href=\"https:\/\/pasteur-lille.fr\/\" target=\"_blank\" rel=\"noopener\">Institut Pasteur de Lille<\/a><\/li>\n<li><a href=\"https:\/\/sf-nutrition.fr\/\" target=\"_blank\" rel=\"noopener\">Soci\u00e9t\u00e9 fran\u00e7aise de nutrition<\/a><\/li>\n<li><a href=\"https:\/\/www.woncaeurope.org\/\" target=\"_blank\" rel=\"noopener\">WONCA Europe<\/a><\/li>\n<\/ul>\n","protected":false},"excerpt":{"rendered":"De par la nature de son action, Aprifel se trouve \u00e0 l\u2019interface d\u2019acteurs tr\u00e8s divers : soci\u00e9t\u00e9s savantes, organismes de recherche, instances sanitaires, associations de consommateurs, acteurs de l\u2019univers des fruits et l\u00e9gumes et de l\u2019alimentation, ONG&#8230; Autant d\u2019acteurs avec lesquels Aprifel construit des actions pour produire des connaissances et informer sur la place des [&hellip;]","protected":false},"author":22,"featured_media":0,"parent":0,"menu_order":43,"comment_status":"closed","ping_status":"closed","template":"","meta":{"_acf_changed":false,"footnotes":""},"class_list":["post-63983","page","type-page","status-publish","hentry"],"acf":[],"yoast_head":"<!-- This site is optimized with the Yoast SEO Premium plugin v23.6 (Yoast SEO v23.6) - https:\/\/yoast.com\/wordpress\/plugins\/seo\/ -->\n<title>Aprifel - nos partenaires<\/title>\n<meta name=\"description\" content=\"D\u00e9couvrez les partenariats mis en place par Aprifel pour faire avancer la connaissance et informer sur la place des fruits et l\u00e9gumes dans une alimentation saine et durable.\" \/>\n<meta name=\"robots\" content=\"index, follow, max-snippet:-1, max-image-preview:large, max-video-preview:-1\" \/>\n<link rel=\"canonical\" href=\"https:\/\/aprifel-pp.mentalworks.biz\/fr\/aprifel-partenariats\/\" \/>\n<meta property=\"og:locale\" content=\"fr_FR\" \/>\n<meta property=\"og:type\" content=\"article\" \/>\n<meta property=\"og:title\" content=\"Nos partenaires\" \/>\n<meta property=\"og:description\" content=\"Nos partenaires\" \/>\n<meta property=\"og:url\" content=\"https:\/\/aprifel-pp.mentalworks.biz\/fr\/aprifel-partenariats\/\" \/>\n<meta property=\"og:site_name\" content=\"Aprifel\" \/>\n<meta property=\"article:modified_time\" content=\"2024-08-08T08:52:52+00:00\" \/>\n<meta name=\"twitter:card\" content=\"summary_large_image\" \/>\n<meta name=\"twitter:label1\" content=\"Dur\u00e9e de lecture estim\u00e9e\" \/>\n\t<meta name=\"twitter:data1\" content=\"2 minutes\" \/>\n<script type=\"application\/ld+json\" class=\"yoast-schema-graph\">{\"@context\":\"https:\/\/schema.org\",\"@graph\":[{\"@type\":\"WebPage\",\"@id\":\"https:\/\/aprifel-pp.mentalworks.biz\/fr\/aprifel-partenariats\/\",\"url\":\"https:\/\/aprifel-pp.mentalworks.biz\/fr\/aprifel-partenariats\/\",\"name\":\"Aprifel - nos partenaires\",\"isPartOf\":{\"@id\":\"https:\/\/www.aprifel.com\/fr\/#website\"},\"datePublished\":\"2019-02-20T14:24:47+00:00\",\"dateModified\":\"2024-08-08T08:52:52+00:00\",\"description\":\"D\u00e9couvrez les partenariats mis en place par Aprifel pour faire avancer la connaissance et informer sur la place des fruits et l\u00e9gumes dans une alimentation saine et durable.\",\"breadcrumb\":{\"@id\":\"https:\/\/aprifel-pp.mentalworks.biz\/fr\/aprifel-partenariats\/#breadcrumb\"},\"inLanguage\":\"fr-FR\",\"potentialAction\":[{\"@type\":\"ReadAction\",\"target\":[\"https:\/\/aprifel-pp.mentalworks.biz\/fr\/aprifel-partenariats\/\"]}]},{\"@type\":\"BreadcrumbList\",\"@id\":\"https:\/\/aprifel-pp.mentalworks.biz\/fr\/aprifel-partenariats\/#breadcrumb\",\"itemListElement\":[{\"@type\":\"ListItem\",\"position\":1,\"name\":\"Accueil\",\"item\":\"https:\/\/www.aprifel.com\/fr\/\"},{\"@type\":\"ListItem\",\"position\":2,\"name\":\"Nos partenaires\"}]},{\"@type\":\"WebSite\",\"@id\":\"https:\/\/www.aprifel.com\/fr\/#website\",\"url\":\"https:\/\/www.aprifel.com\/fr\/\",\"name\":\"Aprifel\",\"description\":\"Agence pour la Recherche et l\u2019Information en Fruits et L\u00e9gumes\",\"potentialAction\":[{\"@type\":\"SearchAction\",\"target\":{\"@type\":\"EntryPoint\",\"urlTemplate\":\"https:\/\/www.aprifel.com\/fr\/?s={search_term_string}\"},\"query-input\":{\"@type\":\"PropertyValueSpecification\",\"valueRequired\":true,\"valueName\":\"search_term_string\"}}],\"inLanguage\":\"fr-FR\"}]}<\/script>\n<!-- \/ Yoast SEO Premium plugin. -->","yoast_head_json":{"title":"Aprifel - nos partenaires","description":"D\u00e9couvrez les partenariats mis en place par Aprifel pour faire avancer la connaissance et informer sur la place des fruits et l\u00e9gumes dans une alimentation saine et durable.","robots":{"index":"index","follow":"follow","max-snippet":"max-snippet:-1","max-image-preview":"max-image-preview:large","max-video-preview":"max-video-preview:-1"},"canonical":"https:\/\/aprifel-pp.mentalworks.biz\/fr\/aprifel-partenariats\/","og_locale":"fr_FR","og_type":"article","og_title":"Nos partenaires","og_description":"Nos partenaires","og_url":"https:\/\/aprifel-pp.mentalworks.biz\/fr\/aprifel-partenariats\/","og_site_name":"Aprifel","article_modified_time":"2024-08-08T08:52:52+00:00","twitter_card":"summary_large_image","twitter_misc":{"Dur\u00e9e de lecture estim\u00e9e":"2 minutes"},"schema":{"@context":"https:\/\/schema.org","@graph":[{"@type":"WebPage","@id":"https:\/\/aprifel-pp.mentalworks.biz\/fr\/aprifel-partenariats\/","url":"https:\/\/aprifel-pp.mentalworks.biz\/fr\/aprifel-partenariats\/","name":"Aprifel - nos partenaires","isPartOf":{"@id":"https:\/\/www.aprifel.com\/fr\/#website"},"datePublished":"2019-02-20T14:24:47+00:00","dateModified":"2024-08-08T08:52:52+00:00","description":"D\u00e9couvrez les partenariats mis en place par Aprifel pour faire avancer la connaissance et informer sur la place des fruits et l\u00e9gumes dans une alimentation saine et durable.","breadcrumb":{"@id":"https:\/\/aprifel-pp.mentalworks.biz\/fr\/aprifel-partenariats\/#breadcrumb"},"inLanguage":"fr-FR","potentialAction":[{"@type":"ReadAction","target":["https:\/\/aprifel-pp.mentalworks.biz\/fr\/aprifel-partenariats\/"]}]},{"@type":"BreadcrumbList","@id":"https:\/\/aprifel-pp.mentalworks.biz\/fr\/aprifel-partenariats\/#breadcrumb","itemListElement":[{"@type":"ListItem","position":1,"name":"Accueil","item":"https:\/\/www.aprifel.com\/fr\/"},{"@type":"ListItem","position":2,"name":"Nos partenaires"}]},{"@type":"WebSite","@id":"https:\/\/www.aprifel.com\/fr\/#website","url":"https:\/\/www.aprifel.com\/fr\/","name":"Aprifel","description":"Agence pour la Recherche et l\u2019Information en Fruits et L\u00e9gumes","potentialAction":[{"@type":"SearchAction","target":{"@type":"EntryPoint","urlTemplate":"https:\/\/www.aprifel.com\/fr\/?s={search_term_string}"},"query-input":{"@type":"PropertyValueSpecification","valueRequired":true,"valueName":"search_term_string"}}],"inLanguage":"fr-FR"}]}},"_links":{"self":[{"href":"https:\/\/aprifel-pp.mentalworks.biz\/fr\/wp-json\/wp\/v2\/pages\/63983"}],"collection":[{"href":"https:\/\/aprifel-pp.mentalworks.biz\/fr\/wp-json\/wp\/v2\/pages"}],"about":[{"href":"https:\/\/aprifel-pp.mentalworks.biz\/fr\/wp-json\/wp\/v2\/types\/page"}],"author":[{"embeddable":true,"href":"https:\/\/aprifel-pp.mentalworks.biz\/fr\/wp-json\/wp\/v2\/users\/22"}],"replies":[{"embeddable":true,"href":"https:\/\/aprifel-pp.mentalworks.biz\/fr\/wp-json\/wp\/v2\/comments?post=63983"}],"version-history":[{"count":9,"href":"https:\/\/aprifel-pp.mentalworks.biz\/fr\/wp-json\/wp\/v2\/pages\/63983\/revisions"}],"predecessor-version":[{"id":98763,"href":"https:\/\/aprifel-pp.mentalworks.biz\/fr\/wp-json\/wp\/v2\/pages\/63983\/revisions\/98763"}],"wp:attachment":[{"href":"https:\/\/aprifel-pp.mentalworks.biz\/fr\/wp-json\/wp\/v2\/media?parent=63983"}],"curies":[{"name":"wp","href":"https:\/\/api.w.org\/{rel}","templated":true}]}}