{"id":62692,"date":"2019-01-30T12:09:48","date_gmt":"2019-01-30T11:09:48","guid":{"rendered":"https:\/\/aprifel-pp.mentalworks.biz\/?page_id=62692"},"modified":"2024-08-07T17:21:35","modified_gmt":"2024-08-07T15:21:35","slug":"missions-aprifel-connaissance-information-sante-durabilite","status":"publish","type":"page","link":"https:\/\/aprifel-pp.mentalworks.biz\/fr\/missions-aprifel-connaissance-information-sante-durabilite\/","title":{"rendered":"Missions"},"content":{"rendered":"<div id=\"pl-62692\"  class=\"panel-layout\" ><div id=\"pg-62692-0\"  class=\"panel-grid panel-no-style\" ><div id=\"pgc-62692-0-0\"  class=\"panel-grid-cell\" ><div id=\"panel-62692-0-0-0\" class=\"so-panel widget widget_sow-editor panel-first-child panel-last-child\" data-index=\"0\" ><div\n\t\t\t\n\t\t\tclass=\"so-widget-sow-editor so-widget-sow-editor-base\"\n\t\t\t\n\t\t>\n<div class=\"siteorigin-widget-tinymce textwidget\">\n\t<h6><strong><span style=\"line-height: 20pt;\"> Depuis sa cr\u00e9ation en 1981, Aprifel produit et diffuse une information scientifiquement fond\u00e9e sur les b\u00e9n\u00e9fices d'une alimentation riche en fruits &amp; l\u00e9gumes pour la sant\u00e9 et l\u2019environnement. Ses actions visent \u00e0 am\u00e9liorer la connaissance des fruits et l\u00e9gumes et \u00e0 r\u00e9pondre aux questions de soci\u00e9t\u00e9 qui s'y rattachent.<br \/>\n<\/span><\/strong><\/h6>\n<\/div>\n<\/div><\/div><\/div><\/div><div id=\"pg-62692-1\"  class=\"panel-grid panel-no-style\" ><div id=\"pgc-62692-1-0\"  class=\"panel-grid-cell\" ><div id=\"panel-62692-1-0-0\" class=\"so-panel widget widget_sow-editor panel-first-child panel-last-child\" data-index=\"1\" ><div class=\"panel-widget-style panel-widget-style-for-62692-1-0-0\" ><div\n\t\t\t\n\t\t\tclass=\"so-widget-sow-editor so-widget-sow-editor-base\"\n\t\t\t\n\t\t>\n<div class=\"siteorigin-widget-tinymce textwidget\">\n\t<p style=\"text-align: left;\"><span style=\"color: #f9cd00; font-size: 80pt; line-height: 62pt;\"><strong>1<\/strong><\/span><\/p>\n<\/div>\n<\/div><\/div><\/div><\/div><\/div><div id=\"pg-62692-2\"  class=\"panel-grid panel-no-style\" ><div id=\"pgc-62692-2-0\"  class=\"panel-grid-cell\" ><div id=\"panel-62692-2-0-0\" class=\"so-panel widget widget_sow-editor panel-first-child panel-last-child\" data-index=\"2\" ><div class=\"panel-widget-style panel-widget-style-for-62692-2-0-0\" ><div\n\t\t\t\n\t\t\tclass=\"so-widget-sow-editor so-widget-sow-editor-base\"\n\t\t\t\n\t\t>\n<div class=\"siteorigin-widget-tinymce textwidget\">\n\t<p style=\"text-align: left;\"><span style=\"color: #f9cd00; font-size: 80pt; line-height: 62pt;\"><strong>1<\/strong><\/span><\/p>\n<\/div>\n<\/div><\/div><\/div><\/div><div id=\"pgc-62692-2-1\"  class=\"panel-grid-cell\" ><div id=\"panel-62692-2-1-0\" class=\"so-panel widget widget_sow-editor panel-first-child panel-last-child\" data-index=\"3\" ><div\n\t\t\t\n\t\t\tclass=\"so-widget-sow-editor so-widget-sow-editor-base\"\n\t\t\t\n\t\t>\n<div class=\"siteorigin-widget-tinymce textwidget\">\n\t<p><span style=\"font-size: 18pt; line-height: 20pt;\"><strong>Produire une information scientifique sur l\u2019alimentation, la s\u00e9curit\u00e9 sanitaire et \u00e9laborer des recommandations scientifiques. <\/strong><\/span><\/p>\n<p><span style=\"line-height: 20pt;\">Gr\u00e2ce au Conseil scientifique et \u00e0 son <strong>panel d\u2019experts et de partenaires<\/strong>, Aprifel \u00e9labore des dossiers, des recommandations et des notes fond\u00e9es sur des <strong>faits scientifiques faisant consensus <\/strong>et publi\u00e9s dans des<strong> revues internationales \u00e0 comit\u00e9 de lecture<\/strong>.<\/span><\/p>\n<p><span style=\"line-height: 20pt;\">Ces productions viennent nourrir toute l\u2019action d\u2019Aprifel.<\/span><\/p>\n<\/div>\n<\/div><\/div><\/div><div id=\"pgc-62692-2-2\"  class=\"panel-grid-cell\" ><div id=\"panel-62692-2-2-0\" class=\"so-panel widget widget_media_image panel-first-child panel-last-child\" data-index=\"4\" ><img loading=\"lazy\" decoding=\"async\" width=\"499\" height=\"312\" src=\"https:\/\/aprifel-pp.mentalworks.biz\/wp-content\/uploads\/2020\/07\/scientifique.jpg\" class=\"image wp-image-72124  attachment-full size-full\" alt=\"\" style=\"max-width: 100%; height: auto;\" \/><\/div><\/div><\/div><div id=\"pg-62692-3\"  class=\"panel-grid panel-has-style\" ><div class=\"panel-row-style panel-row-style-for-62692-3\" ><div id=\"pgc-62692-3-0\"  class=\"panel-grid-cell\" ><div id=\"panel-62692-3-0-0\" class=\"so-panel widget widget_sow-editor panel-first-child panel-last-child\" data-index=\"5\" ><div\n\t\t\t\n\t\t\tclass=\"so-widget-sow-editor so-widget-sow-editor-base\"\n\t\t\t\n\t\t>\n<div class=\"siteorigin-widget-tinymce textwidget\">\n\t<p style=\"text-align: left;\"><span style=\"color: #ff8a00; font-size: 80pt; line-height: 62pt;\"><strong>2<\/strong><\/span><\/p>\n<\/div>\n<\/div><\/div><\/div><\/div><\/div><div id=\"pg-62692-4\"  class=\"panel-grid panel-no-style\" ><div id=\"pgc-62692-4-0\"  class=\"panel-grid-cell\" ><div id=\"panel-62692-4-0-0\" class=\"so-panel widget widget_sow-editor panel-first-child panel-last-child\" data-index=\"6\" ><div class=\"panel-widget-style panel-widget-style-for-62692-4-0-0\" ><div\n\t\t\t\n\t\t\tclass=\"so-widget-sow-editor so-widget-sow-editor-base\"\n\t\t\t\n\t\t>\n<div class=\"siteorigin-widget-tinymce textwidget\">\n\t<p style=\"text-align: left;\"><span style=\"color: #ff8a00; font-size: 80pt; line-height: 62pt;\"><strong>2<\/strong><\/span><\/p>\n<\/div>\n<\/div><\/div><\/div><\/div><div id=\"pgc-62692-4-1\"  class=\"panel-grid-cell\" ><div id=\"panel-62692-4-1-0\" class=\"so-panel widget widget_sow-editor panel-first-child panel-last-child\" data-index=\"7\" ><div\n\t\t\t\n\t\t\tclass=\"so-widget-sow-editor so-widget-sow-editor-base\"\n\t\t\t\n\t\t>\n<div class=\"siteorigin-widget-tinymce textwidget\">\n\t<p><span style=\"font-size: 18pt; line-height: 22pt;\"><strong>Assurer l\u2019interface entre le monde des professionnels et les repr\u00e9sentants des consommateurs.<\/strong><\/span><\/p>\n<p><span style=\"line-height: 20pt;\">Gr\u00e2ce \u00e0 son Conseil consommateurs, Aprifel agit comme une <strong>interface<\/strong> entre les acteurs professionnels intervenant dans ses champs de comp\u00e9tence et la soci\u00e9t\u00e9 civile. Par ce biais, Aprifel s\u2019assure que les <strong>attentes et pr\u00e9occupations<\/strong> de chacune des parties prenantes sont <strong>entendues<\/strong>.<\/span><\/p>\n<p><span style=\"line-height: 20pt;\">\u00a0<\/span><\/p>\n<\/div>\n<\/div><\/div><\/div><div id=\"pgc-62692-4-2\"  class=\"panel-grid-cell\" ><div id=\"panel-62692-4-2-0\" class=\"so-panel widget widget_media_image panel-first-child panel-last-child\" data-index=\"8\" ><img loading=\"lazy\" decoding=\"async\" width=\"499\" height=\"312\" src=\"https:\/\/aprifel-pp.mentalworks.biz\/wp-content\/uploads\/2020\/07\/interface.jpg\" class=\"image wp-image-72126  attachment-full size-full\" alt=\"\" style=\"max-width: 100%; height: auto;\" \/><\/div><\/div><\/div><div id=\"pg-62692-5\"  class=\"panel-grid panel-has-style\" ><div class=\"panel-row-style panel-row-style-for-62692-5\" ><div id=\"pgc-62692-5-0\"  class=\"panel-grid-cell\" ><div id=\"panel-62692-5-0-0\" class=\"so-panel widget widget_sow-editor panel-first-child panel-last-child\" data-index=\"9\" ><div\n\t\t\t\n\t\t\tclass=\"so-widget-sow-editor so-widget-sow-editor-base\"\n\t\t\t\n\t\t>\n<div class=\"siteorigin-widget-tinymce textwidget\">\n\t<p style=\"text-align: left;\"><span style=\"font-size: 80pt; line-height: 62pt; color: #8ebd1d;\"><strong>3<\/strong><\/span><\/p><\/div>\n<\/div><\/div><\/div><\/div><\/div><div id=\"pg-62692-6\"  class=\"panel-grid panel-no-style\" ><div id=\"pgc-62692-6-0\"  class=\"panel-grid-cell\" ><div id=\"panel-62692-6-0-0\" class=\"so-panel widget widget_sow-editor panel-first-child panel-last-child\" data-index=\"10\" ><div class=\"panel-widget-style panel-widget-style-for-62692-6-0-0\" ><div\n\t\t\t\n\t\t\tclass=\"so-widget-sow-editor so-widget-sow-editor-base\"\n\t\t\t\n\t\t>\n<div class=\"siteorigin-widget-tinymce textwidget\">\n\t<p style=\"text-align: left;\"><span style=\"font-size: 80pt; line-height: 62pt; color: #8ebd1d;\"><strong>3<\/strong><\/span><\/p><\/div>\n<\/div><\/div><\/div><\/div><div id=\"pgc-62692-6-1\"  class=\"panel-grid-cell\" ><div id=\"panel-62692-6-1-0\" class=\"so-panel widget widget_sow-editor panel-first-child panel-last-child\" data-index=\"11\" ><div\n\t\t\t\n\t\t\tclass=\"so-widget-sow-editor so-widget-sow-editor-base\"\n\t\t\t\n\t\t>\n<div class=\"siteorigin-widget-tinymce textwidget\">\n\t<p><strong><span style=\"font-size: 18pt; line-height: 22pt;\">Recenser les publications scientifiques sur les fruits et l\u00e9gumes, la sant\u00e9 et l\u2019alimentation.<\/span><\/strong><\/p>\n<p><span style=\"line-height: 20pt;\">Assurer une <strong>veille permanente<\/strong> sur l\u2019actualit\u00e9 scientifique li\u00e9e aux fruits et l\u00e9gumes est l\u2019une des missions centrales d\u2019Aprifel.<\/span><\/p>\n<p><span style=\"line-height: 20pt;\">Ce travail lui permet notamment d\u2019alimenter une base de donn\u00e9es recensant les <strong>travaux scientifiques internationaux<\/strong> sur l\u2019alimentation, la sant\u00e9 et, plus pr\u00e9cis\u00e9ment, les fruits et l\u00e9gumes.<\/span><\/p>\n<\/div>\n<\/div><\/div><\/div><div id=\"pgc-62692-6-2\"  class=\"panel-grid-cell\" ><div id=\"panel-62692-6-2-0\" class=\"so-panel widget widget_media_image panel-first-child panel-last-child\" data-index=\"12\" ><img loading=\"lazy\" decoding=\"async\" width=\"499\" height=\"312\" src=\"https:\/\/aprifel-pp.mentalworks.biz\/wp-content\/uploads\/2020\/07\/publications.jpg\" class=\"image wp-image-72128  attachment-full size-full\" alt=\"\" style=\"max-width: 100%; height: auto;\" \/><\/div><\/div><\/div><div id=\"pg-62692-7\"  class=\"panel-grid panel-has-style\" ><div class=\"panel-row-style panel-row-style-for-62692-7\" ><div id=\"pgc-62692-7-0\"  class=\"panel-grid-cell\" ><div id=\"panel-62692-7-0-0\" class=\"so-panel widget widget_sow-editor panel-first-child panel-last-child\" data-index=\"13\" ><div\n\t\t\t\n\t\t\tclass=\"so-widget-sow-editor so-widget-sow-editor-base\"\n\t\t\t\n\t\t>\n<div class=\"siteorigin-widget-tinymce textwidget\">\n\t<p style=\"text-align: left;\"><span style=\"font-size: 80pt; line-height: 62pt; color: #17a136;\"><strong>4<\/strong><\/span><\/p><\/div>\n<\/div><\/div><\/div><\/div><\/div><div id=\"pg-62692-8\"  class=\"panel-grid panel-no-style\" ><div id=\"pgc-62692-8-0\"  class=\"panel-grid-cell\" ><div id=\"panel-62692-8-0-0\" class=\"so-panel widget widget_sow-editor panel-first-child panel-last-child\" data-index=\"14\" ><div class=\"panel-widget-style panel-widget-style-for-62692-8-0-0\" ><div\n\t\t\t\n\t\t\tclass=\"so-widget-sow-editor so-widget-sow-editor-base\"\n\t\t\t\n\t\t>\n<div class=\"siteorigin-widget-tinymce textwidget\">\n\t<p style=\"text-align: left;\"><span style=\"font-size: 80pt; line-height: 62pt; color: #17a136;\"><strong>4<\/strong><\/span><\/p><\/div>\n<\/div><\/div><\/div><\/div><div id=\"pgc-62692-8-1\"  class=\"panel-grid-cell\" ><div id=\"panel-62692-8-1-0\" class=\"so-panel widget widget_sow-editor panel-first-child panel-last-child\" data-index=\"15\" ><div\n\t\t\t\n\t\t\tclass=\"so-widget-sow-editor so-widget-sow-editor-base\"\n\t\t\t\n\t\t>\n<div class=\"siteorigin-widget-tinymce textwidget\">\n\t<p><span style=\"font-size: 18pt; line-height: 22pt;\"><strong>Mettre \u00e0 disposition des donn\u00e9es nutritionnelles actualis\u00e9es sur les fruits &amp; l\u00e9gumes.<\/strong><\/span><\/p>\n<p><span style=\"line-height: 20pt;\">Afin d\u2019apporter <strong>une information factuelle et actualis\u00e9e<\/strong> sur les b\u00e9n\u00e9fices d\u2019une alimentation saine, vari\u00e9e et riche en fruits et l\u00e9gumes, Aprifel propose une centaine de <a href=\"https:\/\/aprifel-pp.mentalworks.biz\/fr\/fiche-nutritionnelle\/\">fiches nutritionnelles<\/a> regroupant toutes les informations disponibles sur ces aliments (composition nutritionnelle, caract\u00e9ristiques, all\u00e9gations nutritionnelles et de sant\u00e9 etc.).<\/span><\/p>\n<p><a href=\"https:\/\/aprifel-pp.mentalworks.biz\/wp-content\/uploads\/2020\/09\/M\u00e9thodologie-Fiches-nutritionnelles.pdf\" target=\"_blank\" rel=\"noopener noreferrer\">Ce travail s\u2019articule avec un partenariat d\u2019analyses nutritionnelles r\u00e9alis\u00e9es avec l\u2019Anses en 2017-2018.<\/a><\/p>\n<\/div>\n<\/div><\/div><\/div><div id=\"pgc-62692-8-2\"  class=\"panel-grid-cell\" ><div id=\"panel-62692-8-2-0\" class=\"so-panel widget widget_media_image panel-first-child panel-last-child\" data-index=\"16\" ><img loading=\"lazy\" decoding=\"async\" width=\"499\" height=\"312\" src=\"https:\/\/aprifel-pp.mentalworks.biz\/wp-content\/uploads\/2020\/07\/donnees.jpg\" class=\"image wp-image-72130  attachment-full size-full\" alt=\"\" style=\"max-width: 100%; height: auto;\" \/><\/div><\/div><\/div><\/div>","protected":false},"excerpt":{"rendered":"Depuis sa cr\u00e9ation en 1981, Aprifel produit et diffuse une information scientifiquement fond\u00e9e sur les b\u00e9n\u00e9fices d&rsquo;une alimentation riche en fruits &amp; l\u00e9gumes pour la sant\u00e9 et l\u2019environnement. Ses actions visent \u00e0 am\u00e9liorer la connaissance des fruits et l\u00e9gumes et \u00e0 r\u00e9pondre aux questions de soci\u00e9t\u00e9 qui s&rsquo;y rattachent. 1","protected":false},"author":22,"featured_media":0,"parent":0,"menu_order":49,"comment_status":"closed","ping_status":"closed","template":"","meta":{"_acf_changed":false,"footnotes":""},"class_list":["post-62692","page","type-page","status-publish","hentry"],"acf":[],"yoast_head":"<!-- This site is optimized with the Yoast SEO Premium plugin v23.6 (Yoast SEO v23.6) - https:\/\/yoast.com\/wordpress\/plugins\/seo\/ -->\n<title>Agence d&#039;information en alimentation sant\u00e9 environnement<\/title>\n<meta name=\"description\" content=\"Aprifel produit et diffuse une information scientifiquement fond\u00e9e sur les b\u00e9n\u00e9fices d&#039;une alimentation riche en fruits &amp; l\u00e9gumes pour la sant\u00e9 et l\u2019environnement.\" \/>\n<meta name=\"robots\" content=\"index, follow, max-snippet:-1, max-image-preview:large, max-video-preview:-1\" \/>\n<link rel=\"canonical\" href=\"https:\/\/aprifel-pp.mentalworks.biz\/fr\/missions-aprifel-connaissance-information-sante-durabilite\/\" \/>\n<meta property=\"og:locale\" content=\"fr_FR\" \/>\n<meta property=\"og:type\" content=\"article\" \/>\n<meta property=\"og:title\" content=\"Missions\" \/>\n<meta property=\"og:description\" content=\"Missions\" \/>\n<meta property=\"og:url\" content=\"https:\/\/aprifel-pp.mentalworks.biz\/fr\/missions-aprifel-connaissance-information-sante-durabilite\/\" \/>\n<meta property=\"og:site_name\" content=\"Aprifel\" \/>\n<meta property=\"article:modified_time\" content=\"2024-08-07T15:21:35+00:00\" \/>\n<meta name=\"twitter:card\" content=\"summary_large_image\" \/>\n<meta name=\"twitter:label1\" content=\"Dur\u00e9e de lecture estim\u00e9e\" \/>\n\t<meta name=\"twitter:data1\" content=\"3 minutes\" \/>\n<script type=\"application\/ld+json\" class=\"yoast-schema-graph\">{\"@context\":\"https:\/\/schema.org\",\"@graph\":[{\"@type\":\"WebPage\",\"@id\":\"https:\/\/aprifel-pp.mentalworks.biz\/fr\/missions-aprifel-connaissance-information-sante-durabilite\/\",\"url\":\"https:\/\/aprifel-pp.mentalworks.biz\/fr\/missions-aprifel-connaissance-information-sante-durabilite\/\",\"name\":\"Agence d'information en alimentation sant\u00e9 environnement\",\"isPartOf\":{\"@id\":\"https:\/\/www.aprifel.com\/fr\/#website\"},\"datePublished\":\"2019-01-30T11:09:48+00:00\",\"dateModified\":\"2024-08-07T15:21:35+00:00\",\"description\":\"Aprifel produit et diffuse une information scientifiquement fond\u00e9e sur les b\u00e9n\u00e9fices d'une alimentation riche en fruits & l\u00e9gumes pour la sant\u00e9 et l\u2019environnement.\",\"breadcrumb\":{\"@id\":\"https:\/\/aprifel-pp.mentalworks.biz\/fr\/missions-aprifel-connaissance-information-sante-durabilite\/#breadcrumb\"},\"inLanguage\":\"fr-FR\",\"potentialAction\":[{\"@type\":\"ReadAction\",\"target\":[\"https:\/\/aprifel-pp.mentalworks.biz\/fr\/missions-aprifel-connaissance-information-sante-durabilite\/\"]}]},{\"@type\":\"BreadcrumbList\",\"@id\":\"https:\/\/aprifel-pp.mentalworks.biz\/fr\/missions-aprifel-connaissance-information-sante-durabilite\/#breadcrumb\",\"itemListElement\":[{\"@type\":\"ListItem\",\"position\":1,\"name\":\"Accueil\",\"item\":\"https:\/\/www.aprifel.com\/fr\/\"},{\"@type\":\"ListItem\",\"position\":2,\"name\":\"Missions\"}]},{\"@type\":\"WebSite\",\"@id\":\"https:\/\/www.aprifel.com\/fr\/#website\",\"url\":\"https:\/\/www.aprifel.com\/fr\/\",\"name\":\"Aprifel\",\"description\":\"Agence pour la Recherche et l\u2019Information en Fruits et L\u00e9gumes\",\"potentialAction\":[{\"@type\":\"SearchAction\",\"target\":{\"@type\":\"EntryPoint\",\"urlTemplate\":\"https:\/\/www.aprifel.com\/fr\/?s={search_term_string}\"},\"query-input\":{\"@type\":\"PropertyValueSpecification\",\"valueRequired\":true,\"valueName\":\"search_term_string\"}}],\"inLanguage\":\"fr-FR\"}]}<\/script>\n<!-- \/ Yoast SEO Premium plugin. -->","yoast_head_json":{"title":"Agence d'information en alimentation sant\u00e9 environnement","description":"Aprifel produit et diffuse une information scientifiquement fond\u00e9e sur les b\u00e9n\u00e9fices d'une alimentation riche en fruits & l\u00e9gumes pour la sant\u00e9 et l\u2019environnement.","robots":{"index":"index","follow":"follow","max-snippet":"max-snippet:-1","max-image-preview":"max-image-preview:large","max-video-preview":"max-video-preview:-1"},"canonical":"https:\/\/aprifel-pp.mentalworks.biz\/fr\/missions-aprifel-connaissance-information-sante-durabilite\/","og_locale":"fr_FR","og_type":"article","og_title":"Missions","og_description":"Missions","og_url":"https:\/\/aprifel-pp.mentalworks.biz\/fr\/missions-aprifel-connaissance-information-sante-durabilite\/","og_site_name":"Aprifel","article_modified_time":"2024-08-07T15:21:35+00:00","twitter_card":"summary_large_image","twitter_misc":{"Dur\u00e9e de lecture estim\u00e9e":"3 minutes"},"schema":{"@context":"https:\/\/schema.org","@graph":[{"@type":"WebPage","@id":"https:\/\/aprifel-pp.mentalworks.biz\/fr\/missions-aprifel-connaissance-information-sante-durabilite\/","url":"https:\/\/aprifel-pp.mentalworks.biz\/fr\/missions-aprifel-connaissance-information-sante-durabilite\/","name":"Agence d'information en alimentation sant\u00e9 environnement","isPartOf":{"@id":"https:\/\/www.aprifel.com\/fr\/#website"},"datePublished":"2019-01-30T11:09:48+00:00","dateModified":"2024-08-07T15:21:35+00:00","description":"Aprifel produit et diffuse une information scientifiquement fond\u00e9e sur les b\u00e9n\u00e9fices d'une alimentation riche en fruits & l\u00e9gumes pour la sant\u00e9 et l\u2019environnement.","breadcrumb":{"@id":"https:\/\/aprifel-pp.mentalworks.biz\/fr\/missions-aprifel-connaissance-information-sante-durabilite\/#breadcrumb"},"inLanguage":"fr-FR","potentialAction":[{"@type":"ReadAction","target":["https:\/\/aprifel-pp.mentalworks.biz\/fr\/missions-aprifel-connaissance-information-sante-durabilite\/"]}]},{"@type":"BreadcrumbList","@id":"https:\/\/aprifel-pp.mentalworks.biz\/fr\/missions-aprifel-connaissance-information-sante-durabilite\/#breadcrumb","itemListElement":[{"@type":"ListItem","position":1,"name":"Accueil","item":"https:\/\/www.aprifel.com\/fr\/"},{"@type":"ListItem","position":2,"name":"Missions"}]},{"@type":"WebSite","@id":"https:\/\/www.aprifel.com\/fr\/#website","url":"https:\/\/www.aprifel.com\/fr\/","name":"Aprifel","description":"Agence pour la Recherche et l\u2019Information en Fruits et L\u00e9gumes","potentialAction":[{"@type":"SearchAction","target":{"@type":"EntryPoint","urlTemplate":"https:\/\/www.aprifel.com\/fr\/?s={search_term_string}"},"query-input":{"@type":"PropertyValueSpecification","valueRequired":true,"valueName":"search_term_string"}}],"inLanguage":"fr-FR"}]}},"_links":{"self":[{"href":"https:\/\/aprifel-pp.mentalworks.biz\/fr\/wp-json\/wp\/v2\/pages\/62692"}],"collection":[{"href":"https:\/\/aprifel-pp.mentalworks.biz\/fr\/wp-json\/wp\/v2\/pages"}],"about":[{"href":"https:\/\/aprifel-pp.mentalworks.biz\/fr\/wp-json\/wp\/v2\/types\/page"}],"author":[{"embeddable":true,"href":"https:\/\/aprifel-pp.mentalworks.biz\/fr\/wp-json\/wp\/v2\/users\/22"}],"replies":[{"embeddable":true,"href":"https:\/\/aprifel-pp.mentalworks.biz\/fr\/wp-json\/wp\/v2\/comments?post=62692"}],"version-history":[{"count":73,"href":"https:\/\/aprifel-pp.mentalworks.biz\/fr\/wp-json\/wp\/v2\/pages\/62692\/revisions"}],"predecessor-version":[{"id":98738,"href":"https:\/\/aprifel-pp.mentalworks.biz\/fr\/wp-json\/wp\/v2\/pages\/62692\/revisions\/98738"}],"wp:attachment":[{"href":"https:\/\/aprifel-pp.mentalworks.biz\/fr\/wp-json\/wp\/v2\/media?parent=62692"}],"curies":[{"name":"wp","href":"https:\/\/api.w.org\/{rel}","templated":true}]}}