{"id":62617,"date":"2019-01-21T16:51:15","date_gmt":"2019-01-21T15:51:15","guid":{"rendered":"https:\/\/aprifel-pp.mentalworks.biz\/?page_id=62617"},"modified":"2024-10-01T12:12:24","modified_gmt":"2024-10-01T10:12:24","slug":"aprifel-agence-fruits-legumes-qui-sommes-nous","status":"publish","type":"page","link":"https:\/\/aprifel-pp.mentalworks.biz\/fr\/aprifel-agence-fruits-legumes-qui-sommes-nous\/","title":{"rendered":"Qui sommes-nous ?"},"content":{"rendered":"<div id=\"pl-62617\"  class=\"panel-layout\" ><div id=\"pg-62617-0\"  class=\"panel-grid panel-has-style\" ><div class=\"panel-row-style panel-row-style-for-62617-0\" ><div id=\"pgc-62617-0-0\"  class=\"panel-grid-cell\" ><div id=\"panel-62617-0-0-0\" class=\"so-panel widget widget_sow-editor panel-first-child panel-last-child\" data-index=\"0\" ><div class=\"panel-widget-style panel-widget-style-for-62617-0-0-0\" ><div\n\t\t\t\n\t\t\tclass=\"so-widget-sow-editor so-widget-sow-editor-base\"\n\t\t\t\n\t\t>\n<div class=\"siteorigin-widget-tinymce textwidget\">\n\t<h2 class=\"text-primary-imp\">L\u2019Agence pour la recherche et l\u2019information en fruits et l\u00e9gumes<\/h2>\n<p style=\"text-align: justify;\"><strong>Association<\/strong> cr\u00e9\u00e9e en 1981, l\u2019Agence pour la recherche et l\u2019information en fruits et l\u00e9gumes (Aprifel) a pour mission centrale d\u2019<strong>analyser et transmettre la connaissance concernant les liens entre fruits et l\u00e9gumes et sant\u00e9, s\u00e9curit\u00e9 sanitaire et durabilit\u00e9. Depuis 2022, Aprifel est reconnue d\u2019int\u00e9r\u00eat g\u00e9n\u00e9ral.<br \/>\n<\/strong><\/p>\n<p style=\"text-align: justify;\">Par ce biais, il s'agit d\u2019aider \u00e0 <strong>transformer<\/strong> <strong>la science en actions<\/strong> en mobilisant l\u2019ensemble des parties prenantes concern\u00e9es. L'objectif ? <strong>Informer<\/strong> sur les bienfaits d\u2019une alimentation saine, durable et riche en fruits et l\u00e9gumes.<\/p>\n<p style=\"text-align: justify;\">Gr\u00e2ce \u00e0 sa <strong>gouvernance sp\u00e9cifique<\/strong>, la soci\u00e9t\u00e9 civile, les professionnels des champs d\u2019activit\u00e9 de l\u2019association et les scientifiques sont rassembl\u00e9s au sein d'Aprifel. Ainsi, l\u2019association peut d\u00e9velopper une <strong>information sur une base factuelle et consensuelle<\/strong>. Sa gouvernance associant Conseil scientifique, Conseil consommateurs et Conseil d\u2019administration, conf\u00e8re \u00e0 Aprifel une l\u00e9gitimit\u00e9 certaine pour intervenir sur des sujets en lien fort avec le d\u00e9veloppement durable et notamment les enjeux li\u00e9s \u00e0 la sant\u00e9 et \u00e0 la protection de l\u2019environnement : climat, eau, air, utilisation des ressources fossiles, empreinte carbone, biodiversit\u00e9, etc.<\/p>\n<\/div>\n<\/div><\/div><\/div><\/div><div id=\"pgc-62617-0-1\"  class=\"panel-grid-cell\" ><div id=\"panel-62617-0-1-0\" class=\"so-panel widget widget_media_image panel-first-child panel-last-child\" data-index=\"1\" ><div class=\"panel-widget-style panel-widget-style-for-62617-0-1-0\" ><img loading=\"lazy\" decoding=\"async\" class=\"image \" src=\"https:\/\/aprifel-pp.mentalworks.biz\/wp-content\/uploads\/2020\/08\/Visuel-qui-sommes-nous.png\" alt=\"femme-fille-cuisine-l\u00e9gumes-sant\u00e9-Aprifel\" width=\"560\" height=\"430\" \/><\/div><\/div><\/div><\/div><\/div><div id=\"pg-62617-1\"  class=\"panel-grid panel-no-style\" ><div id=\"pgc-62617-1-0\"  class=\"panel-grid-cell\" ><div id=\"panel-62617-1-0-0\" class=\"so-panel widget widget_media_image panel-first-child panel-last-child\" data-index=\"2\" ><div class=\"panel-widget-style panel-widget-style-for-62617-1-0-0\" ><img loading=\"lazy\" decoding=\"async\" width=\"800\" height=\"534\" src=\"https:\/\/aprifel-pp.mentalworks.biz\/wp-content\/uploads\/2024\/08\/2023.09.20_EGEA-Conference_LR-617-e1723043527273.jpg\" class=\"image wp-image-98734  attachment-full size-full\" alt=\"\" style=\"max-width: 100%; height: auto;\" \/><\/div><\/div><\/div><div id=\"pgc-62617-1-1\"  class=\"panel-grid-cell\" ><div id=\"panel-62617-1-1-0\" class=\"so-panel widget widget_sow-editor panel-first-child panel-last-child\" data-index=\"3\" ><div class=\"panel-widget-style panel-widget-style-for-62617-1-1-0\" ><div\n\t\t\t\n\t\t\tclass=\"so-widget-sow-editor so-widget-sow-editor-base\"\n\t\t\t\n\t\t>\n<div class=\"siteorigin-widget-tinymce textwidget\">\n\t<p>&nbsp;<\/p>\n<h2 class=\"text-primary-imp\">Deux axes d\u2019action compl\u00e9mentaires<\/h2>\n<p>L\u2019action d\u2019Aprifel vise \u00e0 <strong>analyser et transmettre l\u2019information scientifique<\/strong> en lien avec l\u2019alimentation, la s\u00e9curit\u00e9 sanitaire et la durabilit\u00e9.<\/p>\n<p>Pour ce faire, l\u2019association se base sur l\u2019\u00e9tat des connaissances disponibles et s\u2019appuie sur la mobilisation de la communaut\u00e9 scientifique nationale et internationale.<\/p>\n<p>Son action s\u2019articule notamment autour de deux axes :<\/p>\n<ul style=\"margin-bottom: 20px;\">\n<li>\u00c9laboration de contenus scientifiques : <a href=\"https:\/\/aprifel-pp.mentalworks.biz\/wp-content\/uploads\/2020\/09\/M%C3%A9thodologie-Fiches-nutritionnelles.pdf\" target=\"_blank\" rel=\"noopener\">\u00c9tudes et donn\u00e9es<\/a><\/li>\n<li>Cr\u00e9ation et diffusion d\u2019information\u00a0 via :\n<ul style=\"margin-bottom: 20px;\">\n<li>R\u00e9alisation et diffusion de <a href=\"https:\/\/aprifel-pp.mentalworks.biz\/fr\/revue-equation-nutrition\/\" rel=\"noopener noreferrer\">revues<\/a> et d\u2019<a href=\"https:\/\/aprifel-pp.mentalworks.biz\/fr\/fiche-nutritionnelle\/\" rel=\"noopener noreferrer\">outils d\u2019information<\/a><\/li>\n<li>Organisation de <a href=\"https:\/\/aprifel-pp.mentalworks.biz\/fr\/article-evenement\/\" rel=\"noopener noreferrer\">journ\u00e9es d\u2019information et de conf\u00e9rences internationales<\/a>.<\/li>\n<\/ul>\n<\/li>\n<\/ul>\n<\/div>\n<\/div><\/div><\/div><\/div><\/div><div id=\"pg-62617-2\"  class=\"panel-grid panel-no-style\" ><div id=\"pgc-62617-2-0\"  class=\"panel-grid-cell\" ><div id=\"panel-62617-2-0-0\" class=\"so-panel widget widget_sow-editor panel-first-child panel-last-child\" data-index=\"4\" ><div\n\t\t\t\n\t\t\tclass=\"so-widget-sow-editor so-widget-sow-editor-base\"\n\t\t\t\n\t\t>\n<div class=\"siteorigin-widget-tinymce textwidget\">\n\t<h2 class=\"text-primary-imp\">Une gouvernance tripartite<\/h2>\n<p style=\"text-align: justify;\">Reflet de son r\u00f4le d\u2019<strong>interface<\/strong>, Aprifel poss\u00e8de une gouvernance o\u00f9 scientifiques, soci\u00e9t\u00e9 civile et secteurs professionnels sont repr\u00e9sent\u00e9s.<\/p>\n<ul style=\"margin-bottom: 20px;\">\n<li style=\"text-align: justify;\">Les grandes orientations de l\u2019Aprifel sont act\u00e9es par son <a href=\"https:\/\/aprifel-pp.mentalworks.biz\/fr\/gouvernance\/\" rel=\"noopener noreferrer\">Conseil d\u2019administration.<\/a> Il se compose de personnalit\u00e9s repr\u00e9sentatives des champs de comp\u00e9tences de l'association.<\/li>\n<li style=\"text-align: justify;\">Le <a href=\"https:\/\/aprifel-pp.mentalworks.biz\/fr\/gouvernance\/conseil-scientifique\/\" rel=\"noopener noreferrer\">Conseil scientifique<\/a> est compos\u00e9 d\u2019experts aux comp\u00e9tences vari\u00e9es (m\u00e9decine, nutrition, toxicologie, biologie mol\u00e9culaire, agronomie, microbiologie). Il permet d\u2019\u00e9clairer les travaux de l\u2019association.<\/li>\n<li style=\"text-align: justify;\">Le <a href=\"https:\/\/aprifel-pp.mentalworks.biz\/fr\/gouvernance\/conseil-consommateurs\/\" rel=\"noopener noreferrer\">Conseil consommateurs<\/a> r\u00e9unit 11 associations nationales de consommateurs agr\u00e9\u00e9es. Il permet \u00e0 Aprifel d\u2019\u00eatre \u00e0 l\u2019\u00e9coute des attentes de la soci\u00e9t\u00e9 civile et d\u2019offrir un lieu d\u2019\u00e9change inform\u00e9 et serein.<\/li>\n<\/ul>\n<\/div>\n<\/div><\/div><\/div><div id=\"pgc-62617-2-1\"  class=\"panel-grid-cell\" ><div id=\"panel-62617-2-1-0\" class=\"so-panel widget widget_media_image panel-first-child panel-last-child\" data-index=\"5\" ><div class=\"panel-widget-style panel-widget-style-for-62617-2-1-0\" ><img loading=\"lazy\" decoding=\"async\" width=\"560\" height=\"320\" src=\"https:\/\/aprifel-pp.mentalworks.biz\/wp-content\/uploads\/2020\/09\/visuel-gouvernance-2.png\" class=\"image wp-image-73512  attachment-full size-full\" alt=\"\" style=\"max-width: 100%; height: auto;\" title=\"evenement-colloque-fruits-l\u00e9gumes-sant\u00e9-dialogue-interface-Aprifel\" \/><\/div><\/div><\/div><\/div><div id=\"pg-62617-3\"  class=\"panel-grid panel-no-style\" ><div id=\"pgc-62617-3-0\"  class=\"panel-grid-cell\" ><div id=\"panel-62617-3-0-0\" class=\"so-panel widget widget_media_image panel-first-child panel-last-child\" data-index=\"6\" ><img loading=\"lazy\" decoding=\"async\" width=\"560\" height=\"370\" src=\"https:\/\/aprifel-pp.mentalworks.biz\/wp-content\/uploads\/2020\/09\/visuel-chiffres-cl\u00e9s-2.png\" class=\"image wp-image-73520  attachment-full size-full\" alt=\"\" style=\"max-width: 100%; height: auto;\" \/><\/div><\/div><div id=\"pgc-62617-3-1\"  class=\"panel-grid-cell\" ><div id=\"panel-62617-3-1-0\" class=\"so-panel widget widget_sow-editor panel-first-child panel-last-child\" data-index=\"7\" ><div\n\t\t\t\n\t\t\tclass=\"so-widget-sow-editor so-widget-sow-editor-base\"\n\t\t\t\n\t\t>\n<div class=\"siteorigin-widget-tinymce textwidget\">\n\t<p>&nbsp;<\/p>\n<h2 class=\"text-primary-imp\">Aprifel en chiffres<\/h2>\n<p><strong>2 revues mensuelles : <a href=\"https:\/\/aprifel-pp.mentalworks.biz\/fr\/revue-equation-nutrition\/\" rel=\"noopener noreferrer\">Equation Nutrition<\/a> &amp; <a style=\"margin-bottom: 0;\" href=\"https:\/\/aprifel-pp.mentalworks.biz\/fr\/global-fruit-veg\/\" rel=\"noopener noreferrer\">GFVN<\/a><\/strong><\/p>\n<ul style=\"margin-bottom: 0;\">\n<li class=\"mb-5\">plus de 500 auteurs internationaux<\/li>\n<li class=\"mb-5\">diffusion \u00e0 plus de 15 000 abonn\u00e9s, dans plus de 30 pays<\/li>\n<\/ul>\n<p><strong>6 rencontres nationales d\u2019information<\/strong><br \/>\npour sensibiliser le grand public aux bienfaits des fruits et l\u00e9gumes pour l\u2019alimentation et la sant\u00e9<br \/>\n<strong>9 conf\u00e9rences scientifiques internationales<\/strong><br \/>\nayant accueilli pr\u00e8s de 300 conf\u00e9renciers depuis 2003<br \/>\n<strong>11 associations de consommateurs<\/strong><br \/>\n<strong>8 experts scientifiques<\/strong><br \/>\n<strong>17 administrateurs<\/strong> impliqu\u00e9s dans les fruits et l\u00e9gumes, et la connaissance de leurs effets, ainsi que des membres associ\u00e9s et observateurs<\/p>\n<\/div>\n<\/div><\/div><\/div><\/div><div id=\"pg-62617-4\"  class=\"panel-grid panel-has-style\" ><div class=\"panel-row-style panel-row-style-for-62617-4\" ><div id=\"pgc-62617-4-0\"  class=\"panel-grid-cell\" ><div class=\"panel-cell-style panel-cell-style-for-62617-4-0\" ><div id=\"panel-62617-4-0-0\" class=\"so-panel widget widget_sow-editor panel-first-child panel-last-child\" data-index=\"8\" ><div class=\"panel-widget-style panel-widget-style-for-62617-4-0-0\" ><div\n\t\t\t\n\t\t\tclass=\"so-widget-sow-editor so-widget-sow-editor-base\"\n\t\t\t\n\t\t>\n<div class=\"siteorigin-widget-tinymce textwidget\">\n\t<p>&nbsp;<\/p>\n<h2 class=\"text-primary-imp\">L'\u00e9quipe Aprifel<\/h2>\n<ul style=\"margin: 0;\">\n<li>Christel TEYSSEDRE \u2013 Pr\u00e9sidente<\/li>\n<li><a href=\"https:\/\/www.linkedin.com\/in\/delphine-tailliez-lefebvre-b7991824\" target=\"_blank\" rel=\"noopener noreferrer\">Delphine TAILLIEZ<\/a> \u2013 Directrice<\/li>\n<li>Fatheem Gakou - Alternante Office Manager<\/li>\n<\/ul>\n<\/div>\n<\/div><\/div><\/div><\/div><\/div><div id=\"pgc-62617-4-1\"  class=\"panel-grid-cell\" ><div id=\"panel-62617-4-1-0\" class=\"so-panel widget widget_sow-editor panel-first-child panel-last-child\" data-index=\"9\" ><div class=\"panel-widget-style panel-widget-style-for-62617-4-1-0\" ><div\n\t\t\t\n\t\t\tclass=\"so-widget-sow-editor so-widget-sow-editor-base\"\n\t\t\t\n\t\t>\n<div class=\"siteorigin-widget-tinymce textwidget\">\n\t<p>&nbsp;<\/p>\n<ul style=\"margin: 0;\">\n<li><a href=\"https:\/\/www.linkedin.com\/in\/claire-chambrier\" target=\"_blank\" rel=\"noopener noreferrer\">Claire CHAMBRIER<\/a> \u2013 Responsable d\u00e9veloppement scientifique<\/li>\n<li><a href=\"https:\/\/www.linkedin.com\/in\/nathalie-komati-aa559ba3\/\" target=\"_blank\" rel=\"noopener noreferrer\">Nathalie KOMATI<\/a> \u2013 Cheffe de projets scientifiques<\/li>\n<li><a href=\"https:\/\/www.linkedin.com\/in\/laura-djian-405545109\/\" target=\"_blank\" rel=\"noopener\">Camille BERROCAL<\/a> - Cheffe de projets scientifiques<\/li>\n<li><a href=\"https:\/\/www.linkedin.com\/in\/lucie-charbonnieras-b6b938197\/\" target=\"_blank\" rel=\"noopener\">Lucie CHARBONIERAS<\/a> - Charg\u00e9e de missions scientifiques<\/li>\n<\/ul>\n<\/div>\n<\/div><\/div><\/div><\/div><div id=\"pgc-62617-4-2\"  class=\"panel-grid-cell\" ><div id=\"panel-62617-4-2-0\" class=\"so-panel widget widget_sow-editor panel-first-child panel-last-child\" data-index=\"10\" ><div class=\"panel-widget-style panel-widget-style-for-62617-4-2-0\" ><div\n\t\t\t\n\t\t\tclass=\"so-widget-sow-editor so-widget-sow-editor-base\"\n\t\t\t\n\t\t>\n<div class=\"siteorigin-widget-tinymce textwidget\">\n\t<p>&nbsp;<\/p>\n<ul>\n<li><a href=\"https:\/\/www.linkedin.com\/in\/fillon-marie-16730a10\/\" target=\"_blank\" rel=\"noopener noreferrer\">Marie FILLON<\/a> \u2013 Responsable de l'Information<\/li>\n<li><a href=\"https:\/\/www.linkedin.com\/in\/marine-coutand\/\" target=\"_blank\" rel=\"noopener noreferrer\">Marine COUTAND<\/a> \u2013 Charg\u00e9e de projet Editorial<\/li>\n<li><a href=\"https:\/\/www.linkedin.com\/in\/marie-myot-9718ab145\/\" target=\"_blank\" rel=\"noopener noreferrer\">Marie MYOT<\/a> \u2013 R\u00e9dactrice scientifique<\/li>\n<li><a href=\"https:\/\/www.linkedin.com\/in\/laura-djian-405545109\/\" target=\"_blank\" rel=\"noopener\">Laura DJIAN<\/a> - Charg\u00e9e de projet web et p\u00e9dagogie<\/li>\n<\/ul>\n<\/div>\n<\/div><\/div><\/div><\/div><\/div><\/div><div id=\"pg-62617-5\"  class=\"panel-grid panel-no-style\" ><div id=\"pgc-62617-5-0\"  class=\"panel-grid-cell\" ><div id=\"panel-62617-5-0-0\" class=\"so-panel widget widget_sow-button panel-first-child panel-last-child\" data-index=\"11\" ><div\n\t\t\t\n\t\t\tclass=\"so-widget-sow-button so-widget-sow-button-flat-db85ed4e20b9-62617\"\n\t\t\t\n\t\t><div class=\"ow-button-base ow-button-align-center\">\n\t\t\t<a\n\t\t\t\t\thref=\"https:\/\/aprifel-pp.mentalworks.biz\/wp-content\/uploads\/2024\/06\/APRIFEL-rapport-activite-2023-BD-page.pdf\"\n\t\t\t\t\tclass=\"sowb-button ow-icon-placement-left\" target=\"_blank\" rel=\"noopener noreferrer\" \t>\n\t\t<span>\n\t\t\t<span class=\"sow-icon-icomoon\" data-sow-icon=\"&#xe9c7;\"\n\t\tstyle=\"color: #da6f5b\" \n\t\taria-hidden=\"true\"><\/span>\n\t\t\tT\u00e9l\u00e9chargez notre rapport d'activit\u00e9 2023\t\t<\/span>\n\t\t\t<\/a>\n\t<\/div>\n<\/div><\/div><\/div><\/div><\/div>","protected":false},"excerpt":{"rendered":"L\u2019Agence pour la recherche et l\u2019information en fruits et l\u00e9gumes Association cr\u00e9\u00e9e en 1981, l\u2019Agence pour la recherche et l\u2019information en fruits et l\u00e9gumes (Aprifel) a pour mission centrale d\u2019analyser et transmettre la connaissance concernant les liens entre fruits et l\u00e9gumes et sant\u00e9, s\u00e9curit\u00e9 sanitaire et durabilit\u00e9. Depuis 2022, Aprifel est reconnue d\u2019int\u00e9r\u00eat g\u00e9n\u00e9ral. Par [&hellip;]","protected":false},"author":22,"featured_media":0,"parent":0,"menu_order":11,"comment_status":"closed","ping_status":"closed","template":"","meta":{"_acf_changed":false,"footnotes":""},"class_list":["post-62617","page","type-page","status-publish","hentry"],"acf":[],"yoast_head":"<!-- This site is optimized with the Yoast SEO Premium plugin v23.6 (Yoast SEO v23.6) - https:\/\/yoast.com\/wordpress\/plugins\/seo\/ -->\n<title>Agence pour la recherche et l&#039;information en fruits et l\u00e9gumes | Aprifel<\/title>\n<meta name=\"description\" content=\"Aprifel - agence pour la recherche &amp; l\u2019information en fruits &amp; l\u00e9gumes - analyse et transmet les connaissances scientifiques sur l\u2019alimentation saine et durable.\" \/>\n<meta name=\"robots\" content=\"index, follow, max-snippet:-1, max-image-preview:large, max-video-preview:-1\" \/>\n<link rel=\"canonical\" href=\"https:\/\/aprifel-pp.mentalworks.biz\/fr\/aprifel-agence-fruits-legumes-qui-sommes-nous\/\" \/>\n<meta property=\"og:locale\" content=\"fr_FR\" \/>\n<meta property=\"og:type\" content=\"article\" \/>\n<meta property=\"og:title\" content=\"Qui sommes-nous ?\" \/>\n<meta property=\"og:description\" content=\"Qui sommes-nous ?\" \/>\n<meta property=\"og:url\" content=\"https:\/\/aprifel-pp.mentalworks.biz\/fr\/aprifel-agence-fruits-legumes-qui-sommes-nous\/\" \/>\n<meta property=\"og:site_name\" content=\"Aprifel\" \/>\n<meta property=\"article:modified_time\" content=\"2024-10-01T10:12:24+00:00\" \/>\n<meta name=\"twitter:card\" content=\"summary_large_image\" \/>\n<meta name=\"twitter:label1\" content=\"Dur\u00e9e de lecture estim\u00e9e\" \/>\n\t<meta name=\"twitter:data1\" content=\"4 minutes\" \/>\n<script type=\"application\/ld+json\" class=\"yoast-schema-graph\">{\"@context\":\"https:\/\/schema.org\",\"@graph\":[{\"@type\":\"WebPage\",\"@id\":\"https:\/\/aprifel-pp.mentalworks.biz\/fr\/aprifel-agence-fruits-legumes-qui-sommes-nous\/\",\"url\":\"https:\/\/aprifel-pp.mentalworks.biz\/fr\/aprifel-agence-fruits-legumes-qui-sommes-nous\/\",\"name\":\"Agence pour la recherche et l'information en fruits et l\u00e9gumes | Aprifel\",\"isPartOf\":{\"@id\":\"https:\/\/www.aprifel.com\/fr\/#website\"},\"datePublished\":\"2019-01-21T15:51:15+00:00\",\"dateModified\":\"2024-10-01T10:12:24+00:00\",\"description\":\"Aprifel - agence pour la recherche & l\u2019information en fruits & l\u00e9gumes - analyse et transmet les connaissances scientifiques sur l\u2019alimentation saine et durable.\",\"breadcrumb\":{\"@id\":\"https:\/\/aprifel-pp.mentalworks.biz\/fr\/aprifel-agence-fruits-legumes-qui-sommes-nous\/#breadcrumb\"},\"inLanguage\":\"fr-FR\",\"potentialAction\":[{\"@type\":\"ReadAction\",\"target\":[\"https:\/\/aprifel-pp.mentalworks.biz\/fr\/aprifel-agence-fruits-legumes-qui-sommes-nous\/\"]}]},{\"@type\":\"BreadcrumbList\",\"@id\":\"https:\/\/aprifel-pp.mentalworks.biz\/fr\/aprifel-agence-fruits-legumes-qui-sommes-nous\/#breadcrumb\",\"itemListElement\":[{\"@type\":\"ListItem\",\"position\":1,\"name\":\"Accueil\",\"item\":\"https:\/\/www.aprifel.com\/fr\/\"},{\"@type\":\"ListItem\",\"position\":2,\"name\":\"Qui sommes-nous ?\"}]},{\"@type\":\"WebSite\",\"@id\":\"https:\/\/www.aprifel.com\/fr\/#website\",\"url\":\"https:\/\/www.aprifel.com\/fr\/\",\"name\":\"Aprifel\",\"description\":\"Agence pour la Recherche et l\u2019Information en Fruits et L\u00e9gumes\",\"potentialAction\":[{\"@type\":\"SearchAction\",\"target\":{\"@type\":\"EntryPoint\",\"urlTemplate\":\"https:\/\/www.aprifel.com\/fr\/?s={search_term_string}\"},\"query-input\":{\"@type\":\"PropertyValueSpecification\",\"valueRequired\":true,\"valueName\":\"search_term_string\"}}],\"inLanguage\":\"fr-FR\"}]}<\/script>\n<!-- \/ Yoast SEO Premium plugin. -->","yoast_head_json":{"title":"Agence pour la recherche et l'information en fruits et l\u00e9gumes | Aprifel","description":"Aprifel - agence pour la recherche & l\u2019information en fruits & l\u00e9gumes - analyse et transmet les connaissances scientifiques sur l\u2019alimentation saine et durable.","robots":{"index":"index","follow":"follow","max-snippet":"max-snippet:-1","max-image-preview":"max-image-preview:large","max-video-preview":"max-video-preview:-1"},"canonical":"https:\/\/aprifel-pp.mentalworks.biz\/fr\/aprifel-agence-fruits-legumes-qui-sommes-nous\/","og_locale":"fr_FR","og_type":"article","og_title":"Qui sommes-nous ?","og_description":"Qui sommes-nous ?","og_url":"https:\/\/aprifel-pp.mentalworks.biz\/fr\/aprifel-agence-fruits-legumes-qui-sommes-nous\/","og_site_name":"Aprifel","article_modified_time":"2024-10-01T10:12:24+00:00","twitter_card":"summary_large_image","twitter_misc":{"Dur\u00e9e de lecture estim\u00e9e":"4 minutes"},"schema":{"@context":"https:\/\/schema.org","@graph":[{"@type":"WebPage","@id":"https:\/\/aprifel-pp.mentalworks.biz\/fr\/aprifel-agence-fruits-legumes-qui-sommes-nous\/","url":"https:\/\/aprifel-pp.mentalworks.biz\/fr\/aprifel-agence-fruits-legumes-qui-sommes-nous\/","name":"Agence pour la recherche et l'information en fruits et l\u00e9gumes | Aprifel","isPartOf":{"@id":"https:\/\/www.aprifel.com\/fr\/#website"},"datePublished":"2019-01-21T15:51:15+00:00","dateModified":"2024-10-01T10:12:24+00:00","description":"Aprifel - agence pour la recherche & l\u2019information en fruits & l\u00e9gumes - analyse et transmet les connaissances scientifiques sur l\u2019alimentation saine et durable.","breadcrumb":{"@id":"https:\/\/aprifel-pp.mentalworks.biz\/fr\/aprifel-agence-fruits-legumes-qui-sommes-nous\/#breadcrumb"},"inLanguage":"fr-FR","potentialAction":[{"@type":"ReadAction","target":["https:\/\/aprifel-pp.mentalworks.biz\/fr\/aprifel-agence-fruits-legumes-qui-sommes-nous\/"]}]},{"@type":"BreadcrumbList","@id":"https:\/\/aprifel-pp.mentalworks.biz\/fr\/aprifel-agence-fruits-legumes-qui-sommes-nous\/#breadcrumb","itemListElement":[{"@type":"ListItem","position":1,"name":"Accueil","item":"https:\/\/www.aprifel.com\/fr\/"},{"@type":"ListItem","position":2,"name":"Qui sommes-nous ?"}]},{"@type":"WebSite","@id":"https:\/\/www.aprifel.com\/fr\/#website","url":"https:\/\/www.aprifel.com\/fr\/","name":"Aprifel","description":"Agence pour la Recherche et l\u2019Information en Fruits et L\u00e9gumes","potentialAction":[{"@type":"SearchAction","target":{"@type":"EntryPoint","urlTemplate":"https:\/\/www.aprifel.com\/fr\/?s={search_term_string}"},"query-input":{"@type":"PropertyValueSpecification","valueRequired":true,"valueName":"search_term_string"}}],"inLanguage":"fr-FR"}]}},"_links":{"self":[{"href":"https:\/\/aprifel-pp.mentalworks.biz\/fr\/wp-json\/wp\/v2\/pages\/62617"}],"collection":[{"href":"https:\/\/aprifel-pp.mentalworks.biz\/fr\/wp-json\/wp\/v2\/pages"}],"about":[{"href":"https:\/\/aprifel-pp.mentalworks.biz\/fr\/wp-json\/wp\/v2\/types\/page"}],"author":[{"embeddable":true,"href":"https:\/\/aprifel-pp.mentalworks.biz\/fr\/wp-json\/wp\/v2\/users\/22"}],"replies":[{"embeddable":true,"href":"https:\/\/aprifel-pp.mentalworks.biz\/fr\/wp-json\/wp\/v2\/comments?post=62617"}],"version-history":[{"count":370,"href":"https:\/\/aprifel-pp.mentalworks.biz\/fr\/wp-json\/wp\/v2\/pages\/62617\/revisions"}],"predecessor-version":[{"id":99510,"href":"https:\/\/aprifel-pp.mentalworks.biz\/fr\/wp-json\/wp\/v2\/pages\/62617\/revisions\/99510"}],"wp:attachment":[{"href":"https:\/\/aprifel-pp.mentalworks.biz\/fr\/wp-json\/wp\/v2\/media?parent=62617"}],"curies":[{"name":"wp","href":"https:\/\/api.w.org\/{rel}","templated":true}]}}