{"id":81392,"date":"2019-09-05T12:20:13","date_gmt":"2019-09-05T10:20:13","guid":{"rendered":"https:\/\/aprifel-pp.mentalworks.biz\/actions-internationales\/"},"modified":"2024-08-08T10:41:21","modified_gmt":"2024-08-08T08:41:21","slug":"international-actions","status":"publish","type":"page","link":"https:\/\/aprifel-pp.mentalworks.biz\/en\/international-actions\/","title":{"rendered":"International actions"},"content":{"rendered":"<div id=\"pl-81392\"  class=\"panel-layout\" ><div id=\"pg-81392-0\"  class=\"panel-grid panel-no-style\" ><div id=\"pgc-81392-0-0\"  class=\"panel-grid-cell\" ><div id=\"panel-81392-0-0-0\" class=\"so-panel widget widget_sow-editor panel-first-child panel-last-child\" data-index=\"0\" ><div\n\t\t\t\n\t\t\tclass=\"so-widget-sow-editor so-widget-sow-editor-base\"\n\t\t\t\n\t\t>\n<div class=\"siteorigin-widget-tinymce textwidget\">\n\t<h2><b>Increasing fruit and vegetable consumption for our health and for the planet<\/b><\/h2>\n<\/div>\n<\/div><\/div><\/div><\/div><div id=\"pg-81392-1\"  class=\"panel-grid panel-no-style\" ><div id=\"pgc-81392-1-0\"  class=\"panel-grid-cell\" ><div id=\"panel-81392-1-0-0\" class=\"so-panel widget widget_sow-image panel-first-child panel-last-child\" data-index=\"1\" ><div\n\t\t\t\n\t\t\tclass=\"so-widget-sow-image so-widget-sow-image-default-dbf295114b96-81392\"\n\t\t\t\n\t\t>\n\n<div class=\"sow-image-container\">\n\t\t<img loading=\"lazy\" decoding=\"async\" src=\"https:\/\/aprifel-pp.mentalworks.biz\/wp-content\/uploads\/2022\/06\/drapeaux-scaled.jpg\" width=\"2560\" height=\"1707\" sizes=\"(max-width: 2560px) 100vw, 2560px\" title=\"drapeaux\" alt=\"international cooperation fruits and vegetables health environment - Aprifel\" \t\tclass=\"so-widget-image\"\/>\n\t<\/div>\n\n<\/div><\/div><\/div><div id=\"pgc-81392-1-1\"  class=\"panel-grid-cell\" ><div id=\"panel-81392-1-1-0\" class=\"so-panel widget widget_sow-editor panel-first-child panel-last-child\" data-index=\"2\" ><div\n\t\t\t\n\t\t\tclass=\"so-widget-sow-editor so-widget-sow-editor-base\"\n\t\t\t\n\t\t>\n<div class=\"siteorigin-widget-tinymce textwidget\">\n\t<p><b>Low fruit and vegetable consumption is a major health risk factor, believed by the WHO to have caused 3.9 million deaths in 2017. This underconsumption is a reflection of not only our eating habits but also the food supply chain in general.<\/b><\/p>\n<p><span style=\"font-weight: 400;\">According to the <\/span><a href=\"https:\/\/www.who.int\/fr\/news-room\/fact-sheets\/detail\/healthy-diet\" target=\"_blank\" rel=\"noopener\"><span style=\"font-weight: 400;\">World Health Organization<\/span><\/a><span style=\"font-weight: 400;\"> (WHO) and the <\/span><a href=\"http:\/\/www.fao.org\/nutrition\/education-nutritionnelle\/food-dietary-guidelines\/background\/sustainable-dietary-guidelines\/fr\/\" target=\"_blank\" rel=\"noopener\"><span style=\"font-weight: 400;\">United Nations\u2019 Food and Agriculture Organisation<\/span><\/a><span style=\"font-weight: 400;\"> (<span class='tooltipsall tooltip_post_id_79592 classtoolTips79592'>FAO<\/span>), current food systems do not give everyone access to a healthy, affordable and safe diet. Moreover, these food systems are responsible for a significant share of greenhouse gas emissions (20\u201335%), and are a major cause of land conversion, deforestation and biodiversity loss. <\/span><span style=\"font-weight: 400;\">Beyond having health benefits, numerous studies have shown that fruits and vegetables have a low environmental impact, and a much lower ecological, carbon and water footprint than other food groups. By changing our food systems, and in particular increasing consumption of fruits and vegetables, we can not only improve public health but also address sustainability issues. <\/span><b>This challenge transcends the national context and implies cooperation with other countries.<\/b><\/p>\n<p>&nbsp;<\/p>\n<\/div>\n<\/div><\/div><\/div><\/div><div id=\"pg-81392-2\"  class=\"panel-grid panel-no-style\" ><div id=\"pgc-81392-2-0\"  class=\"panel-grid-cell\" ><div id=\"panel-81392-2-0-0\" class=\"so-panel widget widget_sow-editor panel-first-child\" data-index=\"3\" ><div\n\t\t\t\n\t\t\tclass=\"so-widget-sow-editor so-widget-sow-editor-base\"\n\t\t\t\n\t\t>\n<div class=\"siteorigin-widget-tinymce textwidget\">\n\t<h3>European awareness programmes<\/h3>\n<\/div>\n<\/div><\/div><div id=\"panel-81392-2-0-1\" class=\"so-panel widget widget_sow-editor panel-last-child\" data-index=\"4\" ><div\n\t\t\t\n\t\t\tclass=\"so-widget-sow-editor so-widget-sow-editor-base\"\n\t\t\t\n\t\t>\n<div class=\"siteorigin-widget-tinymce textwidget\">\n\t<p><span style=\"font-weight: 400;\">Aprifel is involved in <\/span><b>several awareness-raising programmes co-financed by the European Union<\/b><span style=\"font-weight: 400;\"> focusing on the health benefits of eating fruits and vegetables:<\/span><\/p>\n<ul>\n<li><span style=\"font-weight: 400;\">The <\/span><span style=\"font-weight: 400;\">Fruit and Veg 4 Health<\/span><span style=\"font-weight: 400;\"> programme carried out between 2018 and 2020 targeted doctors and their patients.<\/span><\/li>\n<li><span style=\"font-weight: 400;\">The <\/span><a href=\"https:\/\/400gchallenge.eu\/\" target=\"_blank\" rel=\"noopener\"><span style=\"font-weight: 400;\">Follow me to be Healthy with Europe<\/span><\/a><span style=\"font-weight: 400;\"> programme was aimed at young people aged 18 to 30.<\/span><\/li>\n<li><a href=\"https:\/\/good-move.eu\/\" target=\"_blank\" rel=\"noopener\">GOOD MOVE<\/a> programme is aimed at 18-24 year olds. It aims at improving their eating habits, reduce their sedentary lifestyle and increase their level of physical activity.<\/li>\n<\/ul>\n<p>&nbsp;<\/p>\n<\/div>\n<\/div><\/div><\/div><div id=\"pgc-81392-2-1\"  class=\"panel-grid-cell\" ><div id=\"panel-81392-2-1-0\" class=\"so-panel widget widget_sow-editor panel-first-child\" data-index=\"5\" ><div\n\t\t\t\n\t\t\tclass=\"so-widget-sow-editor so-widget-sow-editor-base\"\n\t\t\t\n\t\t>\n<div class=\"siteorigin-widget-tinymce textwidget\">\n\t<h3><b>Global Alliance to Promote Fruit and Vegetable Consumption<\/b><\/h3>\n<\/div>\n<\/div><\/div><div id=\"panel-81392-2-1-1\" class=\"so-panel widget widget_sow-editor panel-last-child\" data-index=\"6\" ><div\n\t\t\t\n\t\t\tclass=\"so-widget-sow-editor so-widget-sow-editor-base\"\n\t\t\t\n\t\t>\n<div class=\"siteorigin-widget-tinymce textwidget\">\n\t<p><span style=\"font-weight: 400;\">Since its creation in 2004, Aprifel has also been a member of the <\/span><a href=\"http:\/\/ifava.org\/\" target=\"_blank\" rel=\"noopener\"><b>Global Alliance to Promote Fruit and Vegetable Consumption<\/b><\/a><span style=\"font-weight: 400;\"> (AIAM5). This initiative, supported by the WHO and the <span class='tooltipsall tooltip_post_id_79592 classtoolTips79592'>FAO<\/span>, seeks to encourage consumption of fruits and vegetables on a global scale. Since June 2015, the AIAM5 \u201c5 a Day\u201d campaign has involved 30 countries.<\/span><\/p>\n<p><b>AIAM5 pursues a range of initiatives:<\/b><\/p>\n<ul>\n<li style=\"font-weight: 400;\" aria-level=\"1\"><span style=\"font-weight: 400;\">Supporting national initiatives<\/span><\/li>\n<li style=\"font-weight: 400;\" aria-level=\"1\"><span style=\"font-weight: 400;\">Facilitating collaboration on common goals<\/span><\/li>\n<li style=\"font-weight: 400;\" aria-level=\"1\"><span style=\"font-weight: 400;\">Exchanging good practices<\/span><\/li>\n<li style=\"font-weight: 400;\" aria-level=\"1\"><span style=\"font-weight: 400;\">Sharing communication tools<\/span><\/li>\n<li style=\"font-weight: 400;\" aria-level=\"1\"><span style=\"font-weight: 400;\">Organising international conferences<\/span><\/li>\n<li style=\"font-weight: 400;\" aria-level=\"1\"><span style=\"font-weight: 400;\">Communicating the latest scientific advances on fruits and vegetables, in particular through its <\/span><a href=\"https:\/\/aprifel-pp.mentalworks.biz\/en\/global-fv-newsletter\/\"><span style=\"font-weight: 400;\">GFVN newsletter<\/span><\/a><\/li>\n<li style=\"font-weight: 400;\" aria-level=\"1\"><span style=\"font-weight: 400;\">Assuming global leadership<\/span><\/li>\n<\/ul>\n<\/div>\n<\/div><\/div><\/div><\/div><div id=\"pg-81392-3\"  class=\"panel-grid panel-no-style\" ><div id=\"pgc-81392-3-0\"  class=\"panel-grid-cell\" ><div id=\"panel-81392-3-0-0\" class=\"so-panel widget widget_sow-editor panel-first-child panel-last-child\" data-index=\"7\" ><div\n\t\t\t\n\t\t\tclass=\"so-widget-sow-editor so-widget-sow-editor-base\"\n\t\t\t\n\t\t>\n<div class=\"siteorigin-widget-tinymce textwidget\">\n\t<p>&nbsp;<\/p>\n<h3><strong>Member countries<\/strong><\/h3>\n<\/div>\n<\/div><\/div><\/div><\/div><div id=\"pg-81392-4\"  class=\"panel-grid panel-no-style\" ><div id=\"pgc-81392-4-0\"  class=\"panel-grid-cell\" ><div id=\"panel-81392-4-0-0\" class=\"so-panel widget widget_sow-editor panel-first-child panel-last-child\" data-index=\"8\" ><div\n\t\t\t\n\t\t\tclass=\"so-widget-sow-editor so-widget-sow-editor-base\"\n\t\t\t\n\t\t>\n<div class=\"siteorigin-widget-tinymce textwidget\">\n\t<ul>\n<li><strong>Germany<\/strong> \u2022 <a href=\"http:\/\/www.5amtag.de\/\" target=\"_blank\" rel=\"noopener noreferrer\">5 am Tag Germany Corporation<\/a><\/li>\n<li><strong>Argentina<\/strong> \u2022 <a href=\"http:\/\/www.5aldia.org\/\" target=\"_blank\" rel=\"noopener noreferrer\">5 a Day Association Argentina<\/a><\/li>\n<li><strong>Bolivia<\/strong>\u00a0\u2022 <a href=\"https:\/\/www.5aldia.org\/index.php\" target=\"_blank\" rel=\"noopener noreferrer\">5 a Day Bolivia<\/a><\/li>\n<li><strong>Brazil<\/strong> \u2022 <a href=\"http:\/\/www1.inca.gov.br\/english\/\" target=\"_blank\" rel=\"noopener noreferrer\">F&amp;V Promotion Program Brazil INCA<\/a><\/li>\n<li><strong>Canada <\/strong>\u2022 <a href=\"http:\/\/www.cpma.ca\/\" target=\"_blank\" rel=\"noopener noreferrer\">Canadian Produce Marketing Association<\/a><\/li>\n<li><strong>Chile<\/strong>\u00a0\u2022 <a href=\"http:\/\/www.5aldia.cl\/\" target=\"_blank\" rel=\"noopener noreferrer\">5 a day Chile Corporation<\/a><\/li>\n<li><strong>Colombia<\/strong>\u00a0\u2022 5 a Day Colombia \u2022 <a href=\"http:\/\/www.cci.org.co\/inicio\/\" target=\"_blank\" rel=\"noopener noreferrer\">Corporaci\u00f3n Colombia Internacional<\/a><\/li>\n<li><strong>Costa Rica<\/strong> \u2022 <a href=\"http:\/\/www.ministeriodesalud.go.cr\/\" target=\"_blank\" rel=\"noopener noreferrer\">Network 5 a Day Costa Rica \u2022 Ministry of Health<\/a><\/li>\n<li><strong>Cuba<\/strong> \u2022 F&amp;V Promotion Program of Cuba \u2022 <a href=\"https:\/\/instituciones.sld.cu\/inhem\/\" target=\"_blank\" rel=\"noopener noreferrer\">Institute of Nutrition and Food Hygiene<\/a><\/li>\n<li><strong>Spain <\/strong>\u2022 5 a Day Spain \u2022 <a href=\"https:\/\/www.5aldia.org\/index.php\" target=\"_blank\" rel=\"noopener noreferrer\">Association for the Promotion of consumption of F&amp;V<\/a><\/li>\n<li><strong>Finland <\/strong>\u2022 <a href=\"http:\/\/www.kauppapuutarhaliitto.fi\/\" target=\"_blank\" rel=\"noopener noreferrer\">5 a Day Finland<\/a><\/li>\n<li><strong>France<\/strong><strong> \u2022<\/strong> <a href=\"https:\/\/aprifel-pp.mentalworks.biz\/\"><strong>Aprifel<\/strong><\/a><\/li>\n<li><strong>Honduras<\/strong> \u2022 <a href=\"https:\/\/5aldiahn.com\/\" target=\"_blank\" rel=\"noopener noreferrer\">Bridge of Peace<\/a><\/li>\n<li><strong>Hungary<\/strong>\u00a0\u2022 <a href=\"http:\/\/www.fruitveb.hu\/\" target=\"_blank\" rel=\"noopener noreferrer\">5 a Day Hungary<\/a><\/li>\n<li><strong style=\"box-sizing: border-box;\">Italy <\/strong>\u2022 <a style=\"box-sizing: border-box; color: #333333; text-decoration: underline;\" href=\"http:\/\/www.unaproa.com\/\" target=\"_blank\" rel=\"noopener noreferrer\">UNAPROA<\/a> <a style=\"box-sizing: border-box; color: #333333; text-decoration: underline;\" href=\"http:\/\/5coloridelbenessere.com\/\" target=\"_blank\" rel=\"noopener noreferrer\">http:\/\/5coloridelbenessere.com\/<\/a><\/li>\n<li><strong style=\"box-sizing: border-box;\">Japan <\/strong><strong style=\"box-sizing: border-box;\">\u2022<\/strong> <a style=\"box-sizing: border-box; color: #333333; text-decoration: underline;\" href=\"http:\/\/www.5aday.net\/\" target=\"_blank\" rel=\"noopener noreferrer\">5 a Day Japan<\/a><\/li>\n<li><strong>Lithuania <\/strong><strong style=\"box-sizing: border-box;\">\u2022<\/strong> <a href=\"http:\/\/buva.lt\/\" target=\"_blank\" rel=\"noopener noreferrer\">BUVA<\/a><\/li>\n<\/ul>\n<\/div>\n<\/div><\/div><\/div><div id=\"pgc-81392-4-1\"  class=\"panel-grid-cell\" ><div id=\"panel-81392-4-1-0\" class=\"so-panel widget widget_sow-editor panel-first-child panel-last-child\" data-index=\"9\" ><div\n\t\t\t\n\t\t\tclass=\"so-widget-sow-editor so-widget-sow-editor-base\"\n\t\t\t\n\t\t>\n<div class=\"siteorigin-widget-tinymce textwidget\">\n\t<ul>\n<li><strong>Mexico<\/strong>\u00a0\u2022 <a href=\"http:\/\/www.cincopordia.com.mx\/\" target=\"_blank\" rel=\"noopener noreferrer\">5xday<\/a><\/li>\n<li><strong>Nicaragua<\/strong> \u2022 <a href=\"https:\/\/www.5aodia.pt\/\" target=\"_blank\" rel=\"noopener noreferrer\">5 a Day Nicaragua<\/a><\/li>\n<li><strong>Norway <\/strong><strong>\u2022<\/strong> <a href=\"http:\/\/www.skolefrukt.no\/\" target=\"_blank\" rel=\"noopener noreferrer\">5 a Dagen<\/a><\/li>\n<li><strong>New Zealand<\/strong> \u2022 <a href=\"https:\/\/www.5aday.co.nz\/\" target=\"_blank\" rel=\"noopener noreferrer\">5 a Day New-Zealand<\/a><\/li>\n<li><strong>Paraguay<\/strong> <strong>\u2022<\/strong> <a href=\"http:\/\/ifava.org\/?fbclid=IwAR0XUtAtGw00zhHBdgBivIQDfvixIscxFqLumquCk4fJ0etcgYQyKtV0fxI\" target=\"_blank\" rel=\"noopener noreferrer\">5 a Day Paraguay<\/a><\/li>\n<li><strong>Peru <\/strong><strong>\u2022<\/strong> <a href=\"http:\/\/www.iin.sld.pe\/\" target=\"_blank\" rel=\"noopener noreferrer\">5 a Day Peru<\/a><\/li>\n<li><strong>Poland<\/strong> \u2022 5 a Day Poland \u2022<a href=\"http:\/\/www.kups.org.pl\/\" target=\"_blank\" rel=\"noopener noreferrer\"> KUPS<\/a><\/li>\n<li><strong>Portugal<\/strong> <strong>\u2022 <\/strong><a href=\"https:\/\/www.facebook.com\/cincoaodia\/\">5 ao dia<\/a><\/li>\n<li><strong>Dominican Republic<\/strong>\n<ul>\n<li><a href=\"https:\/\/www.ciprosrd.org\/\" target=\"_blank\" rel=\"noopener noreferrer\">Cipros<\/a><\/li>\n<li><a href=\"https:\/\/www.dialogoshambrecero.com\/\" target=\"_blank\" rel=\"noopener noreferrer\">Di\u00e1logos Hambre Cero ALyC<\/a><\/li>\n<\/ul>\n<\/li>\n<li><strong>Sweden <\/strong>\u2022 <a href=\"http:\/\/www.lrf.se\/tradgard\" target=\"_blank\" rel=\"noopener noreferrer\">LRF Tr\u00e4dg\u00e5rd<\/a><\/li>\n<li><strong>S<\/strong><strong>witzerland <\/strong>\u2022 <a href=\"http:\/\/www.5amtag.ch\/\" target=\"_blank\" rel=\"noopener noreferrer\">5 am Tag<\/a><\/li>\n<li><strong>Uruguay <\/strong><strong>\u2022<\/strong> <a href=\"https:\/\/agro-educacion-salud.blogspot.com\/?fbclid=IwAR25NlXravr_7twRIlf9WpJvsKW6kcKTBEmilO2fkZDOiYUERQ0ODIdE7vk\" target=\"_blank\" rel=\"noopener noreferrer\">Cinco al dia<\/a><\/li>\n<li><strong>USA<\/strong>\n<ul>\n<li><a href=\"http:\/\/www.fruitsandveggiesmorematters.org\/\" target=\"_blank\" rel=\"noopener noreferrer\">Fruits &amp; Veggies - More Matters<\/a><\/li>\n<li><a href=\"http:\/\/www.unitedfresh.org\/\" target=\"_blank\" rel=\"noopener noreferrer\">United Fresh<\/a><\/li>\n<\/ul>\n<\/li>\n<li><strong>Venezuela<\/strong> \u2022 <a href=\"http:\/\/www.5aldia.org.ve\/\" target=\"_blank\" rel=\"noopener noreferrer\">5 a Day Foundation Venezuela<\/a><\/li>\n<\/ul>\n<\/div>\n<\/div><\/div><\/div><\/div><div id=\"pg-81392-5\"  class=\"panel-grid panel-no-style\" ><div id=\"pgc-81392-5-0\"  class=\"panel-grid-cell\" ><div id=\"panel-81392-5-0-0\" class=\"so-panel widget widget_sow-editor panel-first-child panel-last-child\" data-index=\"10\" ><div\n\t\t\t\n\t\t\tclass=\"so-widget-sow-editor so-widget-sow-editor-base\"\n\t\t\t\n\t\t>\n<div class=\"siteorigin-widget-tinymce textwidget\">\n\t<h3><strong>Associate members<\/strong><\/h3>\n<\/div>\n<\/div><\/div><\/div><\/div><div id=\"pg-81392-6\"  class=\"panel-grid panel-no-style\" ><div id=\"pgc-81392-6-0\"  class=\"panel-grid-cell\" ><div id=\"panel-81392-6-0-0\" class=\"so-panel widget widget_sow-editor panel-first-child panel-last-child\" data-index=\"11\" ><div\n\t\t\t\n\t\t\tclass=\"so-widget-sow-editor so-widget-sow-editor-base\"\n\t\t\t\n\t\t>\n<div class=\"siteorigin-widget-tinymce textwidget\">\n\t<ul>\n<li style=\"font-weight: 400;\" aria-level=\"1\"><a href=\"http:\/\/www.areflh.org\/\"><span style=\"font-weight: 400;\">Assembly of European Horticultural Regions, AREFLH<\/span><\/a><\/li>\n<li style=\"font-weight: 400;\" aria-level=\"1\"><a href=\"http:\/\/fenaomfra.org.ar\/\"><span style=\"font-weight: 400;\">Federaci\u00f3n Nacional de Operadores de Mercados Frutihort\u00edcolas de la Rep\u00fablica Argentina, FENAOMFRA<\/span><\/a><\/li>\n<li style=\"font-weight: 400;\" aria-level=\"1\"><a href=\"http:\/\/www.freshfel.org\/\"><span style=\"font-weight: 400;\">Freshfel Europe<\/span><\/a><\/li>\n<\/ul>\n<\/div>\n<\/div><\/div><\/div><div id=\"pgc-81392-6-1\"  class=\"panel-grid-cell\" ><div id=\"panel-81392-6-1-0\" class=\"so-panel widget widget_sow-editor panel-first-child panel-last-child\" data-index=\"12\" ><div\n\t\t\t\n\t\t\tclass=\"so-widget-sow-editor so-widget-sow-editor-base\"\n\t\t\t\n\t\t>\n<div class=\"siteorigin-widget-tinymce textwidget\">\n\t<ul>\n<li><a href=\"http:\/\/www.eucofel.eu\/\" target=\"_blank\" rel=\"noopener noreferrer\">FruitVegetablesEUROPE - EUCOFEL<\/a><\/li>\n<li><a href=\"http:\/\/www.incap.int\/\" target=\"_blank\" rel=\"noopener noreferrer\">Instituto de Nutrcion de Centro Am\u00e9rica y Panama - INCAP<\/a><\/li>\n<li><a href=\"https:\/\/www.wuwm.org\/\" target=\"_blank\" rel=\"noopener noreferrer\">World Union of Wholesale Markets - WUWM<\/a><\/li>\n<\/ul>\n<\/div>\n<\/div><\/div><\/div><\/div><div id=\"pg-81392-7\"  class=\"panel-grid panel-no-style\" ><div id=\"pgc-81392-7-0\"  class=\"panel-grid-cell\" ><div id=\"panel-81392-7-0-0\" class=\"so-panel widget widget_sow-button panel-first-child panel-last-child\" data-index=\"13\" ><div\n\t\t\t\n\t\t\tclass=\"so-widget-sow-button so-widget-sow-button-atom-f54c0409268f-81392\"\n\t\t\t\n\t\t><div class=\"ow-button-base ow-button-align-center\">\n\t\t\t<a\n\t\t\t\t\thref=\"http:\/\/5aldia.cl\/wp-content\/uploads\/2020\/10\/libro-programas-5-al-dia-2020-ingles-14-oct.pdf\"\n\t\t\t\t\tclass=\"sowb-button ow-icon-placement-left ow-button-hover\" target=\"_blank\" rel=\"noopener noreferrer\" \t>\n\t\t<span>\n\t\t\t\n\t\t\tDiscover the actions undertaken by AIAM5 members (2020 report) \t\t<\/span>\n\t\t\t<\/a>\n\t<\/div>\n<\/div><\/div><\/div><\/div><\/div>","protected":false},"excerpt":{"rendered":"Increasing fruit and vegetable consumption for our health and for the planet Low fruit and vegetable consumption is a major health risk factor, believed by the WHO to have caused 3.9 million deaths in 2017. This underconsumption is a reflection of not only our eating habits but also the food supply chain in general. According [&hellip;]","protected":false},"author":4,"featured_media":0,"parent":0,"menu_order":16,"comment_status":"closed","ping_status":"closed","template":"","meta":{"_acf_changed":false,"footnotes":""},"class_list":["post-81392","page","type-page","status-publish","hentry"],"acf":[],"yoast_head":"<!-- This site is optimized with the Yoast SEO Premium plugin v23.6 (Yoast SEO v23.6) - https:\/\/yoast.com\/wordpress\/plugins\/seo\/ -->\n<title>Fruit and vegetables: Increasing fruit and vegetable consumption for our health and for the planet<\/title>\n<meta name=\"description\" content=\"Discover the actions carried out by Aprifel internationally to promote a healthy diet, rich in fruits and vegetables.\" \/>\n<meta name=\"robots\" content=\"index, follow, max-snippet:-1, max-image-preview:large, max-video-preview:-1\" \/>\n<link rel=\"canonical\" href=\"https:\/\/aprifel-pp.mentalworks.biz\/en\/international-actions\/\" \/>\n<meta property=\"og:locale\" content=\"en_US\" \/>\n<meta property=\"og:type\" content=\"article\" \/>\n<meta property=\"og:title\" content=\"International actions\" \/>\n<meta property=\"og:description\" content=\"International actions\" \/>\n<meta property=\"og:url\" content=\"https:\/\/aprifel-pp.mentalworks.biz\/en\/international-actions\/\" \/>\n<meta property=\"og:site_name\" content=\"Aprifel\" \/>\n<meta property=\"article:modified_time\" content=\"2024-08-08T08:41:21+00:00\" \/>\n<meta name=\"twitter:card\" content=\"summary_large_image\" \/>\n<meta name=\"twitter:label1\" content=\"Est. reading time\" \/>\n\t<meta name=\"twitter:data1\" content=\"4 minutes\" \/>\n<script type=\"application\/ld+json\" class=\"yoast-schema-graph\">{\"@context\":\"https:\/\/schema.org\",\"@graph\":[{\"@type\":\"WebPage\",\"@id\":\"https:\/\/aprifel-pp.mentalworks.biz\/en\/international-actions\/\",\"url\":\"https:\/\/aprifel-pp.mentalworks.biz\/en\/international-actions\/\",\"name\":\"Fruit and vegetables: Increasing fruit and vegetable consumption for our health and for the planet\",\"isPartOf\":{\"@id\":\"https:\/\/www.aprifel.com\/fr\/#website\"},\"datePublished\":\"2019-09-05T10:20:13+00:00\",\"dateModified\":\"2024-08-08T08:41:21+00:00\",\"description\":\"Discover the actions carried out by Aprifel internationally to promote a healthy diet, rich in fruits and vegetables.\",\"breadcrumb\":{\"@id\":\"https:\/\/aprifel-pp.mentalworks.biz\/en\/international-actions\/#breadcrumb\"},\"inLanguage\":\"en-US\",\"potentialAction\":[{\"@type\":\"ReadAction\",\"target\":[\"https:\/\/aprifel-pp.mentalworks.biz\/en\/international-actions\/\"]}]},{\"@type\":\"BreadcrumbList\",\"@id\":\"https:\/\/aprifel-pp.mentalworks.biz\/en\/international-actions\/#breadcrumb\",\"itemListElement\":[{\"@type\":\"ListItem\",\"position\":1,\"name\":\"Home\",\"item\":\"https:\/\/www.aprifel.com\/en\/\"},{\"@type\":\"ListItem\",\"position\":2,\"name\":\"International actions\"}]},{\"@type\":\"WebSite\",\"@id\":\"https:\/\/www.aprifel.com\/fr\/#website\",\"url\":\"https:\/\/www.aprifel.com\/fr\/\",\"name\":\"Aprifel\",\"description\":\"Agence pour la Recherche et l\u2019Information en Fruits et L\u00e9gumes\",\"potentialAction\":[{\"@type\":\"SearchAction\",\"target\":{\"@type\":\"EntryPoint\",\"urlTemplate\":\"https:\/\/www.aprifel.com\/fr\/?s={search_term_string}\"},\"query-input\":{\"@type\":\"PropertyValueSpecification\",\"valueRequired\":true,\"valueName\":\"search_term_string\"}}],\"inLanguage\":\"en-US\"}]}<\/script>\n<!-- \/ Yoast SEO Premium plugin. -->","yoast_head_json":{"title":"Fruit and vegetables: Increasing fruit and vegetable consumption for our health and for the planet","description":"Discover the actions carried out by Aprifel internationally to promote a healthy diet, rich in fruits and vegetables.","robots":{"index":"index","follow":"follow","max-snippet":"max-snippet:-1","max-image-preview":"max-image-preview:large","max-video-preview":"max-video-preview:-1"},"canonical":"https:\/\/aprifel-pp.mentalworks.biz\/en\/international-actions\/","og_locale":"en_US","og_type":"article","og_title":"International actions","og_description":"International actions","og_url":"https:\/\/aprifel-pp.mentalworks.biz\/en\/international-actions\/","og_site_name":"Aprifel","article_modified_time":"2024-08-08T08:41:21+00:00","twitter_card":"summary_large_image","twitter_misc":{"Est. reading time":"4 minutes"},"schema":{"@context":"https:\/\/schema.org","@graph":[{"@type":"WebPage","@id":"https:\/\/aprifel-pp.mentalworks.biz\/en\/international-actions\/","url":"https:\/\/aprifel-pp.mentalworks.biz\/en\/international-actions\/","name":"Fruit and vegetables: Increasing fruit and vegetable consumption for our health and for the planet","isPartOf":{"@id":"https:\/\/www.aprifel.com\/fr\/#website"},"datePublished":"2019-09-05T10:20:13+00:00","dateModified":"2024-08-08T08:41:21+00:00","description":"Discover the actions carried out by Aprifel internationally to promote a healthy diet, rich in fruits and vegetables.","breadcrumb":{"@id":"https:\/\/aprifel-pp.mentalworks.biz\/en\/international-actions\/#breadcrumb"},"inLanguage":"en-US","potentialAction":[{"@type":"ReadAction","target":["https:\/\/aprifel-pp.mentalworks.biz\/en\/international-actions\/"]}]},{"@type":"BreadcrumbList","@id":"https:\/\/aprifel-pp.mentalworks.biz\/en\/international-actions\/#breadcrumb","itemListElement":[{"@type":"ListItem","position":1,"name":"Home","item":"https:\/\/www.aprifel.com\/en\/"},{"@type":"ListItem","position":2,"name":"International actions"}]},{"@type":"WebSite","@id":"https:\/\/www.aprifel.com\/fr\/#website","url":"https:\/\/www.aprifel.com\/fr\/","name":"Aprifel","description":"Agence pour la Recherche et l\u2019Information en Fruits et L\u00e9gumes","potentialAction":[{"@type":"SearchAction","target":{"@type":"EntryPoint","urlTemplate":"https:\/\/www.aprifel.com\/fr\/?s={search_term_string}"},"query-input":{"@type":"PropertyValueSpecification","valueRequired":true,"valueName":"search_term_string"}}],"inLanguage":"en-US"}]}},"_links":{"self":[{"href":"https:\/\/aprifel-pp.mentalworks.biz\/en\/wp-json\/wp\/v2\/pages\/81392"}],"collection":[{"href":"https:\/\/aprifel-pp.mentalworks.biz\/en\/wp-json\/wp\/v2\/pages"}],"about":[{"href":"https:\/\/aprifel-pp.mentalworks.biz\/en\/wp-json\/wp\/v2\/types\/page"}],"author":[{"embeddable":true,"href":"https:\/\/aprifel-pp.mentalworks.biz\/en\/wp-json\/wp\/v2\/users\/4"}],"replies":[{"embeddable":true,"href":"https:\/\/aprifel-pp.mentalworks.biz\/en\/wp-json\/wp\/v2\/comments?post=81392"}],"version-history":[{"count":26,"href":"https:\/\/aprifel-pp.mentalworks.biz\/en\/wp-json\/wp\/v2\/pages\/81392\/revisions"}],"predecessor-version":[{"id":98759,"href":"https:\/\/aprifel-pp.mentalworks.biz\/en\/wp-json\/wp\/v2\/pages\/81392\/revisions\/98759"}],"wp:attachment":[{"href":"https:\/\/aprifel-pp.mentalworks.biz\/en\/wp-json\/wp\/v2\/media?parent=81392"}],"curies":[{"name":"wp","href":"https:\/\/api.w.org\/{rel}","templated":true}]}}