{"id":64915,"date":"2019-02-20T15:24:47","date_gmt":"2019-02-20T14:24:47","guid":{"rendered":"https:\/\/aprifel-pp.mentalworks.biz\/partenaires\/"},"modified":"2024-08-08T10:51:41","modified_gmt":"2024-08-08T08:51:41","slug":"partners","status":"publish","type":"page","link":"https:\/\/aprifel-pp.mentalworks.biz\/en\/partners\/","title":{"rendered":"Our partners"},"content":{"rendered":"\n<h4 class=\"wp-block-heading\" id=\"h-because-of-the-nature-of-its-work-aprifel-is-in-contact-with-a-diverse-range-of-stakeholders-learned-societies-research-organisations-health-authorities-consumer-associations-players-in-the-fruit-and-vegetable-and-food-sectors-ngos-etc-aprifel-carries-out-actions-with-these-stakeholders-to-produce-knowledge-and-provide-information-on-the-place-of-fruits-and-vegetables-in-a-healthy-and-sustainable-diet\">Because of the nature of its work, Aprifel is in contact with a diverse range of stakeholders: learned societies, research organisations, health authorities, consumer associations, players in the fruit and vegetable and food sectors, NGOs, etc. Aprifel carries out actions with these stakeholders to produce knowledge and provide information on the place of fruits and vegetables in a healthy and sustainable diet.\u00a0<\/h4>\n\n\n\n\n\n<h2 class=\"wp-block-heading\"><span style=\"font-weight: 400;\">Scientists<\/span><\/h2>\n\n\n\n<ul class=\"wp-block-list\">\n<li><span style=\"font-weight: 400;\"><strong>Research organisations and bodies:<\/strong> INRAE, Pasteur Institute of Lille, CEA, INSERM, Universities, ANSES, University of Lyon, etc.\u00a0<\/span><\/li>\n\n\n\n<li><span style=\"font-weight: 400;\"><strong>Associations and learned societies:<\/strong> French Society of Nutrition, French Academy of Agriculture, the irritable bowel syndrome patients&#8217; association, the French diabetics&#8217; association,\u00a0 European associations of family doctors (WONCA Europe) and paediatricians (ECOG).<\/span><\/li>\n<\/ul>\n\n\n\n<h2 class=\"wp-block-heading\"><span style=\"font-weight: 400;\">Health professionals and healthcare facilities:<\/span><\/h2>\n\n\n\n<p><span style=\"font-weight: 400;\">Doctors, dieticians, maternal and child welfare centres.&nbsp;<\/span><\/p>\n\n\n\n<h2 class=\"wp-block-heading\"><span style=\"font-weight: 400;\">Civil society:&nbsp;<\/span><\/h2>\n\n\n\n<p><strong>Consumer associations:<\/strong> Familles de France, Familles Rurales, <span class='tooltipsall tooltip_post_id_80959 classtoolTips80959'>ULCC<\/span> (Union La\u00efque et Citoyenne des Consommateurs), etc.<\/p>\n\n\n\n<h2 class=\"wp-block-heading\"><span style=\"font-weight: 400;\">Fruit and vegetable professionals<\/span><\/h2>\n\n\n\n<p><strong>Among the Aprifel&#8217;s partners :<\/strong><\/p>\n\n\n\n<ul class=\"wp-block-list\">\n<li><a href=\"http:\/\/ifava.org\/\" target=\"_blank\" rel=\"noreferrer noopener\">AIAM5 &#8211; l&#8217;Alliance internationale des fruits et l\u00e9gumes<\/a><\/li>\n\n\n\n<li><a href=\"http:\/\/www.afdn.org\/\" target=\"_blank\" rel=\"noreferrer noopener\">AFDN &#8211; Association Fran\u00e7aise des Diet\u00e9ticiens Nutritionnistes<\/a><\/li>\n\n\n\n<li><a href=\"https:\/\/www.leolagrange-conso.org\/\" target=\"_blank\" rel=\"noreferrer noopener\">ALLDC &#8211; Association L\u00e9o-Lagrange pour la D\u00e9fense des Consommateurs<\/a><\/li>\n\n\n\n<li><a href=\"http:\/\/www.anses.fr\">Anses &#8211; l&#8217;Agence nationale de s\u00e9curit\u00e9 sanitaire de l&#8217;alimentation, de l&#8217;environnement et du travail<\/a><\/li>\n\n\n\n<li><a href=\"https:\/\/apssii.org\/presentation-de-lapssii\/nos-partenaires\/\">APSSII &#8211; Association des patients souffrant du syndrome de l\u2019intestin irritable<\/a><\/li>\n\n\n\n<li><a href=\"https:\/\/www.clcv.org\" target=\"_blank\" rel=\"noreferrer noopener\">CLCV &#8211; Conf\u00e9d\u00e9ration de la Consommation du Logement et du Cadre de Vie<\/a><\/li>\n\n\n\n<li><a href=\"https:\/\/lyon-est.univ-lyon1.fr\/formation\/des-medecine-generale\/college-universitaire-de-medecine-generale-cumg\" target=\"_blank\" rel=\"noreferrer noopener\">Coll\u00e8ge Universitaire de m\u00e9decine g\u00e9n\u00e9rale &#8211; Universit\u00e9 Lyon 1<\/a><\/li>\n\n\n\n<li><a href=\"https:\/\/www.ecog-obesity.eu\">ECOG &#8211; Groupe europ\u00e9en sur l&#8217;ob\u00e9sit\u00e9 infantile<\/a><\/li>\n\n\n\n<li><a href=\"https:\/\/www.federationdesdiabetiques.org\/federation\/partenaires\/associations-et-organismes-professionnels\">FFD &#8211; F\u00e9d\u00e9ration Fran\u00e7aise des diab\u00e9tiques<\/a><\/li>\n\n\n\n<li><a href=\"http:\/\/www.familles-de-france.org\/fr\" target=\"_blank\" rel=\"noreferrer noopener\">Familles de France<\/a><\/li>\n\n\n\n<li><a href=\"https:\/\/www.famillesrurales.org\/\" target=\"_blank\" rel=\"noreferrer noopener\">Familles Rurales<\/a><\/li>\n\n\n\n<li><a href=\"https:\/\/freshfel.org\/\" target=\"_blank\" rel=\"noreferrer noopener\">Freshfel Europe<\/a><\/li>\n\n\n\n<li><a href=\"https:\/\/pasteur-lille.fr\/\" target=\"_blank\" rel=\"noreferrer noopener\">Institut Pasteur de Lille<\/a><\/li>\n\n\n\n<li><a href=\"https:\/\/sf-nutrition.fr\/\" target=\"_blank\" rel=\"noreferrer noopener\">Soci\u00e9t\u00e9 fran\u00e7aise de nutrition<\/a><\/li>\n\n\n\n<li><a href=\"https:\/\/www.woncaeurope.org\/\" target=\"_blank\" rel=\"noreferrer noopener\">WONCA Europe<\/a><\/li>\n<\/ul>\n","protected":false},"excerpt":{"rendered":"Because of the nature of its work, Aprifel is in contact with a diverse range of stakeholders: learned societies, research organisations, health authorities, consumer associations, players in the fruit and vegetable and food sectors, NGOs, etc. Aprifel carries out actions with these stakeholders to produce knowledge and provide information on the place of fruits and [&hellip;]","protected":false},"author":22,"featured_media":0,"parent":0,"menu_order":44,"comment_status":"closed","ping_status":"closed","template":"","meta":{"_acf_changed":false,"footnotes":""},"class_list":["post-64915","page","type-page","status-publish","hentry"],"acf":[],"yoast_head":"<!-- This site is optimized with the Yoast SEO Premium plugin v23.6 (Yoast SEO v23.6) - https:\/\/yoast.com\/wordpress\/plugins\/seo\/ -->\n<title>Our partners - Aprifel<\/title>\n<meta name=\"description\" content=\"Our partners - Aprifel\" \/>\n<meta name=\"robots\" content=\"index, follow, max-snippet:-1, max-image-preview:large, max-video-preview:-1\" \/>\n<link rel=\"canonical\" href=\"https:\/\/aprifel-pp.mentalworks.biz\/en\/partners\/\" \/>\n<meta property=\"og:locale\" content=\"en_US\" \/>\n<meta property=\"og:type\" content=\"article\" \/>\n<meta property=\"og:title\" content=\"Our partners\" \/>\n<meta property=\"og:description\" content=\"Our partners\" \/>\n<meta property=\"og:url\" content=\"https:\/\/aprifel-pp.mentalworks.biz\/en\/partners\/\" \/>\n<meta property=\"og:site_name\" content=\"Aprifel\" \/>\n<meta property=\"article:modified_time\" content=\"2024-08-08T08:51:41+00:00\" \/>\n<meta name=\"twitter:card\" content=\"summary_large_image\" \/>\n<meta name=\"twitter:label1\" content=\"Est. reading time\" \/>\n\t<meta name=\"twitter:data1\" content=\"2 minutes\" \/>\n<script type=\"application\/ld+json\" class=\"yoast-schema-graph\">{\"@context\":\"https:\/\/schema.org\",\"@graph\":[{\"@type\":\"WebPage\",\"@id\":\"https:\/\/aprifel-pp.mentalworks.biz\/en\/partners\/\",\"url\":\"https:\/\/aprifel-pp.mentalworks.biz\/en\/partners\/\",\"name\":\"Our partners - Aprifel\",\"isPartOf\":{\"@id\":\"https:\/\/www.aprifel.com\/fr\/#website\"},\"datePublished\":\"2019-02-20T14:24:47+00:00\",\"dateModified\":\"2024-08-08T08:51:41+00:00\",\"description\":\"Our partners - Aprifel\",\"breadcrumb\":{\"@id\":\"https:\/\/aprifel-pp.mentalworks.biz\/en\/partners\/#breadcrumb\"},\"inLanguage\":\"en-US\",\"potentialAction\":[{\"@type\":\"ReadAction\",\"target\":[\"https:\/\/aprifel-pp.mentalworks.biz\/en\/partners\/\"]}]},{\"@type\":\"BreadcrumbList\",\"@id\":\"https:\/\/aprifel-pp.mentalworks.biz\/en\/partners\/#breadcrumb\",\"itemListElement\":[{\"@type\":\"ListItem\",\"position\":1,\"name\":\"Home\",\"item\":\"https:\/\/www.aprifel.com\/en\/\"},{\"@type\":\"ListItem\",\"position\":2,\"name\":\"Our partners\"}]},{\"@type\":\"WebSite\",\"@id\":\"https:\/\/www.aprifel.com\/fr\/#website\",\"url\":\"https:\/\/www.aprifel.com\/fr\/\",\"name\":\"Aprifel\",\"description\":\"Agence pour la Recherche et l\u2019Information en Fruits et L\u00e9gumes\",\"potentialAction\":[{\"@type\":\"SearchAction\",\"target\":{\"@type\":\"EntryPoint\",\"urlTemplate\":\"https:\/\/www.aprifel.com\/fr\/?s={search_term_string}\"},\"query-input\":{\"@type\":\"PropertyValueSpecification\",\"valueRequired\":true,\"valueName\":\"search_term_string\"}}],\"inLanguage\":\"en-US\"}]}<\/script>\n<!-- \/ Yoast SEO Premium plugin. -->","yoast_head_json":{"title":"Our partners - Aprifel","description":"Our partners - Aprifel","robots":{"index":"index","follow":"follow","max-snippet":"max-snippet:-1","max-image-preview":"max-image-preview:large","max-video-preview":"max-video-preview:-1"},"canonical":"https:\/\/aprifel-pp.mentalworks.biz\/en\/partners\/","og_locale":"en_US","og_type":"article","og_title":"Our partners","og_description":"Our partners","og_url":"https:\/\/aprifel-pp.mentalworks.biz\/en\/partners\/","og_site_name":"Aprifel","article_modified_time":"2024-08-08T08:51:41+00:00","twitter_card":"summary_large_image","twitter_misc":{"Est. reading time":"2 minutes"},"schema":{"@context":"https:\/\/schema.org","@graph":[{"@type":"WebPage","@id":"https:\/\/aprifel-pp.mentalworks.biz\/en\/partners\/","url":"https:\/\/aprifel-pp.mentalworks.biz\/en\/partners\/","name":"Our partners - Aprifel","isPartOf":{"@id":"https:\/\/www.aprifel.com\/fr\/#website"},"datePublished":"2019-02-20T14:24:47+00:00","dateModified":"2024-08-08T08:51:41+00:00","description":"Our partners - Aprifel","breadcrumb":{"@id":"https:\/\/aprifel-pp.mentalworks.biz\/en\/partners\/#breadcrumb"},"inLanguage":"en-US","potentialAction":[{"@type":"ReadAction","target":["https:\/\/aprifel-pp.mentalworks.biz\/en\/partners\/"]}]},{"@type":"BreadcrumbList","@id":"https:\/\/aprifel-pp.mentalworks.biz\/en\/partners\/#breadcrumb","itemListElement":[{"@type":"ListItem","position":1,"name":"Home","item":"https:\/\/www.aprifel.com\/en\/"},{"@type":"ListItem","position":2,"name":"Our partners"}]},{"@type":"WebSite","@id":"https:\/\/www.aprifel.com\/fr\/#website","url":"https:\/\/www.aprifel.com\/fr\/","name":"Aprifel","description":"Agence pour la Recherche et l\u2019Information en Fruits et L\u00e9gumes","potentialAction":[{"@type":"SearchAction","target":{"@type":"EntryPoint","urlTemplate":"https:\/\/www.aprifel.com\/fr\/?s={search_term_string}"},"query-input":{"@type":"PropertyValueSpecification","valueRequired":true,"valueName":"search_term_string"}}],"inLanguage":"en-US"}]}},"_links":{"self":[{"href":"https:\/\/aprifel-pp.mentalworks.biz\/en\/wp-json\/wp\/v2\/pages\/64915"}],"collection":[{"href":"https:\/\/aprifel-pp.mentalworks.biz\/en\/wp-json\/wp\/v2\/pages"}],"about":[{"href":"https:\/\/aprifel-pp.mentalworks.biz\/en\/wp-json\/wp\/v2\/types\/page"}],"author":[{"embeddable":true,"href":"https:\/\/aprifel-pp.mentalworks.biz\/en\/wp-json\/wp\/v2\/users\/22"}],"replies":[{"embeddable":true,"href":"https:\/\/aprifel-pp.mentalworks.biz\/en\/wp-json\/wp\/v2\/comments?post=64915"}],"version-history":[{"count":7,"href":"https:\/\/aprifel-pp.mentalworks.biz\/en\/wp-json\/wp\/v2\/pages\/64915\/revisions"}],"predecessor-version":[{"id":98761,"href":"https:\/\/aprifel-pp.mentalworks.biz\/en\/wp-json\/wp\/v2\/pages\/64915\/revisions\/98761"}],"wp:attachment":[{"href":"https:\/\/aprifel-pp.mentalworks.biz\/en\/wp-json\/wp\/v2\/media?parent=64915"}],"curies":[{"name":"wp","href":"https:\/\/api.w.org\/{rel}","templated":true}]}}